{"id":33821,"date":"2025-02-20T22:35:38","date_gmt":"2025-02-20T22:35:38","guid":{"rendered":"http:\/\/olemosaic.com\/producto\/funda-de-telefono-para-samsung-a14-tpu-abstracto-azul\/"},"modified":"2025-07-25T20:29:04","modified_gmt":"2025-07-25T18:29:04","slug":"coque-de-telephone-pour-samsung-a14-tpu-abstrait-bleu","status":"publish","type":"product","link":"https:\/\/olemosaic.com\/fr\/produit\/coque-de-telephone-pour-samsung-a14-tpu-abstrait-bleu\/","title":{"rendered":"Coque de t\u00e9l\u00e9phone pour Samsung A14 (TPU). Abstrait. Bleu"},"content":{"rendered":"<p>Coque de t\u00e9l\u00e9phone pour Samsung A14 avec un design abstrait dans les tons bleus et multicolores. Cette coque \u00e9l\u00e9gante, fabriqu\u00e9e avec un mat\u00e9riau TPU de haute qualit\u00e9, combine un motif vibrant de losanges qui se d\u00e9ploie dans un spectre fascinant de couleurs, du jaune vif au vert intense et au bleu profond, apportant une touche moderne et contemporaine. La texture douce du mat\u00e9riau offre non seulement une esth\u00e9tique attrayante, mais garantit \u00e9galement une excellente protection contre les impacts et les rayures, ce qui en fait un choix id\u00e9al pour ceux qui souhaitent prot\u00e9ger leur appareil sans sacrifier le style. Ce design, qui repr\u00e9sente l&rsquo;art abstrait contemporain, est parfait pour ceux qui recherchent un souvenir fonctionnel et design. Chez Ol\u00e9 Mosaic, distributeur d&rsquo;articles de cadeaux touristiques en gros, cette coque est une option exceptionnelle pour les boutiques cherchant \u00e0 proposer des produits authentiques et de qualit\u00e9. Avec cette coque pour Samsung A14, les touristes pourront emporter avec eux un fragment de style moderne et \u00e9l\u00e9gant, devenant un excellent souvenir de leur voyage.<\/p>\n","protected":false},"excerpt":{"rendered":"<p>Coque pour t\u00e9l\u00e9phone Samsung A14 fabriqu\u00e9e en TPU avec un design abstrait dans les tons bleus et multicolores. La coque pr\u00e9sente un \u00e9l\u00e9gant motif de losanges combinant des nuances de jaune, vert et bleu, apportant un style moderne et vibrant. Son mat\u00e9riau de haute qualit\u00e9 offre une protection contre les impacts et les rayures, parfaite pour ceux qui cherchent \u00e0 prot\u00e9ger leur appareil tout en conservant une esth\u00e9tique attrayante et contemporaine. Id\u00e9al pour se d\u00e9marquer en toute occasion.<\/p>\n","protected":false},"featured_media":12550,"template":"","meta":{"_acf_changed":false},"product_brand":[],"product_cat":[674],"product_tag":[],"class_list":{"0":"post-33821","1":"product","2":"type-product","3":"status-publish","4":"has-post-thumbnail","6":"product_cat-etuis-pour-telephones-portables","7":"pa_motivo-resume","9":"first","10":"instock","11":"shipping-taxable","12":"product-type-simple"},"acf":[],"_links":{"self":[{"href":"https:\/\/olemosaic.com\/fr\/wp-json\/wp\/v2\/product\/33821","targetHints":{"allow":["GET"]}}],"collection":[{"href":"https:\/\/olemosaic.com\/fr\/wp-json\/wp\/v2\/product"}],"about":[{"href":"https:\/\/olemosaic.com\/fr\/wp-json\/wp\/v2\/types\/product"}],"wp:featuredmedia":[{"embeddable":true,"href":"https:\/\/olemosaic.com\/fr\/wp-json\/wp\/v2\/media\/12550"}],"wp:attachment":[{"href":"https:\/\/olemosaic.com\/fr\/wp-json\/wp\/v2\/media?parent=33821"}],"wp:term":[{"taxonomy":"product_brand","embeddable":true,"href":"https:\/\/olemosaic.com\/fr\/wp-json\/wp\/v2\/product_brand?post=33821"},{"taxonomy":"product_cat","embeddable":true,"href":"https:\/\/olemosaic.com\/fr\/wp-json\/wp\/v2\/product_cat?post=33821"},{"taxonomy":"product_tag","embeddable":true,"href":"https:\/\/olemosaic.com\/fr\/wp-json\/wp\/v2\/product_tag?post=33821"}],"curies":[{"name":"wp","href":"https:\/\/api.w.org\/{rel}","templated":true}]}}