{"id":33820,"date":"2025-02-20T22:35:38","date_gmt":"2025-02-20T22:35:38","guid":{"rendered":"http:\/\/olemosaic.com\/producto\/funda-de-telefono-para-samsung-a13-tpu-gato-barcelona-blanco\/"},"modified":"2025-07-25T18:41:26","modified_gmt":"2025-07-25T16:41:26","slug":"coque-de-telephone-pour-samsung-a13-tpu-chat-barcelone-blanc","status":"publish","type":"product","link":"https:\/\/olemosaic.com\/fr\/produit\/coque-de-telephone-pour-samsung-a13-tpu-chat-barcelone-blanc\/","title":{"rendered":"Coque de t\u00e9l\u00e9phone pour Samsung A13 (TPU). Chat. Barcelone. Blanc"},"content":{"rendered":"<p>Coque pour Samsung A13 inspir\u00e9e de Barcelone<\/p>\n<p>D\u00e9couvrez notre coque pour Samsung A13, un accessoire unique qui fusionne esth\u00e9tique et fonctionnalit\u00e9. Fabriqu\u00e9e en TPU de haute qualit\u00e9, cette coque offre une protection exceptionnelle contre les chocs et les rayures, garantissant que votre appareil reste impeccable. Son design vibrant pr\u00e9sente un charmant chat dans une mosa\u00efque \u00e9voquant l&rsquo;\u0153uvre magistrale du c\u00e9l\u00e8bre Antoni Gaud\u00ed. Le fond blanc simule une mosa\u00efque architecturale, mettant en valeur la figure du chat, dont les formes g\u00e9om\u00e9triques brillent de tons rouges, verts et bleus, cr\u00e9ant un effet visuel captivant.<\/p>\n<p>L&rsquo;incorporation de papillons color\u00e9s ajoute une touche dynamique et joyeuse, tandis que l&rsquo;\u00e9l\u00e9gante inscription \u00ab\u00a0Barcelona\u00a0\u00bb souligne la connexion culturelle, faisant de cette coque un authentique souvenir de la ville. Id\u00e9ale pour ceux qui souhaitent emporter un fragment de la cr\u00e9ativit\u00e9 et de l&rsquo;art catalan, cette coque ne prot\u00e8ge pas seulement le t\u00e9l\u00e9phone, mais symbolise \u00e9galement le riche h\u00e9ritage culturel de Barcelone.<\/p>\n<p>Ol\u00e9 Mosaic est fier de proposer des produits authentiques et de qualit\u00e9 en gros, et cette coque est une excellente option pour les boutiques de cadeaux touristiques \u00e0 la recherche d&rsquo;articles distinctifs et pertinents. Avec notre coque chat, vos clients pourront emporter un souvenir iconique et repr\u00e9sentatif de Barcelone partout o\u00f9 ils iront.<\/p>\n","protected":false},"excerpt":{"rendered":"<p>Coque pour t\u00e9l\u00e9phone Samsung A13 fabriqu\u00e9e en TPU, avec un design vibrant d&rsquo;un chat et de papillons color\u00e9s. Inspir\u00e9e de l&rsquo;\u0153uvre du c\u00e9l\u00e8bre artiste Antoni Gaud\u00ed, elle pr\u00e9sente un fond blanc simulant une mosa\u00efque, accentu\u00e9 par les formes g\u00e9om\u00e9triques du chat dans les tons rouges, verts et bleus. Le mot \u00ab\u00a0Barcelone\u00a0\u00bb est \u00e9l\u00e9gamment imprim\u00e9, ajoutant une touche distinctive et culturelle \u00e0 cet accessoire pratique. Id\u00e9al pour ceux qui souhaitent combiner protection et style.<\/p>\n","protected":false},"featured_media":12504,"template":"","meta":{"_acf_changed":false},"product_brand":[],"product_cat":[674],"product_tag":[530],"class_list":{"0":"post-33820","1":"product","2":"type-product","3":"status-publish","4":"has-post-thumbnail","6":"product_cat-etuis-pour-telephones-portables","7":"product_tag-animaux","8":"pa_ciudad-barcelona","9":"pa_motivo-chats","10":"pa_pais-espana","12":"first","13":"instock","14":"shipping-taxable","15":"product-type-simple"},"acf":[],"_links":{"self":[{"href":"https:\/\/olemosaic.com\/fr\/wp-json\/wp\/v2\/product\/33820","targetHints":{"allow":["GET"]}}],"collection":[{"href":"https:\/\/olemosaic.com\/fr\/wp-json\/wp\/v2\/product"}],"about":[{"href":"https:\/\/olemosaic.com\/fr\/wp-json\/wp\/v2\/types\/product"}],"wp:featuredmedia":[{"embeddable":true,"href":"https:\/\/olemosaic.com\/fr\/wp-json\/wp\/v2\/media\/12504"}],"wp:attachment":[{"href":"https:\/\/olemosaic.com\/fr\/wp-json\/wp\/v2\/media?parent=33820"}],"wp:term":[{"taxonomy":"product_brand","embeddable":true,"href":"https:\/\/olemosaic.com\/fr\/wp-json\/wp\/v2\/product_brand?post=33820"},{"taxonomy":"product_cat","embeddable":true,"href":"https:\/\/olemosaic.com\/fr\/wp-json\/wp\/v2\/product_cat?post=33820"},{"taxonomy":"product_tag","embeddable":true,"href":"https:\/\/olemosaic.com\/fr\/wp-json\/wp\/v2\/product_tag?post=33820"}],"curies":[{"name":"wp","href":"https:\/\/api.w.org\/{rel}","templated":true}]}}