{"id":33819,"date":"2025-02-20T22:35:37","date_gmt":"2025-02-20T22:35:37","guid":{"rendered":"http:\/\/olemosaic.com\/producto\/funda-de-telefono-para-samsung-a13-tpu-sagrada-familia-barcelona-azul\/"},"modified":"2025-07-25T20:03:52","modified_gmt":"2025-07-25T18:03:52","slug":"coque-de-telephone-pour-samsung-a13-tpu-sagrada-familia-barcelone-bleu","status":"publish","type":"product","link":"https:\/\/olemosaic.com\/fr\/produit\/coque-de-telephone-pour-samsung-a13-tpu-sagrada-familia-barcelone-bleu\/","title":{"rendered":"Coque de t\u00e9l\u00e9phone pour Samsung A13 (TPU). Sagrada Familia. Barcelone. Bleu"},"content":{"rendered":"<p>Coque de t\u00e9l\u00e9phone pour Samsung A13 d\u00e9cor\u00e9e d&rsquo;une impressionnante illustration de la Sagrada Familia, ic\u00f4ne architecturale de Barcelone, c&rsquo;est l&rsquo;accessoire id\u00e9al pour ceux qui cherchent \u00e0 emporter avec eux un morceau de la culture catalane. Fabriqu\u00e9e en mat\u00e9riau TPU, cette coque offre non seulement une protection robuste pour votre appareil, mais se distingue \u00e9galement par son design vibrant qui capture les toits et les tours embl\u00e9matiques de cette magnifique basilique. La palette de couleurs bleues et chaudes \u00e9voque les tons du ciel et des pierres qui composent la Sagrada Familia, tandis que la mosa\u00efque qui encadre l&rsquo;illustration renvoie au style moderniste d&rsquo;Antoni Gaud\u00ed, avec ses formes organiques et color\u00e9es.<\/p>\n<p>Au-del\u00e0 de son attrait visuel, le mot \u00ab\u00a0Barcelona\u00a0\u00bb ressort en bas, faisant de cette coque un souvenir repr\u00e9sentatif de la ville qui abrite ce chef-d&rsquo;\u0153uvre de l&rsquo;architecture. Ce produit n&rsquo;est pas seulement un accessoire fonctionnel, mais aussi un authentique souvenir qui symbolise l&rsquo;h\u00e9ritage culturel de Barcelone, id\u00e9al pour les touristes et les amoureux de la ville.<\/p>\n<p>Chez Ol\u00e9 Mosaic, nous nous sp\u00e9cialisons dans la distribution de souvenirs en gros, et cette coque de t\u00e9l\u00e9phone est une excellente option pour les boutiques de cadeaux touristiques \u00e0 la recherche de produits authentiques et de qualit\u00e9, refl\u00e9tant l&rsquo;esprit de Barcelone dans chaque d\u00e9tail. Avec notre offre d&rsquo;accessoires en gros, nous garantissons design, durabilit\u00e9 et une touche de culture dans chaque pi\u00e8ce.<\/p>\n","protected":false},"excerpt":{"rendered":"<p>Coque pour le t\u00e9l\u00e9phone Samsung A13 en TPU, d\u00e9cor\u00e9e d&rsquo;une illustration vibrante de la Sagrada Familia de Barcelone. Le design pr\u00e9sente une palette de couleurs bleues et chaudes, repr\u00e9sentant les toits et les tours embl\u00e9matiques de cette basilique iconique, entour\u00e9e d&rsquo;une mosa\u00efque \u00e9voquant le style moderniste de Gaud\u00ed. Le mot &lsquo;Barcelone&rsquo; se distingue en bas, faisant de cette coque un accessoire attrayant et repr\u00e9sentatif de la ville.<\/p>\n","protected":false},"featured_media":12525,"template":"","meta":{"_acf_changed":false},"product_brand":[],"product_cat":[674],"product_tag":[],"class_list":{"0":"post-33819","1":"product","2":"type-product","3":"status-publish","4":"has-post-thumbnail","6":"product_cat-etuis-pour-telephones-portables","7":"pa_ciudad-barcelona","8":"pa_motivo-sagrada-familia","9":"pa_pais-espana","11":"first","12":"instock","13":"shipping-taxable","14":"product-type-simple"},"acf":[],"_links":{"self":[{"href":"https:\/\/olemosaic.com\/fr\/wp-json\/wp\/v2\/product\/33819","targetHints":{"allow":["GET"]}}],"collection":[{"href":"https:\/\/olemosaic.com\/fr\/wp-json\/wp\/v2\/product"}],"about":[{"href":"https:\/\/olemosaic.com\/fr\/wp-json\/wp\/v2\/types\/product"}],"wp:featuredmedia":[{"embeddable":true,"href":"https:\/\/olemosaic.com\/fr\/wp-json\/wp\/v2\/media\/12525"}],"wp:attachment":[{"href":"https:\/\/olemosaic.com\/fr\/wp-json\/wp\/v2\/media?parent=33819"}],"wp:term":[{"taxonomy":"product_brand","embeddable":true,"href":"https:\/\/olemosaic.com\/fr\/wp-json\/wp\/v2\/product_brand?post=33819"},{"taxonomy":"product_cat","embeddable":true,"href":"https:\/\/olemosaic.com\/fr\/wp-json\/wp\/v2\/product_cat?post=33819"},{"taxonomy":"product_tag","embeddable":true,"href":"https:\/\/olemosaic.com\/fr\/wp-json\/wp\/v2\/product_tag?post=33819"}],"curies":[{"name":"wp","href":"https:\/\/api.w.org\/{rel}","templated":true}]}}