{"id":33806,"date":"2025-02-20T22:35:36","date_gmt":"2025-02-20T22:35:36","guid":{"rendered":"http:\/\/olemosaic.com\/producto\/funda-de-telefono-para-samsung-a12-tpu-punt-de-trobada-barcelona-blanco\/"},"modified":"2025-07-25T23:43:49","modified_gmt":"2025-07-25T21:43:49","slug":"coque-de-telephone-pour-samsung-a12-tpu-point-de-rencontre-barcelone-blanc","status":"publish","type":"product","link":"https:\/\/olemosaic.com\/fr\/produit\/coque-de-telephone-pour-samsung-a12-tpu-point-de-rencontre-barcelone-blanc\/","title":{"rendered":"Coque de t\u00e9l\u00e9phone pour Samsung A12 (TPU). Point de rencontre. Barcelone. Blanc"},"content":{"rendered":"<p>Coque pour t\u00e9l\u00e9phone Samsung A12 inspir\u00e9e des mosa\u00efques de Gaud\u00ed \u00e0 Barcelone. Cette coque attrayante, fabriqu\u00e9e en TPU, offre une protection optimale et l\u00e9g\u00e8re pour votre appareil. Le design pr\u00e9sente un fond blanc qui fait ressortir les couleurs rouge, jaune, vert et bleu, \u00e9voquant la beaut\u00e9 des \u0153uvres du c\u00e9l\u00e8bre architecte moderniste Antoni Gaud\u00ed. Au centre, un motif curviligne distinctif rappelle le c\u00e9l\u00e8bre parc G\u00fcell, capturant l&rsquo;essence du modernisme catalan. Le texte \u00ab\u00a0Barcelona\u00a0\u00bb est pr\u00e9sent\u00e9 de mani\u00e8re subtile mais \u00e9l\u00e9gante, ajoutant une touche personnelle que tout amateur de la ville appr\u00e9ciera. Cette coque n&rsquo;est pas seulement fonctionnelle, elle est aussi un magnifique rappel de l&rsquo;art et de la culture de Barcelone, devenant un souvenir id\u00e9al pour les touristes et les r\u00e9sidents. Son design vibrant et artistique la fait sortir du lot, constituant une excellente id\u00e9e d&rsquo;achat pour ceux qui recherchent des souvenirs de qualit\u00e9. Chez Ol\u00e9 Mosaic, nous proposons une large gamme de produits authentiques et culturellement pertinents, en tant que distributeurs de coques en gros et garantissant la meilleure qualit\u00e9 pour chaque pi\u00e8ce.<\/p>\n","protected":false},"excerpt":{"rendered":"<p>Coque pour t\u00e9l\u00e9phone Samsung A12 fabriqu\u00e9e en TPU, d\u00e9cor\u00e9e d&rsquo;un design inspir\u00e9 des mosa\u00efques de l&rsquo;\u0153uvre d&rsquo;Antoni Gaud\u00ed \u00e0 Barcelone. Le fond blanc rehausse les motifs vibrants en rouge, jaune, vert et bleu, cr\u00e9ant un jeu visuel attrayant. Au centre, un motif curviligne distinctif \u00e9voque le style moderniste de la ville, accompagn\u00e9 du mot \u00ab\u00a0Barcelona\u00a0\u00bb, id\u00e9al pour ceux qui recherchent un accessoire fonctionnel et artistique.<\/p>\n","protected":false},"featured_media":12486,"template":"","meta":{"_acf_changed":false},"product_brand":[],"product_cat":[674],"product_tag":[],"class_list":{"0":"post-33806","1":"product","2":"type-product","3":"status-publish","4":"has-post-thumbnail","6":"product_cat-etuis-pour-telephones-portables","7":"pa_ciudad-barcelona","8":"pa_motivo-punt-de-trobada","9":"pa_pais-espana","11":"first","12":"instock","13":"shipping-taxable","14":"product-type-simple"},"acf":[],"_links":{"self":[{"href":"https:\/\/olemosaic.com\/fr\/wp-json\/wp\/v2\/product\/33806","targetHints":{"allow":["GET"]}}],"collection":[{"href":"https:\/\/olemosaic.com\/fr\/wp-json\/wp\/v2\/product"}],"about":[{"href":"https:\/\/olemosaic.com\/fr\/wp-json\/wp\/v2\/types\/product"}],"wp:featuredmedia":[{"embeddable":true,"href":"https:\/\/olemosaic.com\/fr\/wp-json\/wp\/v2\/media\/12486"}],"wp:attachment":[{"href":"https:\/\/olemosaic.com\/fr\/wp-json\/wp\/v2\/media?parent=33806"}],"wp:term":[{"taxonomy":"product_brand","embeddable":true,"href":"https:\/\/olemosaic.com\/fr\/wp-json\/wp\/v2\/product_brand?post=33806"},{"taxonomy":"product_cat","embeddable":true,"href":"https:\/\/olemosaic.com\/fr\/wp-json\/wp\/v2\/product_cat?post=33806"},{"taxonomy":"product_tag","embeddable":true,"href":"https:\/\/olemosaic.com\/fr\/wp-json\/wp\/v2\/product_tag?post=33806"}],"curies":[{"name":"wp","href":"https:\/\/api.w.org\/{rel}","templated":true}]}}