{"id":33805,"date":"2025-02-20T22:35:36","date_gmt":"2025-02-20T22:35:36","guid":{"rendered":"http:\/\/olemosaic.com\/producto\/funda-de-telefono-para-samsung-a12-tpu-panoramica-barcelona-azul-2\/"},"modified":"2025-07-25T19:19:26","modified_gmt":"2025-07-25T17:19:26","slug":"coque-de-telephone-pour-samsung-a12-tpu-panoramique-barcelone-bleu-fr","status":"publish","type":"product","link":"https:\/\/olemosaic.com\/fr\/produit\/coque-de-telephone-pour-samsung-a12-tpu-panoramique-barcelone-bleu-fr\/","title":{"rendered":"Coque de t\u00e9l\u00e9phone pour Samsung A12 (TPU). Panoramique. Barcelone. Bleu"},"content":{"rendered":"<p>Coque pour t\u00e9l\u00e9phone Samsung A12 d\u00e9cor\u00e9e d&rsquo;une vue panoramique vibrante de Barcelone. Fabriqu\u00e9e en TPU, cette coque offre une protection efficace et un design attrayant, id\u00e9al pour ceux qui souhaitent emporter avec eux une pi\u00e8ce de l&rsquo;art et de l&rsquo;architecture de cette ville m\u00e9diterran\u00e9enne embl\u00e9matique. L&rsquo;impression pr\u00e9sente un fond bleu \u00e9voquant le ciel pur de Barcelone, orn\u00e9 d&rsquo;\u00e9l\u00e9ments architecturaux stylis\u00e9s, tels que l&rsquo;incontournable Sagrada Familia, ainsi que des motifs floraux color\u00e9s qui apportent une touche fra\u00eeche et contemporaine. Le mot \u00ab Barcelone \u00bb s&rsquo;int\u00e8gre de mani\u00e8re artistique dans le design, capturant l&rsquo;essence de la ville avec des lettres vibrantes et dynamiques.<\/p>\n<p>Ce produit ne prot\u00e8ge pas seulement votre appareil, mais agit \u00e9galement comme un souvenir \u00e9mouvant de la riche culture catalane. En tant que souvenir repr\u00e9sentatif, il refl\u00e8te la singularit\u00e9 du paysage urbain de Barcelone, c\u00e9l\u00e8bre pour son architecture moderniste et son atmosph\u00e8re cosmopolite. Chez Ol\u00e9 Mosaic, nous nous sp\u00e9cialisons dans la distribution de souvenirs en gros, offrant des articles authentiques et de qualit\u00e9. Cette coque de t\u00e9l\u00e9phone est une excellente option pour les boutiques de cadeaux touristiques \u00e0 la recherche de produits attrayants et significatifs pour leurs clients. Avec notre offre de coques en gros, nous garantissons un accessoire pratique qui c\u00e9l\u00e8bre la beaut\u00e9 de Barcelone.<\/p>\n","protected":false},"excerpt":{"rendered":"<p>Coque pour t\u00e9l\u00e9phone Samsung A12 fabriqu\u00e9e en TPU, d\u00e9cor\u00e9e d&rsquo;une vue panoramique vibrante de Barcelone. Le design pr\u00e9sente un fond bleu et des \u00e9l\u00e9ments architecturaux stylis\u00e9s, comme la Sagrada Familia, ainsi que des motifs floraux color\u00e9s et le mot \u00ab\u00a0Barcelona\u00a0\u00bb. Les d\u00e9tails aux couleurs vives apportent une touche artistique et contemporaine, transformant votre t\u00e9l\u00e9phone en un accessoire qui refl\u00e8te l&rsquo;essence de cette ville m\u00e9diterran\u00e9enne embl\u00e9matique.<\/p>\n","protected":false},"featured_media":12492,"template":"","meta":{"_acf_changed":false},"product_brand":[],"product_cat":[674],"product_tag":[],"class_list":{"0":"post-33805","1":"product","2":"type-product","3":"status-publish","4":"has-post-thumbnail","6":"product_cat-etuis-pour-telephones-portables","7":"pa_ciudad-barcelona","8":"pa_motivo-panoramas","9":"pa_pais-espana","11":"first","12":"instock","13":"shipping-taxable","14":"product-type-simple"},"acf":[],"_links":{"self":[{"href":"https:\/\/olemosaic.com\/fr\/wp-json\/wp\/v2\/product\/33805","targetHints":{"allow":["GET"]}}],"collection":[{"href":"https:\/\/olemosaic.com\/fr\/wp-json\/wp\/v2\/product"}],"about":[{"href":"https:\/\/olemosaic.com\/fr\/wp-json\/wp\/v2\/types\/product"}],"wp:featuredmedia":[{"embeddable":true,"href":"https:\/\/olemosaic.com\/fr\/wp-json\/wp\/v2\/media\/12492"}],"wp:attachment":[{"href":"https:\/\/olemosaic.com\/fr\/wp-json\/wp\/v2\/media?parent=33805"}],"wp:term":[{"taxonomy":"product_brand","embeddable":true,"href":"https:\/\/olemosaic.com\/fr\/wp-json\/wp\/v2\/product_brand?post=33805"},{"taxonomy":"product_cat","embeddable":true,"href":"https:\/\/olemosaic.com\/fr\/wp-json\/wp\/v2\/product_cat?post=33805"},{"taxonomy":"product_tag","embeddable":true,"href":"https:\/\/olemosaic.com\/fr\/wp-json\/wp\/v2\/product_tag?post=33805"}],"curies":[{"name":"wp","href":"https:\/\/api.w.org\/{rel}","templated":true}]}}