{"id":33804,"date":"2025-02-20T22:35:36","date_gmt":"2025-02-20T22:35:36","guid":{"rendered":"http:\/\/olemosaic.com\/producto\/funda-de-telefono-para-samsung-a12-tpu-gato-barcelona-blanco\/"},"modified":"2025-07-25T20:10:02","modified_gmt":"2025-07-25T18:10:02","slug":"coque-de-telephone-pour-samsung-a12-tpu-chat-barcelone-blanc","status":"publish","type":"product","link":"https:\/\/olemosaic.com\/fr\/produit\/coque-de-telephone-pour-samsung-a12-tpu-chat-barcelone-blanc\/","title":{"rendered":"Coque de t\u00e9l\u00e9phone pour Samsung A12 (TPU). Chat. Barcelone. Blanc"},"content":{"rendered":"<p>Coque pour t\u00e9l\u00e9phone Samsung A12 d\u00e9cor\u00e9e d&rsquo;un design vibrant inspir\u00e9 de l&rsquo;art de Barcelone. Cette \u00e9l\u00e9gante coque en TPU, avec une base blanche, pr\u00e9sente un charmant chat con\u00e7u avec une mosa\u00efque de couleurs vives en rouge, bleu et vert, entour\u00e9 de papillons dans les tons jaune et vert, symbolisant la vitalit\u00e9 et la cr\u00e9ativit\u00e9 de la cit\u00e9 comtale. L&rsquo;illustration du chat \u00e9voque les c\u00e9l\u00e8bres mosa\u00efques d&rsquo;Antoni Gaud\u00ed, tandis que le contact avec les papillons ajoute une touche ludique et fra\u00eeche, capturant l&rsquo;essence de la vie urbaine barcelonaise. Le texte \u00ab\u00a0Barcelona\u00a0\u00bb se distingue dans un style moderne, soulignant l&rsquo;origine de cette \u0153uvre d&rsquo;art. Ce produit ne prot\u00e8ge pas seulement l&rsquo;appareil, mais agit \u00e9galement comme un souvenir attrayant, id\u00e9al pour les touristes qui souhaitent emporter un morceau de cette ville embl\u00e9matique. Chez Ol\u00e9 Mosaic, en tant que grossistes de souvenirs authentiques, nous proposons cette coque comme une excellente option pour les boutiques de cadeaux touristiques, cherchant \u00e0 mettre en avant l&rsquo;authenticit\u00e9 et la valeur culturelle de chaque \u00e9l\u00e9ment que nous repr\u00e9sentons. Apportez une touche d&rsquo;art et de personnalit\u00e9 \u00e0 la technologie quotidienne avec cette coque inspir\u00e9e de Barcelone.<\/p>\n","protected":false},"excerpt":{"rendered":"<p>Coque pour t\u00e9l\u00e9phone Samsung A12 en TPU, d\u00e9cor\u00e9e d&rsquo;un design vibrant d&rsquo;un chat inspir\u00e9 de l&rsquo;art de Barcelone. Cette \u00e9l\u00e9gante coque blanche pr\u00e9sente un sympathique chat avec une mosa\u00efque de couleurs vives en rouge, bleu et vert, entour\u00e9 de papillons dans les tons jaunes et verts, symbolisant la vie et la cr\u00e9ativit\u00e9 de la ville. Le texte \u00ab\u00a0Barcelona\u00a0\u00bb souligne le caract\u00e8re local, faisant de cette coque un accessoire attrayant et fonctionnel.<\/p>\n","protected":false},"featured_media":12484,"template":"","meta":{"_acf_changed":false},"product_brand":[],"product_cat":[674],"product_tag":[530],"class_list":{"0":"post-33804","1":"product","2":"type-product","3":"status-publish","4":"has-post-thumbnail","6":"product_cat-etuis-pour-telephones-portables","7":"product_tag-animaux","8":"pa_ciudad-barcelona","9":"pa_motivo-chats","10":"pa_pais-espana","12":"first","13":"instock","14":"shipping-taxable","15":"product-type-simple"},"acf":[],"_links":{"self":[{"href":"https:\/\/olemosaic.com\/fr\/wp-json\/wp\/v2\/product\/33804","targetHints":{"allow":["GET"]}}],"collection":[{"href":"https:\/\/olemosaic.com\/fr\/wp-json\/wp\/v2\/product"}],"about":[{"href":"https:\/\/olemosaic.com\/fr\/wp-json\/wp\/v2\/types\/product"}],"wp:featuredmedia":[{"embeddable":true,"href":"https:\/\/olemosaic.com\/fr\/wp-json\/wp\/v2\/media\/12484"}],"wp:attachment":[{"href":"https:\/\/olemosaic.com\/fr\/wp-json\/wp\/v2\/media?parent=33804"}],"wp:term":[{"taxonomy":"product_brand","embeddable":true,"href":"https:\/\/olemosaic.com\/fr\/wp-json\/wp\/v2\/product_brand?post=33804"},{"taxonomy":"product_cat","embeddable":true,"href":"https:\/\/olemosaic.com\/fr\/wp-json\/wp\/v2\/product_cat?post=33804"},{"taxonomy":"product_tag","embeddable":true,"href":"https:\/\/olemosaic.com\/fr\/wp-json\/wp\/v2\/product_tag?post=33804"}],"curies":[{"name":"wp","href":"https:\/\/api.w.org\/{rel}","templated":true}]}}