{"id":33803,"date":"2025-02-20T22:35:36","date_gmt":"2025-02-20T22:35:36","guid":{"rendered":"http:\/\/olemosaic.com\/producto\/funda-de-telefono-para-samsung-a12-tpu-mosaico-azul\/"},"modified":"2025-07-25T19:26:11","modified_gmt":"2025-07-25T17:26:11","slug":"coque-de-telephone-pour-samsung-a12-tpu-mosaique-bleu","status":"publish","type":"product","link":"https:\/\/olemosaic.com\/fr\/produit\/coque-de-telephone-pour-samsung-a12-tpu-mosaique-bleu\/","title":{"rendered":"Coque de t\u00e9l\u00e9phone pour Samsung A12 (TPU). Mosa\u00efque. Bleu"},"content":{"rendered":"<p>Coque pour t\u00e9l\u00e9phone Samsung A12 d\u00e9cor\u00e9e d&rsquo;un design captivant de mosa\u00efque dans les tons bleus. Cet accessoire \u00e9l\u00e9gant, fabriqu\u00e9 en TPU, combine parfaitement style et fonctionnalit\u00e9, offrant une protection fiable pour votre appareil. Son design unique s&rsquo;inspire de la riche tradition de l&rsquo;art de la mosa\u00efque, tr\u00e8s pr\u00e9sente dans l&rsquo;architecture andalouse, \u00e9voquant les motifs g\u00e9om\u00e9triques vibrants qui ornent les fa\u00e7ades et les patios des villes du sud de l&rsquo;Espagne. Les formes blanches contrastant avec le fond bleu rappellent les c\u00e9ramiques embl\u00e9matiques qui embellissent des lieux comme Grenade et S\u00e9ville, cr\u00e9ant une connexion visuelle qui rehausse la beaut\u00e9 culturelle de la r\u00e9gion.<\/p>\n<p>En plus de son attrait esth\u00e9tique, la coque se distingue par son mat\u00e9riau flexible et r\u00e9sistant, qui garantit une protection durable contre les chocs et les rayures, ce qui en fait un choix id\u00e9al pour ceux qui recherchent un accessoire \u00e0 la fois attrayant et pratique. Ce produit est un excellent souvenir pour ceux qui souhaitent emporter avec eux une partie du charme andalou, et il est particuli\u00e8rement recommand\u00e9 pour les boutiques de cadeaux touristiques souhaitant proposer des articles authentiques et repr\u00e9sentatifs. Chez Ol\u00e9 Mosaic, nous sommes distributeurs de coques en gros, assurant qualit\u00e9 et design dans chaque produit que nous proposons.<\/p>\n","protected":false},"excerpt":{"rendered":"<p>Coque pour Samsung A12 fabriqu\u00e9e en TPU, d\u00e9cor\u00e9e d&rsquo;un \u00e9l\u00e9gant design de mosa\u00efque dans les tons bleus. Cette coque pr\u00e9sente une esth\u00e9tique inspir\u00e9e de l&rsquo;art de la mosa\u00efque traditionnelle, avec des motifs g\u00e9om\u00e9triques en blanc qui contrastent et \u00e9voquent la beaut\u00e9 des c\u00e9ramiques andalouses. Son mat\u00e9riau flexible et r\u00e9sistant offre une protection durable, ce qui en fait une option id\u00e9ale pour ceux qui recherchent style et fonctionnalit\u00e9 pour leur appareil.<\/p>\n","protected":false},"featured_media":12497,"template":"","meta":{"_acf_changed":false},"product_brand":[],"product_cat":[674],"product_tag":[],"class_list":{"0":"post-33803","1":"product","2":"type-product","3":"status-publish","4":"has-post-thumbnail","6":"product_cat-etuis-pour-telephones-portables","7":"pa_motivo-mosaique","9":"first","10":"instock","11":"shipping-taxable","12":"product-type-simple"},"acf":[],"_links":{"self":[{"href":"https:\/\/olemosaic.com\/fr\/wp-json\/wp\/v2\/product\/33803","targetHints":{"allow":["GET"]}}],"collection":[{"href":"https:\/\/olemosaic.com\/fr\/wp-json\/wp\/v2\/product"}],"about":[{"href":"https:\/\/olemosaic.com\/fr\/wp-json\/wp\/v2\/types\/product"}],"wp:featuredmedia":[{"embeddable":true,"href":"https:\/\/olemosaic.com\/fr\/wp-json\/wp\/v2\/media\/12497"}],"wp:attachment":[{"href":"https:\/\/olemosaic.com\/fr\/wp-json\/wp\/v2\/media?parent=33803"}],"wp:term":[{"taxonomy":"product_brand","embeddable":true,"href":"https:\/\/olemosaic.com\/fr\/wp-json\/wp\/v2\/product_brand?post=33803"},{"taxonomy":"product_cat","embeddable":true,"href":"https:\/\/olemosaic.com\/fr\/wp-json\/wp\/v2\/product_cat?post=33803"},{"taxonomy":"product_tag","embeddable":true,"href":"https:\/\/olemosaic.com\/fr\/wp-json\/wp\/v2\/product_tag?post=33803"}],"curies":[{"name":"wp","href":"https:\/\/api.w.org\/{rel}","templated":true}]}}