{"id":33772,"date":"2025-02-20T22:35:36","date_gmt":"2025-02-20T22:35:36","guid":{"rendered":"http:\/\/olemosaic.com\/producto\/funda-de-telefono-para-samsung-a12-tpu-salamandra-barcelona-blanco\/"},"modified":"2025-07-25T18:59:23","modified_gmt":"2025-07-25T16:59:23","slug":"coque-de-telephone-pour-samsung-a12-tpu-salamandre-barcelone-blanc","status":"publish","type":"product","link":"https:\/\/olemosaic.com\/fr\/produit\/coque-de-telephone-pour-samsung-a12-tpu-salamandre-barcelone-blanc\/","title":{"rendered":"Coque de t\u00e9l\u00e9phone pour Samsung A12 (TPU). Salamandre. Barcelone. Blanc"},"content":{"rendered":"<p>Coque pour t\u00e9l\u00e9phone Samsung A12 avec un design vibrant de salamandres et de fleurs, parfaite pour ceux qui souhaitent ajouter une touche de couleur et de culture \u00e0 leur appareil. Cette coque est \u00e9labor\u00e9e en mat\u00e9riau TPU, connu pour sa r\u00e9sistance et sa flexibilit\u00e9, assurant une protection optimale contre les chocs et les rayures. Le fond blanc de la coque pr\u00e9sente un charmant effet de mosa\u00efque qui rend hommage aux c\u00e9l\u00e8bres \u0153uvres du ma\u00eetre Antoni Gaud\u00ed \u00e0 Barcelone, transformant votre t\u00e9l\u00e9phone en un v\u00e9ritable symbole de la ville.<\/p>\n<p>Dans le design, les salamandres ressortent dans des tons vifs de bleu, vert et rouge, accompagn\u00e9es de fleurs color\u00e9es qui apportent un air frais et joyeux. Chaque salamandre, captur\u00e9e avec un style graphique moderne, \u00e9voque la cr\u00e9ativit\u00e9 et l&rsquo;exceptionnalit\u00e9 de l&rsquo;art catalan, faisant de cette coque un souvenir id\u00e9al pour les touristes et les amoureux de l&rsquo;esth\u00e9tique barcelonaise.<\/p>\n<p>En m\u00eame temps, son attrait visuel et sa qualit\u00e9 en font un excellent choix pour les boutiques de cadeaux touristiques \u00e0 la recherche de souvenirs authentiques et repr\u00e9sentatifs de la culture de Barcelone. Chez Ol\u00e9 Mosaic, votre distributeur d&rsquo;accessoires en gros, nous garantissons que chaque coque n&rsquo;est pas seulement un produit fonctionnel, mais aussi une \u0153uvre d&rsquo;art qui c\u00e9l\u00e8bre le riche h\u00e9ritage culturel de cette ville vibrante. Avec cette coque pour t\u00e9l\u00e9phone, vous emporterez toujours un morceau de Barcelone avec vous.<\/p>\n","protected":false},"excerpt":{"rendered":"<p>Coque pour Samsung A12 en TPU, orn\u00e9e d&rsquo;un design vibrant de salamandres et de fleurs. Cette coque blanche pr\u00e9sente un fond avec un effet de mosa\u00efque rappelant la c\u00e9l\u00e8bre \u0153uvre de Gaud\u00ed \u00e0 Barcelone. Le design graphique color\u00e9 comprend des salamandres dans des tons bleus, verts et rouges, accompagn\u00e9es de fleurs \u00e9clatantes, cr\u00e9ant un design attrayant et moderne. Id\u00e9ale pour prot\u00e9ger votre appareil tout en c\u00e9l\u00e9brant l&rsquo;esth\u00e9tique unique de la ville.<\/p>\n","protected":false},"featured_media":12483,"template":"","meta":{"_acf_changed":false},"product_brand":[],"product_cat":[674],"product_tag":[530],"class_list":{"0":"post-33772","1":"product","2":"type-product","3":"status-publish","4":"has-post-thumbnail","6":"product_cat-etuis-pour-telephones-portables","7":"product_tag-animaux","8":"pa_ciudad-barcelona","9":"pa_motivo-salamandres","10":"pa_pais-espana","12":"first","13":"instock","14":"shipping-taxable","15":"product-type-simple"},"acf":[],"_links":{"self":[{"href":"https:\/\/olemosaic.com\/fr\/wp-json\/wp\/v2\/product\/33772","targetHints":{"allow":["GET"]}}],"collection":[{"href":"https:\/\/olemosaic.com\/fr\/wp-json\/wp\/v2\/product"}],"about":[{"href":"https:\/\/olemosaic.com\/fr\/wp-json\/wp\/v2\/types\/product"}],"wp:featuredmedia":[{"embeddable":true,"href":"https:\/\/olemosaic.com\/fr\/wp-json\/wp\/v2\/media\/12483"}],"wp:attachment":[{"href":"https:\/\/olemosaic.com\/fr\/wp-json\/wp\/v2\/media?parent=33772"}],"wp:term":[{"taxonomy":"product_brand","embeddable":true,"href":"https:\/\/olemosaic.com\/fr\/wp-json\/wp\/v2\/product_brand?post=33772"},{"taxonomy":"product_cat","embeddable":true,"href":"https:\/\/olemosaic.com\/fr\/wp-json\/wp\/v2\/product_cat?post=33772"},{"taxonomy":"product_tag","embeddable":true,"href":"https:\/\/olemosaic.com\/fr\/wp-json\/wp\/v2\/product_tag?post=33772"}],"curies":[{"name":"wp","href":"https:\/\/api.w.org\/{rel}","templated":true}]}}