{"id":33771,"date":"2025-02-20T23:35:36","date_gmt":"2025-02-20T22:35:36","guid":{"rendered":"http:\/\/olemosaic.com\/producto\/funda-de-telefono-para-samsung-a12-tpu-abstracto-negro-2\/"},"modified":"2025-07-25T20:39:00","modified_gmt":"2025-07-25T18:39:00","slug":"coque-de-telephone-pour-samsung-a12-tpu-abstrait-noir-2","status":"publish","type":"product","link":"https:\/\/olemosaic.com\/fr\/produit\/coque-de-telephone-pour-samsung-a12-tpu-abstrait-noir-2\/","title":{"rendered":"Coque de t\u00e9l\u00e9phone pour Samsung A12 (TPU). Abstrait. Style nuages. Noir"},"content":{"rendered":"<p>Coque pour Samsung A12 avec un design abstrait aux tons vifs, un accessoire contemporaint qui allie protection et style. Fabriqu\u00e9e en TPU de haute qualit\u00e9, cette coque se caract\u00e9rise par un fond noir qui fait ressortir une explosion de couleurs vibrantes, avec des nuances de bleu, d&rsquo;orange et de rose qui semblent s&rsquo;entrelacer dans un effet artistique, comme des nuages d&rsquo;encre. Le design abstrait ne transforme pas seulement l&rsquo;aspect de votre appareil, mais ajoute \u00e9galement une touche d&rsquo;originalit\u00e9 qui attirera l&rsquo;attention de ceux qui cherchent \u00e0 se diff\u00e9rencier.<\/p>\n<p>En plus de son attrait visuel, cette coque est con\u00e7ue pour s&rsquo;adapter parfaitement au Samsung A12, offrant une protection efficace contre les chocs et les chutes, garantissant que votre t\u00e9l\u00e9phone reste en s\u00e9curit\u00e9 sans renoncer au style. Sa surface douce et flexible offre un toucher agr\u00e9able et une finition \u00e9l\u00e9gante qui compl\u00e8te n&rsquo;importe quelle tenue.<\/p>\n<p>En tant que souvenir moderne et repr\u00e9sentatif de la cr\u00e9ativit\u00e9 contemporaine, cette coque est id\u00e9ale pour les touristes \u00e0 la recherche de souvenirs uniques et artistiques. Chez Ol\u00e9 Mosaic, nous proposons des produits authentiques qui refl\u00e8tent la fusion de la fonctionnalit\u00e9 et de l&rsquo;esth\u00e9tique, parfaits pour les boutiques de cadeaux touristiques souhaitant offrir des articles distinctifs \u00e0 leurs clients. Avec cette coque de t\u00e9l\u00e9phone abstraite, vous n&rsquo;acqu\u00e9rez pas seulement une protection, mais aussi une pi\u00e8ce d&rsquo;art qui se distingue par son originalit\u00e9 et son attrait.<\/p>\n","protected":false},"excerpt":{"rendered":"<p>Coque pour t\u00e9l\u00e9phone Samsung A12 fabriqu\u00e9e en TPU avec un design abstrait et des tons vifs. Le fond noir rehausse une explosion de couleurs vibrantes, avec des nuances de bleu, d&rsquo;orange et de rose qui s&rsquo;entrelacent, cr\u00e9ant un effet de nuages d&rsquo;encre. Cet accessoire moderne et artistique ne prot\u00e8ge pas seulement votre appareil, mais ajoute \u00e9galement une touche contemporaine et unique, id\u00e9ale pour ceux qui recherchent un style distinct et accrocheur.<\/p>\n","protected":false},"featured_media":12501,"template":"","meta":{"_acf_changed":false},"product_brand":[],"product_cat":[674],"product_tag":[],"class_list":{"0":"post-33771","1":"product","2":"type-product","3":"status-publish","4":"has-post-thumbnail","6":"product_cat-etuis-pour-telephones-portables","7":"pa_motivo-resume","9":"first","10":"instock","11":"shipping-taxable","12":"product-type-simple"},"acf":[],"_links":{"self":[{"href":"https:\/\/olemosaic.com\/fr\/wp-json\/wp\/v2\/product\/33771","targetHints":{"allow":["GET"]}}],"collection":[{"href":"https:\/\/olemosaic.com\/fr\/wp-json\/wp\/v2\/product"}],"about":[{"href":"https:\/\/olemosaic.com\/fr\/wp-json\/wp\/v2\/types\/product"}],"wp:featuredmedia":[{"embeddable":true,"href":"https:\/\/olemosaic.com\/fr\/wp-json\/wp\/v2\/media\/12501"}],"wp:attachment":[{"href":"https:\/\/olemosaic.com\/fr\/wp-json\/wp\/v2\/media?parent=33771"}],"wp:term":[{"taxonomy":"product_brand","embeddable":true,"href":"https:\/\/olemosaic.com\/fr\/wp-json\/wp\/v2\/product_brand?post=33771"},{"taxonomy":"product_cat","embeddable":true,"href":"https:\/\/olemosaic.com\/fr\/wp-json\/wp\/v2\/product_cat?post=33771"},{"taxonomy":"product_tag","embeddable":true,"href":"https:\/\/olemosaic.com\/fr\/wp-json\/wp\/v2\/product_tag?post=33771"}],"curies":[{"name":"wp","href":"https:\/\/api.w.org\/{rel}","templated":true}]}}