{"id":33769,"date":"2025-02-20T22:35:35","date_gmt":"2025-02-20T22:35:35","guid":{"rendered":"http:\/\/olemosaic.com\/producto\/funda-de-telefono-para-samsung-a12-tpu-sagrada-familia-barcelona-azul\/"},"modified":"2025-07-25T19:42:00","modified_gmt":"2025-07-25T17:42:00","slug":"coque-de-telephone-pour-samsung-a12-tpu-sagrada-familia-barcelone-bleu","status":"publish","type":"product","link":"https:\/\/olemosaic.com\/fr\/produit\/coque-de-telephone-pour-samsung-a12-tpu-sagrada-familia-barcelone-bleu\/","title":{"rendered":"Coque de t\u00e9l\u00e9phone pour Samsung A12 (TPU). Sagrada Familia. Barcelone. Bleu"},"content":{"rendered":"<p>Coque pour Samsung A12 avec illustration de la Sagrada Familia de Barcelone. Cette coque \u00e9l\u00e9gante, \u00e9labor\u00e9e en TPU de haute qualit\u00e9, offre une protection durable et stylis\u00e9e pour votre appareil. Elle pr\u00e9sente une illustration vibrante de l&#8217;embl\u00e9matique Sagrada Familia, l&rsquo;un des monuments les plus repr\u00e9sentatifs de Barcelone, avec ses tours distinctives qui semblent toucher le ciel. La palette color\u00e9e de bleus et de tons chauds souligne le design moderniste complexe du b\u00e2timent, tandis que les d\u00e9tails stylis\u00e9s ajoutent une touche artistique captivante. Le mot \u00ab Barcelone \u00bb, inscrit avec une typographie \u00e9l\u00e9gante, compl\u00e8te le design et renforce le lien culturel avec la ville.<\/p>\n<p>Cette coque n&rsquo;est pas seulement un accessoire fonctionnel, mais un hommage \u00e0 la cr\u00e9ativit\u00e9 d&rsquo;Antoni Gaud\u00ed et \u00e0 la riche architecture de la capitale catalane. C&rsquo;est un souvenir parfait pour les touristes qui souhaitent emporter un morceau de Barcelone avec eux, car elle offre une combinaison de style et de protection. Chez Ol\u00e9 Mosaic, en tant que grossistes de souvenirs, nous fournissons des articles authentiques qui c\u00e9l\u00e8brent la culture espagnole, et cette coque est un choix id\u00e9al pour les boutiques de cadeaux touristiques cherchant \u00e0 proposer des produits repr\u00e9sentatifs et de qualit\u00e9.<\/p>\n","protected":false},"excerpt":{"rendered":"<p>Coque pour t\u00e9l\u00e9phone Samsung A12 fabriqu\u00e9e en TPU, avec une illustration vibrante de la Sagrada Familia de Barcelone. Cette coque originale se distingue par ses couleurs bleues et chaudes, qui refl\u00e8tent le design caract\u00e9ristique du c\u00e9l\u00e8bre monument. Avec une finition incluant des d\u00e9tails stylis\u00e9s et le mot \u00ab\u00a0Barcelone\u00a0\u00bb en lettres \u00e9l\u00e9gantes, cette coque ne prot\u00e8ge pas seulement votre t\u00e9l\u00e9phone, mais constitue \u00e9galement un bel hommage \u00e0 l&rsquo;architecture moderniste de la ville.<\/p>\n","protected":false},"featured_media":12493,"template":"","meta":{"_acf_changed":false},"product_brand":[],"product_cat":[674],"product_tag":[],"class_list":{"0":"post-33769","1":"product","2":"type-product","3":"status-publish","4":"has-post-thumbnail","6":"product_cat-etuis-pour-telephones-portables","7":"pa_ciudad-barcelona","8":"pa_motivo-sagrada-familia","9":"pa_pais-espana","11":"first","12":"instock","13":"shipping-taxable","14":"product-type-simple"},"acf":[],"_links":{"self":[{"href":"https:\/\/olemosaic.com\/fr\/wp-json\/wp\/v2\/product\/33769","targetHints":{"allow":["GET"]}}],"collection":[{"href":"https:\/\/olemosaic.com\/fr\/wp-json\/wp\/v2\/product"}],"about":[{"href":"https:\/\/olemosaic.com\/fr\/wp-json\/wp\/v2\/types\/product"}],"wp:featuredmedia":[{"embeddable":true,"href":"https:\/\/olemosaic.com\/fr\/wp-json\/wp\/v2\/media\/12493"}],"wp:attachment":[{"href":"https:\/\/olemosaic.com\/fr\/wp-json\/wp\/v2\/media?parent=33769"}],"wp:term":[{"taxonomy":"product_brand","embeddable":true,"href":"https:\/\/olemosaic.com\/fr\/wp-json\/wp\/v2\/product_brand?post=33769"},{"taxonomy":"product_cat","embeddable":true,"href":"https:\/\/olemosaic.com\/fr\/wp-json\/wp\/v2\/product_cat?post=33769"},{"taxonomy":"product_tag","embeddable":true,"href":"https:\/\/olemosaic.com\/fr\/wp-json\/wp\/v2\/product_tag?post=33769"}],"curies":[{"name":"wp","href":"https:\/\/api.w.org\/{rel}","templated":true}]}}