{"id":33768,"date":"2025-02-20T22:35:35","date_gmt":"2025-02-20T22:35:35","guid":{"rendered":"http:\/\/olemosaic.com\/producto\/funda-de-telefono-para-samsung-a12-tpu-abstracto-verde\/"},"modified":"2025-07-25T18:54:10","modified_gmt":"2025-07-25T16:54:10","slug":"coque-de-telephone-pour-samsung-a12-tpu-abstrait-vert","status":"publish","type":"product","link":"https:\/\/olemosaic.com\/fr\/produit\/coque-de-telephone-pour-samsung-a12-tpu-abstrait-vert\/","title":{"rendered":"Coque de t\u00e9l\u00e9phone pour Samsung A12 (TPU). Abstrait. Vert"},"content":{"rendered":"<p>Coque pour t\u00e9l\u00e9phone Samsung A12 avec un design de mosa\u00efques color\u00e9es. Fabriqu\u00e9e en TPU, elle offre une excellente protection contre les chocs et les chutes, id\u00e9ale pour garder votre appareil en s\u00e9curit\u00e9 tout en exprimant votre style personnel. Le design abstrait pr\u00e9sente un m\u00e9lange vibrant de tons verts, bleus et orang\u00e9s, organis\u00e9 dans une structure circulaire qui \u00e9voque les \u0153uvres d&rsquo;art complexes de la tradition espagnole. La composition g\u00e9om\u00e9trique, avec ses nuances brillantes et sa finition polie, transforme un accessoire fonctionnel en une pi\u00e8ce d\u00e9corative qui capture l&rsquo;essence de l&rsquo;art de la mosa\u00efque, si caract\u00e9ristique de nombreuses villes et r\u00e9gions d&rsquo;Espagne.<\/p>\n<p>Ce souvenir authentique n&rsquo;est pas seulement une coque de t\u00e9l\u00e9phone, mais un hommage au riche h\u00e9ritage culturel que l&rsquo;on trouve dans chaque recoin du pays. Avec son charme artistique, cette coque souligne l&rsquo;amour pour le design et la cr\u00e9ativit\u00e9 typiques des styles espagnols, en faisant un souvenir significatif pour ceux qui ont explor\u00e9 ses terres. Id\u00e9ale pour les touristes et les collectionneurs, c&rsquo;est un excellent ajout \u00e0 toute collection de souvenirs de la culture espagnole. Chez Ol\u00e9 Mosaic, nous proposons ce produit et d&rsquo;autres souvenirs de qualit\u00e9 en gros, parfaits pour les boutiques de cadeaux touristiques \u00e0 la recherche d&rsquo;un artisanat authentique et d&rsquo;une touche de distinction dans leur offre.<\/p>\n","protected":false},"excerpt":{"rendered":"<p>Coque pour t\u00e9l\u00e9phone Samsung A12 fabriqu\u00e9e en TPU, avec un design abstrait \u00e9voquant des mosa\u00efques color\u00e9es. Elle pr\u00e9sente une combinaison harmonieuse de tons verts, bleus et orang\u00e9s, organis\u00e9s dans une composition circulaire rappelant les \u0153uvres d&rsquo;art de la tradition espagnole. Cette coque ne prot\u00e8ge pas seulement votre appareil, mais apporte \u00e9galement une touche artistique et moderne, id\u00e9ale pour ceux qui cherchent \u00e0 rehausser leur style personnel tout en profitant de la beaut\u00e9 de la culture.<\/p>\n","protected":false},"featured_media":12490,"template":"","meta":{"_acf_changed":false},"product_brand":[],"product_cat":[674],"product_tag":[],"class_list":{"0":"post-33768","1":"product","2":"type-product","3":"status-publish","4":"has-post-thumbnail","6":"product_cat-etuis-pour-telephones-portables","7":"pa_motivo-resume","9":"first","10":"instock","11":"shipping-taxable","12":"product-type-simple"},"acf":[],"_links":{"self":[{"href":"https:\/\/olemosaic.com\/fr\/wp-json\/wp\/v2\/product\/33768","targetHints":{"allow":["GET"]}}],"collection":[{"href":"https:\/\/olemosaic.com\/fr\/wp-json\/wp\/v2\/product"}],"about":[{"href":"https:\/\/olemosaic.com\/fr\/wp-json\/wp\/v2\/types\/product"}],"wp:featuredmedia":[{"embeddable":true,"href":"https:\/\/olemosaic.com\/fr\/wp-json\/wp\/v2\/media\/12490"}],"wp:attachment":[{"href":"https:\/\/olemosaic.com\/fr\/wp-json\/wp\/v2\/media?parent=33768"}],"wp:term":[{"taxonomy":"product_brand","embeddable":true,"href":"https:\/\/olemosaic.com\/fr\/wp-json\/wp\/v2\/product_brand?post=33768"},{"taxonomy":"product_cat","embeddable":true,"href":"https:\/\/olemosaic.com\/fr\/wp-json\/wp\/v2\/product_cat?post=33768"},{"taxonomy":"product_tag","embeddable":true,"href":"https:\/\/olemosaic.com\/fr\/wp-json\/wp\/v2\/product_tag?post=33768"}],"curies":[{"name":"wp","href":"https:\/\/api.w.org\/{rel}","templated":true}]}}