{"id":33746,"date":"2025-02-20T22:35:35","date_gmt":"2025-02-20T22:35:35","guid":{"rendered":"http:\/\/olemosaic.com\/producto\/funda-de-telefono-para-samsung-a12-tpu-gato-barcelona-negro\/"},"modified":"2025-07-25T19:50:48","modified_gmt":"2025-07-25T17:50:48","slug":"coque-de-telephone-pour-samsung-a12-tpu-chat-barcelone-noir","status":"publish","type":"product","link":"https:\/\/olemosaic.com\/fr\/produit\/coque-de-telephone-pour-samsung-a12-tpu-chat-barcelone-noir\/","title":{"rendered":"Coque de t\u00e9l\u00e9phone pour Samsung A12 (TPU). Chat. Barcelone. Noir"},"content":{"rendered":"<p>Coque pour Samsung A12 avec design de chat moderniste. Cette coque exclusive, \u00e9labor\u00e9e en TPU, allie style et protection, \u00e9tant un choix parfait pour ceux qui appr\u00e9cient l&rsquo;art et la culture barcelonaise. Son design vibrant pr\u00e9sente un chat stylis\u00e9, cr\u00e9\u00e9 avec une mosa\u00efque color\u00e9e couvrant une large palette de tons bleus, verts, rouges et jaunes, \u00e9voquant l&rsquo;essence artistique de la ville. L&rsquo;image du chat, entour\u00e9 de papillons en plein vol, ajoute une touche dynamique et joyeuse, transformant ce produit en un objet visuellement attrayant.<\/p>\n<p>Le texte \u00ab\u00a0Barcelona\u00a0\u00bb se d\u00e9tache en bas, soulignant son lien avec cette ville catalane embl\u00e9matique, c\u00e9l\u00e8bre pour son architecture moderniste et sa riche histoire culturelle. Cette coque ne fournit pas seulement une d\u00e9fense r\u00e9sistante contre les chocs et les chutes, mais agit \u00e9galement comme un souvenir d\u00e9coratif, id\u00e9al pour les touristes et les amoureux de la ville \u00e0 la recherche d&rsquo;un souvenir authentique. Chez Ol\u00e9 Mosaic, nous sommes distributeurs de produits uniques en gros, et cette coque de mobile repr\u00e9sente une excellente option pour les boutiques de cadeaux touristiques souhaitant proposer des articles de qualit\u00e9 et de pertinence culturelle. Attirez vos clients avec cette coque de t\u00e9l\u00e9phone qui refl\u00e8te la magie et l&rsquo;art de Barcelone.<\/p>\n","protected":false},"excerpt":{"rendered":"<p>Coque pour t\u00e9l\u00e9phone Samsung A12 fabriqu\u00e9e en TPU, d\u00e9cor\u00e9e d&rsquo;un design vibrant d&rsquo;un chat inspir\u00e9 de l&rsquo;art moderniste de Barcelone. La coque pr\u00e9sente une mosa\u00efque color\u00e9e aux tons bleus, verts, rouges et jaunes, entour\u00e9e de papillons en plein vol, cr\u00e9ant une atmosph\u00e8re joyeuse et artistique. Le texte \u00ab\u00a0Barcelona\u00a0\u00bb se distingue, soulignant l&rsquo;essence de la ville. Cette coque combine protection et style, id\u00e9ale pour les amateurs d&rsquo;art.<\/p>\n","protected":false},"featured_media":12500,"template":"","meta":{"_acf_changed":false},"product_brand":[],"product_cat":[674],"product_tag":[530],"class_list":{"0":"post-33746","1":"product","2":"type-product","3":"status-publish","4":"has-post-thumbnail","6":"product_cat-etuis-pour-telephones-portables","7":"product_tag-animaux","8":"pa_ciudad-barcelona","9":"pa_motivo-chats","10":"pa_pais-espana","12":"first","13":"instock","14":"shipping-taxable","15":"product-type-simple"},"acf":[],"_links":{"self":[{"href":"https:\/\/olemosaic.com\/fr\/wp-json\/wp\/v2\/product\/33746","targetHints":{"allow":["GET"]}}],"collection":[{"href":"https:\/\/olemosaic.com\/fr\/wp-json\/wp\/v2\/product"}],"about":[{"href":"https:\/\/olemosaic.com\/fr\/wp-json\/wp\/v2\/types\/product"}],"wp:featuredmedia":[{"embeddable":true,"href":"https:\/\/olemosaic.com\/fr\/wp-json\/wp\/v2\/media\/12500"}],"wp:attachment":[{"href":"https:\/\/olemosaic.com\/fr\/wp-json\/wp\/v2\/media?parent=33746"}],"wp:term":[{"taxonomy":"product_brand","embeddable":true,"href":"https:\/\/olemosaic.com\/fr\/wp-json\/wp\/v2\/product_brand?post=33746"},{"taxonomy":"product_cat","embeddable":true,"href":"https:\/\/olemosaic.com\/fr\/wp-json\/wp\/v2\/product_cat?post=33746"},{"taxonomy":"product_tag","embeddable":true,"href":"https:\/\/olemosaic.com\/fr\/wp-json\/wp\/v2\/product_tag?post=33746"}],"curies":[{"name":"wp","href":"https:\/\/api.w.org\/{rel}","templated":true}]}}