{"id":33743,"date":"2025-02-20T22:35:34","date_gmt":"2025-02-20T22:35:34","guid":{"rendered":"http:\/\/olemosaic.com\/producto\/funda-de-telefono-para-iphone-15-promax-tpu-salamandra-barcelona-blanco\/"},"modified":"2025-07-25T18:34:39","modified_gmt":"2025-07-25T16:34:39","slug":"coque-de-telephone-pour-iphone-15-promax-tpu-salamandre-barcelone-blanc","status":"publish","type":"product","link":"https:\/\/olemosaic.com\/fr\/produit\/coque-de-telephone-pour-iphone-15-promax-tpu-salamandre-barcelone-blanc\/","title":{"rendered":"Coque de t\u00e9l\u00e9phone pour iPhone 15 Pro Max (TPU). Salamandre. Barcelone. Blanc"},"content":{"rendered":"<p>Coque pour iPhone 15 Pro Max inspir\u00e9e par l&rsquo;esth\u00e9tique vibrante de Barcelone, fabriqu\u00e9e en TPU de haute qualit\u00e9. Cette coque attrayante pr\u00e9sente un design captivant avec des salamandres et des fleurs color\u00e9es, \u00e9voquant la c\u00e9l\u00e8bre mosa\u00efque trencad\u00eds, embl\u00e8me du modernisme catalan. Le fond blanc de la coque fait ressortir les couleurs audacieuses des salamandres, qui s&rsquo;entrelacent avec \u00e9l\u00e9gance en apportant une \u00e9nergie unique, tandis que les fleurs d\u00e9licates ajoutent une touche de fra\u00eecheur et de vitalit\u00e9 \u00e0 l&rsquo;ensemble. Le nom \u00ab\u00a0Barcelona\u00a0\u00bb s&rsquo;affiche en lettres vibrantes, transformant cette coque non seulement en un accessoire de protection, mais aussi en un hommage \u00e0 la riche culture et \u00e0 l&rsquo;art de la ville. C&rsquo;est un excellent choix pour ceux qui souhaitent emporter un morceau de l&rsquo;essence barcelonaise dans leur quotidien. Chez Ol\u00e9 Mosaic, nous sommes sp\u00e9cialis\u00e9s dans la distribution de souvenirs en gros, et cette coque est id\u00e9ale pour les boutiques de cadeaux touristiques cherchant \u00e0 proposer des produits authentiques et repr\u00e9sentatifs. Ce n&rsquo;est pas seulement un article fonctionnel, mais aussi un souvenir significatif qui c\u00e9l\u00e8bre la beaut\u00e9 et la cr\u00e9ativit\u00e9 de Barcelone.<\/p>\n","protected":false},"excerpt":{"rendered":"<p>Coque pour iPhone 15 Pro Max en TPU, d\u00e9cor\u00e9e de salamandres et de fleurs color\u00e9es. Inspir\u00e9e par la c\u00e9l\u00e8bre mosa\u00efque de Barcelone, elle pr\u00e9sente un fond blanc avec un design rappelant le trencad\u00eds, typique du modernisme catalan. Le mot \u00ab\u00a0Barcelona\u00a0\u00bb se distingue en couleurs vibrantes, faisant de cette coque un accessoire attrayant et repr\u00e9sentatif, id\u00e9al pour ceux qui souhaitent emporter un morceau de l&rsquo;essence barcelonaise au quotidien.<\/p>\n","protected":false},"featured_media":12463,"template":"","meta":{"_acf_changed":false},"product_brand":[],"product_cat":[674],"product_tag":[530],"class_list":{"0":"post-33743","1":"product","2":"type-product","3":"status-publish","4":"has-post-thumbnail","6":"product_cat-etuis-pour-telephones-portables","7":"product_tag-animaux","8":"pa_ciudad-barcelona","9":"pa_motivo-salamandres","10":"pa_pais-espana","12":"first","13":"instock","14":"shipping-taxable","15":"product-type-simple"},"acf":[],"_links":{"self":[{"href":"https:\/\/olemosaic.com\/fr\/wp-json\/wp\/v2\/product\/33743","targetHints":{"allow":["GET"]}}],"collection":[{"href":"https:\/\/olemosaic.com\/fr\/wp-json\/wp\/v2\/product"}],"about":[{"href":"https:\/\/olemosaic.com\/fr\/wp-json\/wp\/v2\/types\/product"}],"wp:featuredmedia":[{"embeddable":true,"href":"https:\/\/olemosaic.com\/fr\/wp-json\/wp\/v2\/media\/12463"}],"wp:attachment":[{"href":"https:\/\/olemosaic.com\/fr\/wp-json\/wp\/v2\/media?parent=33743"}],"wp:term":[{"taxonomy":"product_brand","embeddable":true,"href":"https:\/\/olemosaic.com\/fr\/wp-json\/wp\/v2\/product_brand?post=33743"},{"taxonomy":"product_cat","embeddable":true,"href":"https:\/\/olemosaic.com\/fr\/wp-json\/wp\/v2\/product_cat?post=33743"},{"taxonomy":"product_tag","embeddable":true,"href":"https:\/\/olemosaic.com\/fr\/wp-json\/wp\/v2\/product_tag?post=33743"}],"curies":[{"name":"wp","href":"https:\/\/api.w.org\/{rel}","templated":true}]}}