{"id":33742,"date":"2025-02-20T23:35:34","date_gmt":"2025-02-20T22:35:34","guid":{"rendered":"http:\/\/olemosaic.com\/producto\/funda-de-telefono-para-iphone-15-promax-tpu-abstracto-verde-2\/"},"modified":"2025-07-25T20:13:31","modified_gmt":"2025-07-25T18:13:31","slug":"coque-de-telephone-pour-iphone-15-promax-tpu-abstrait-vert-2","status":"publish","type":"product","link":"https:\/\/olemosaic.com\/fr\/produit\/coque-de-telephone-pour-iphone-15-promax-tpu-abstrait-vert-2\/","title":{"rendered":"Coque de t\u00e9l\u00e9phone pour iPhone 15 Pro Max (TPU). Abstrait. Vert. Style moderne."},"content":{"rendered":"<p>Coque pour iPhone 15 Pro Max avec un design moderne et vibrant de style abstrait combinant des tons verts, jaunes, rouges et bleus. Fabriqu\u00e9e en TPU, un mat\u00e9riau offrant une grande r\u00e9sistance et durabilit\u00e9, tout en prot\u00e9geant efficacement votre appareil. Son design pr\u00e9sente un motif captivant de tourbillons qui rend chaque coque unique, une v\u00e9ritable \u0153uvre d&rsquo;art. Les nuances de couleurs brillent et s&rsquo;entrelacent, offrant une touche contemporaine qui s\u00e9duira les amateurs de design et d&rsquo;esth\u00e9tique moderne.<\/p>\n<p>Avec une finition douce et flexible, cette coque s&rsquo;ajuste parfaitement \u00e0 l&rsquo;iPhone 15 Pro Max, garantissant un acc\u00e8s facile \u00e0 tous les boutons et ports de l&rsquo;appareil. Sa l\u00e9g\u00e8ret\u00e9 et sa prise en main confortable assurent une manipulation ais\u00e9e, tout en maintenant la fonctionnalit\u00e9 \u00e0 tout moment. Cet article n&rsquo;est pas seulement un accessoire indispensable pour la protection du mobile, mais devient \u00e9galement un souvenir attrayant repr\u00e9sentant la cr\u00e9ativit\u00e9 et l&rsquo;art contemporain.<\/p>\n<p>Chez Ol\u00e9 Mosaic, nous sommes sp\u00e9cialis\u00e9s dans la distribution de souvenirs en gros, et cette coque de t\u00e9l\u00e9phone est une excellente option pour les boutiques de cadeaux touristiques \u00e0 la recherche de produits authentiques et frais. Avec son style moderne et accrocheur, c&rsquo;est le souvenir parfait pour les touristes souhaitant emporter un morceau d&rsquo;innovation et de design chez eux. De plus, c&rsquo;est un exemple clair de la qualit\u00e9 que nous offrons en tant que grossistes d&rsquo;accessoires technologiques.<\/p>\n","protected":false},"excerpt":{"rendered":"<p>Coque pour iPhone 15 Pro Max, fabriqu\u00e9e en TPU avec un design abstrait vibrant dans des tons verts, jaunes, rouges et bleus. Cette coque se distingue par son motif de tourbillons et ses m\u00e9langes de couleurs qui apportent une touche artistique et moderne, offrant une protection efficace et un style unique. Sa finition douce et flexible permet un ajustement parfait \u00e0 l&rsquo;appareil, alliant fonctionnalit\u00e9 et esth\u00e9tique pour les amateurs de design contemporain.<\/p>\n","protected":false},"featured_media":12469,"template":"","meta":{"_acf_changed":false},"product_brand":[],"product_cat":[674],"product_tag":[],"class_list":{"0":"post-33742","1":"product","2":"type-product","3":"status-publish","4":"has-post-thumbnail","6":"product_cat-etuis-pour-telephones-portables","7":"pa_motivo-resume","9":"first","10":"instock","11":"shipping-taxable","12":"product-type-simple"},"acf":[],"_links":{"self":[{"href":"https:\/\/olemosaic.com\/fr\/wp-json\/wp\/v2\/product\/33742","targetHints":{"allow":["GET"]}}],"collection":[{"href":"https:\/\/olemosaic.com\/fr\/wp-json\/wp\/v2\/product"}],"about":[{"href":"https:\/\/olemosaic.com\/fr\/wp-json\/wp\/v2\/types\/product"}],"wp:featuredmedia":[{"embeddable":true,"href":"https:\/\/olemosaic.com\/fr\/wp-json\/wp\/v2\/media\/12469"}],"wp:attachment":[{"href":"https:\/\/olemosaic.com\/fr\/wp-json\/wp\/v2\/media?parent=33742"}],"wp:term":[{"taxonomy":"product_brand","embeddable":true,"href":"https:\/\/olemosaic.com\/fr\/wp-json\/wp\/v2\/product_brand?post=33742"},{"taxonomy":"product_cat","embeddable":true,"href":"https:\/\/olemosaic.com\/fr\/wp-json\/wp\/v2\/product_cat?post=33742"},{"taxonomy":"product_tag","embeddable":true,"href":"https:\/\/olemosaic.com\/fr\/wp-json\/wp\/v2\/product_tag?post=33742"}],"curies":[{"name":"wp","href":"https:\/\/api.w.org\/{rel}","templated":true}]}}