{"id":33741,"date":"2025-02-20T23:35:34","date_gmt":"2025-02-20T22:35:34","guid":{"rendered":"http:\/\/olemosaic.com\/producto\/funda-de-telefono-para-iphone-15-promax-tpu-abstracto-azul-3\/"},"modified":"2025-07-25T19:06:45","modified_gmt":"2025-07-25T17:06:45","slug":"coque-de-telephone-pour-iphone-15-pro-max-tpu-abstrait-bleu-3","status":"publish","type":"product","link":"https:\/\/olemosaic.com\/fr\/produit\/coque-de-telephone-pour-iphone-15-pro-max-tpu-abstrait-bleu-3\/","title":{"rendered":"Coque de t\u00e9l\u00e9phone pour iPhone 15 Pro Max (TPU). Abstrait. Bleu. Style moderne."},"content":{"rendered":"<p>Coque de t\u00e9l\u00e9phone pour iPhone 15 Pro Max avec un design abstrait vibrant : habillez votre appareil d&rsquo;une touche d&rsquo;art contemporain et de style moderne. Ce produit se distingue par son motif impressionnant dans des tons de bleu, rouge, jaune et vert, entrelac\u00e9s dans une danse visuelle qui capture l&rsquo;\u00e9nergie et la vitalit\u00e9 de Barcelone. Fabriqu\u00e9e en TPU r\u00e9sistant, cette coque prot\u00e8ge non seulement votre t\u00e9l\u00e9phone des chocs et des rayures, mais ajoute \u00e9galement un air distinctif \u00e0 votre accessoire quotidien. Le mot \u00ab\u00a0Barcelone\u00a0\u00bb est imprim\u00e9 de mani\u00e8re pro\u00e9minente et stylis\u00e9e en blanc, cr\u00e9ant un magnifique contraste avec le fond color\u00e9 et \u00e9voquant l&rsquo;esprit cr\u00e9atif et artistique de la cit\u00e9 comtale. Le lien culturel avec Barcelone se refl\u00e8te dans le design abstrait, qui rappelle l&rsquo;\u0153uvre de c\u00e9l\u00e8bres artistes modernistes ayant fait de cette ville leur foyer. Cette coque est le souvenir parfait pour les touristes \u00e0 la recherche d&rsquo;une pi\u00e8ce authentique et fonctionnelle repr\u00e9sentant leur visite \u00e0 l&#8217;embl\u00e9matique Barcelone. Chez Ol\u00e9 Mosaic, nous proposons des produits uniques comme cette coque de t\u00e9l\u00e9phone, une option id\u00e9ale pour les boutiques de cadeaux touristiques cherchant \u00e0 se d\u00e9marquer sur le march\u00e9 des souvenirs modernes.<\/p>\n","protected":false},"excerpt":{"rendered":"<p>Coque pour iPhone 15 Pro Max avec un design abstrait vibrant dans des tons de bleu, rouge, jaune et vert. Fabriqu\u00e9e en TPU, cet accessoire combine fonctionnalit\u00e9 et style, prot\u00e9geant votre appareil tout en lui ajoutant une touche artistique et moderne. Le mot \u00ab\u00a0Barcelone\u00a0\u00bb se d\u00e9tache en blanc sur le fond color\u00e9, \u00e9voquant l&rsquo;essence de cette ville embl\u00e9matique. Id\u00e9al pour ceux qui recherchent un accessoire unique et original.<\/p>\n","protected":false},"featured_media":12475,"template":"","meta":{"_acf_changed":false},"product_brand":[],"product_cat":[674],"product_tag":[],"class_list":{"0":"post-33741","1":"product","2":"type-product","3":"status-publish","4":"has-post-thumbnail","6":"product_cat-etuis-pour-telephones-portables","7":"pa_ciudad-barcelona","8":"pa_motivo-resume","9":"pa_pais-espana","11":"first","12":"instock","13":"shipping-taxable","14":"product-type-simple"},"acf":[],"_links":{"self":[{"href":"https:\/\/olemosaic.com\/fr\/wp-json\/wp\/v2\/product\/33741","targetHints":{"allow":["GET"]}}],"collection":[{"href":"https:\/\/olemosaic.com\/fr\/wp-json\/wp\/v2\/product"}],"about":[{"href":"https:\/\/olemosaic.com\/fr\/wp-json\/wp\/v2\/types\/product"}],"wp:featuredmedia":[{"embeddable":true,"href":"https:\/\/olemosaic.com\/fr\/wp-json\/wp\/v2\/media\/12475"}],"wp:attachment":[{"href":"https:\/\/olemosaic.com\/fr\/wp-json\/wp\/v2\/media?parent=33741"}],"wp:term":[{"taxonomy":"product_brand","embeddable":true,"href":"https:\/\/olemosaic.com\/fr\/wp-json\/wp\/v2\/product_brand?post=33741"},{"taxonomy":"product_cat","embeddable":true,"href":"https:\/\/olemosaic.com\/fr\/wp-json\/wp\/v2\/product_cat?post=33741"},{"taxonomy":"product_tag","embeddable":true,"href":"https:\/\/olemosaic.com\/fr\/wp-json\/wp\/v2\/product_tag?post=33741"}],"curies":[{"name":"wp","href":"https:\/\/api.w.org\/{rel}","templated":true}]}}