{"id":33740,"date":"2025-02-20T23:35:34","date_gmt":"2025-02-20T22:35:34","guid":{"rendered":"http:\/\/olemosaic.com\/producto\/funda-de-telefono-para-iphone-15-pro-tpu-abstracto-azul-3\/"},"modified":"2025-07-25T18:56:07","modified_gmt":"2025-07-25T16:56:07","slug":"coque-de-telephone-pour-iphone-15-pro-tpu-abstrait-bleu-3","status":"publish","type":"product","link":"https:\/\/olemosaic.com\/fr\/produit\/coque-de-telephone-pour-iphone-15-pro-tpu-abstrait-bleu-3\/","title":{"rendered":"Coque de t\u00e9l\u00e9phone pour iPhone 15 Pro (TPU). Abstrait. Barcelone. Bleu."},"content":{"rendered":"<p>Coque de t\u00e9l\u00e9phone pour iPhone 15 Pro, con\u00e7ue avec un motif abstrait vibrant qui capture l&rsquo;essence de Barcelone. Cette coque, fabriqu\u00e9e en TPU de haute qualit\u00e9, offre non seulement une protection durable pour votre appareil, mais aussi un style unique et moderne. Son design pr\u00e9sente une explosion de couleurs dans des tons de bleu, rose et jaune, qui s&rsquo;entrelacent dans un effet visuel dynamique, \u00e9voquant l&rsquo;\u00e9nergie et la cr\u00e9ativit\u00e9 de la ville. Le nom \u00ab\u00a0Barcelone\u00a0\u00bb se d\u00e9tache en lettres blanches, cr\u00e9ant un contraste parfait qui souligne l&rsquo;\u0153uvre artistique ornant la coque.<\/p>\n<p>Id\u00e9ale pour ceux qui recherchent des souvenirs authentiques repr\u00e9sentant la culture et le caract\u00e8re de la cit\u00e9 comtale, cette coque n&rsquo;est pas seulement un accessoire pratique, mais aussi une expression de la vie urbaine vibrante de Barcelone. Ce design peut rappeler les c\u00e9l\u00e8bres mosa\u00efques de Gaud\u00ed, qui combinent formes et couleurs de mani\u00e8re surprenante, refl\u00e9tant le riche h\u00e9ritage culturel de la r\u00e9gion. Chez Ol\u00e9 Mosaic, nous nous sp\u00e9cialisons dans la distribution de souvenirs en gros, c&rsquo;est pourquoi cette coque pour iPhone 15 Pro devient une excellente option pour les boutiques de cadeaux touristiques souhaitant proposer des produits distinctifs et de qualit\u00e9. Attirez vos clients avec cette coque abstraite qui non seulement prot\u00e8ge, mais embellit \u00e9galement leur quotidien.<\/p>\n","protected":false},"excerpt":{"rendered":"<p>Coque pour iPhone 15 Pro fabriqu\u00e9e en TPU, avec un design abstrait et vibrant qui capture l&rsquo;essence de Barcelone. Elle pr\u00e9sente une explosion de couleurs dans des tons de bleu, rose et jaune, cr\u00e9ant un effet visuel dynamique et moderne. Le nom \u00ab\u00a0Barcelone\u00a0\u00bb se d\u00e9tache en lettres blanches, compl\u00e9tant l&rsquo;\u0153uvre artistique. Cette coque ne prot\u00e8ge pas seulement votre appareil, elle ajoute \u00e9galement une touche de style unique inspir\u00e9e par la culture de la ville.<\/p>\n","protected":false},"featured_media":12455,"template":"","meta":{"_acf_changed":false},"product_brand":[],"product_cat":[674],"product_tag":[],"class_list":{"0":"post-33740","1":"product","2":"type-product","3":"status-publish","4":"has-post-thumbnail","6":"product_cat-etuis-pour-telephones-portables","7":"pa_ciudad-barcelona","8":"pa_motivo-resume","9":"pa_pais-espana","11":"first","12":"instock","13":"shipping-taxable","14":"product-type-simple"},"acf":[],"_links":{"self":[{"href":"https:\/\/olemosaic.com\/fr\/wp-json\/wp\/v2\/product\/33740","targetHints":{"allow":["GET"]}}],"collection":[{"href":"https:\/\/olemosaic.com\/fr\/wp-json\/wp\/v2\/product"}],"about":[{"href":"https:\/\/olemosaic.com\/fr\/wp-json\/wp\/v2\/types\/product"}],"wp:featuredmedia":[{"embeddable":true,"href":"https:\/\/olemosaic.com\/fr\/wp-json\/wp\/v2\/media\/12455"}],"wp:attachment":[{"href":"https:\/\/olemosaic.com\/fr\/wp-json\/wp\/v2\/media?parent=33740"}],"wp:term":[{"taxonomy":"product_brand","embeddable":true,"href":"https:\/\/olemosaic.com\/fr\/wp-json\/wp\/v2\/product_brand?post=33740"},{"taxonomy":"product_cat","embeddable":true,"href":"https:\/\/olemosaic.com\/fr\/wp-json\/wp\/v2\/product_cat?post=33740"},{"taxonomy":"product_tag","embeddable":true,"href":"https:\/\/olemosaic.com\/fr\/wp-json\/wp\/v2\/product_tag?post=33740"}],"curies":[{"name":"wp","href":"https:\/\/api.w.org\/{rel}","templated":true}]}}