{"id":33738,"date":"2025-02-20T22:35:33","date_gmt":"2025-02-20T22:35:33","guid":{"rendered":"http:\/\/olemosaic.com\/producto\/funda-de-telefono-para-iphone-15-promax-tpu-salamandra-barcelona-negro\/"},"modified":"2025-07-25T18:59:23","modified_gmt":"2025-07-25T16:59:23","slug":"coque-de-telephone-pour-iphone-15-pro-max-tpu-salamandre-barcelone-noir","status":"publish","type":"product","link":"https:\/\/olemosaic.com\/fr\/produit\/coque-de-telephone-pour-iphone-15-pro-max-tpu-salamandre-barcelone-noir\/","title":{"rendered":"Coque de t\u00e9l\u00e9phone pour iPhone 15 Pro Max (TPU). Salamandre. Barcelone. Noir"},"content":{"rendered":"<p>Coque pour iPhone 15 Pro Max inspir\u00e9e par la riche biodiversit\u00e9 barcelonaise. Cette pi\u00e8ce unique, fabriqu\u00e9e en TPU \u2014 un mat\u00e9riau connu pour sa r\u00e9sistance et sa flexibilit\u00e9 \u2014, pr\u00e9sente un design surprenant. Le fond noir contraste merveilleusement avec des salamandres et des fleurs aux couleurs vives, \u00e9voquant l&rsquo;essence vibrante de la cit\u00e9 comtale. Les d\u00e9tails frappants en vert, bleu et rouge apportent un air moderne et attrayant, tout en repr\u00e9sentant la diversit\u00e9 culturelle et naturelle de Barcelone. Le mot \u00ab Barcelone \u00bb est imprim\u00e9 avec \u00e9l\u00e9gance en bas, une touche suppl\u00e9mentaire d&rsquo;identification locale qui ravira les touristes comme les Barcelonais.<\/p>\n<p>Ce design capture l&rsquo;essence de la faune m\u00e9diterran\u00e9enne, symbolisant la connexion de la ville avec son environnement et son riche h\u00e9ritage culturel. La salamandre, personnage embl\u00e9matique de l&rsquo;art et de la mythologie de la r\u00e9gion, devient l&rsquo;\u00e9l\u00e9ment central qui donne vie \u00e0 cette coque, en faisant un authentique souvenir. Chez Ol\u00e9 Mosaic, nous nous engageons \u00e0 offrir des produits authentiques qui refl\u00e8tent la richesse culturelle de chaque r\u00e9gion. Cette coque ne prot\u00e8ge pas seulement votre appareil, elle constitue \u00e9galement une excellente option pour ceux qui recherchent des souvenirs de Barcelone, alliant style et praticit\u00e9. Id\u00e9al pour les boutiques de cadeaux touristiques souhaitant proposer des produits de qualit\u00e9 au caract\u00e8re authentique.<\/p>\n","protected":false},"excerpt":{"rendered":"<p>Coque de t\u00e9l\u00e9phone pour iPhone 15 Pro Max fabriqu\u00e9e en TPU, d\u00e9cor\u00e9e de salamandres et de fleurs color\u00e9es \u00e9voquant l&rsquo;essence vibrante de Barcelone. Son fond noir fait ressortir les d\u00e9tails frappants en vert, bleu et rouge, offrant un design moderne et attrayant. Le mot \u00ab\u00a0Barcelone\u00a0\u00bb est imprim\u00e9 avec style en bas, ajoutant une touche suppl\u00e9mentaire d&rsquo;identit\u00e9 locale. Id\u00e9al pour ceux qui recherchent protection et style pour leur appareil mobile.<\/p>\n","protected":false},"featured_media":12479,"template":"","meta":{"_acf_changed":false},"product_brand":[],"product_cat":[674],"product_tag":[530],"class_list":{"0":"post-33738","1":"product","2":"type-product","3":"status-publish","4":"has-post-thumbnail","6":"product_cat-etuis-pour-telephones-portables","7":"product_tag-animaux","8":"pa_ciudad-barcelona","9":"pa_motivo-salamandres","10":"pa_pais-espana","12":"first","13":"instock","14":"shipping-taxable","15":"product-type-simple"},"acf":[],"_links":{"self":[{"href":"https:\/\/olemosaic.com\/fr\/wp-json\/wp\/v2\/product\/33738","targetHints":{"allow":["GET"]}}],"collection":[{"href":"https:\/\/olemosaic.com\/fr\/wp-json\/wp\/v2\/product"}],"about":[{"href":"https:\/\/olemosaic.com\/fr\/wp-json\/wp\/v2\/types\/product"}],"wp:featuredmedia":[{"embeddable":true,"href":"https:\/\/olemosaic.com\/fr\/wp-json\/wp\/v2\/media\/12479"}],"wp:attachment":[{"href":"https:\/\/olemosaic.com\/fr\/wp-json\/wp\/v2\/media?parent=33738"}],"wp:term":[{"taxonomy":"product_brand","embeddable":true,"href":"https:\/\/olemosaic.com\/fr\/wp-json\/wp\/v2\/product_brand?post=33738"},{"taxonomy":"product_cat","embeddable":true,"href":"https:\/\/olemosaic.com\/fr\/wp-json\/wp\/v2\/product_cat?post=33738"},{"taxonomy":"product_tag","embeddable":true,"href":"https:\/\/olemosaic.com\/fr\/wp-json\/wp\/v2\/product_tag?post=33738"}],"curies":[{"name":"wp","href":"https:\/\/api.w.org\/{rel}","templated":true}]}}