{"id":33721,"date":"2025-02-20T23:35:33","date_gmt":"2025-02-20T22:35:33","guid":{"rendered":"http:\/\/olemosaic.com\/producto\/funda-de-telefono-para-iphone-15-promax-tpu-motivos-marinos-azul-2\/"},"modified":"2025-07-25T20:18:49","modified_gmt":"2025-07-25T18:18:49","slug":"coque-de-telephone-pour-iphone-15-pro-max-tpu-motifs-marins-bleu-2","status":"publish","type":"product","link":"https:\/\/olemosaic.com\/fr\/produit\/coque-de-telephone-pour-iphone-15-pro-max-tpu-motifs-marins-bleu-2\/","title":{"rendered":"Coque de t\u00e9l\u00e9phone pour iPhone 15 Pro Max (TPU). Motifs marins. Majorque. Bleu"},"content":{"rendered":"<p>Coque pour iPhone 15 Pro Max avec des motifs marins vibrants, un design exclusif capturant l&rsquo;essence des eaux cristallines de Majorque. Cette coque, fabriqu\u00e9e en TPU, un mat\u00e9riau flexible et r\u00e9sistant, garantit la protection de votre appareil tout en d\u00e9ployant une sc\u00e8ne sous-marine riche et pleine de vie. Sur le fond bleu profond, se d\u00e9tachent des poissons color\u00e9s, des tortues \u00e9l\u00e9gantes et de charmants hippocampes, tous entour\u00e9s de flore marine, cr\u00e9ant une repr\u00e9sentation visuelle qui \u00e9voque la beaut\u00e9 naturelle de la M\u00e9diterran\u00e9e.<\/p>\n<p>La base textur\u00e9e, avec une finition en mosa\u00efque, est un clin d&rsquo;\u0153il \u00e0 la riche tradition culturelle de Majorque, o\u00f9 l&rsquo;art de la mosa\u00efque est respect\u00e9 et c\u00e9l\u00e9br\u00e9 dans chaque recoin de l&rsquo;\u00eele. De plus, l&rsquo;\u00e9l\u00e9gante typographie indiquant \u00ab\u00a0Mallorca\u00a0\u00bb n&rsquo;ajoute pas seulement une touche personnelle distinctive, mais incorpore \u00e9galement un \u00e9l\u00e9ment d&rsquo;identification qui r\u00e9sonne aupr\u00e8s des touristes cherchant \u00e0 emporter un morceau de l&rsquo;\u00eele avec eux. Cette coque n&rsquo;est pas seulement un excellent choix pour les amoureux de la mer, mais elle agit \u00e9galement comme un authentique souvenir des merveilles de Majorque. Chez Ol\u00e9 Mosaic, nous proposons un large catalogue de produits, garantissant que chaque souvenir, comme cette coque de t\u00e9l\u00e9phone, soit une pi\u00e8ce unique et pertinente capturant l&rsquo;essence de son origine, parfaite pour les boutiques de cadeaux touristiques souhaitant offrir authenticit\u00e9 et qualit\u00e9 \u00e0 leurs clients.<\/p>\n","protected":false},"excerpt":{"rendered":"<p>Coque pour iPhone 15 Pro Max en TPU avec des motifs marins vibrants. Le design pr\u00e9sente une sc\u00e8ne sous-marine pleine de vie, avec des poissons color\u00e9s, des tortues et des hippocampes sur un fond bleu profond \u00e9voquant les eaux cristallines de Majorque. La base textur\u00e9e, avec une finition en mosa\u00efque, souligne la culture locale, tandis que l&rsquo;\u00e9l\u00e9gante typographie indiquant \u00ab\u00a0Mallorca\u00a0\u00bb ajoute une touche distinctive. Un excellent choix pour ceux qui aiment la mer et veulent prot\u00e9ger leur appareil avec style.<\/p>\n","protected":false},"featured_media":12988,"template":"","meta":{"_acf_changed":false},"product_brand":[],"product_cat":[674],"product_tag":[530],"class_list":{"0":"post-33721","1":"product","2":"type-product","3":"status-publish","4":"has-post-thumbnail","6":"product_cat-etuis-pour-telephones-portables","7":"product_tag-animaux","8":"pa_ciudad-mallorca","9":"pa_motivo-animaux-marins","10":"pa_pais-espana","12":"first","13":"instock","14":"shipping-taxable","15":"product-type-simple"},"acf":[],"_links":{"self":[{"href":"https:\/\/olemosaic.com\/fr\/wp-json\/wp\/v2\/product\/33721","targetHints":{"allow":["GET"]}}],"collection":[{"href":"https:\/\/olemosaic.com\/fr\/wp-json\/wp\/v2\/product"}],"about":[{"href":"https:\/\/olemosaic.com\/fr\/wp-json\/wp\/v2\/types\/product"}],"wp:featuredmedia":[{"embeddable":true,"href":"https:\/\/olemosaic.com\/fr\/wp-json\/wp\/v2\/media\/12988"}],"wp:attachment":[{"href":"https:\/\/olemosaic.com\/fr\/wp-json\/wp\/v2\/media?parent=33721"}],"wp:term":[{"taxonomy":"product_brand","embeddable":true,"href":"https:\/\/olemosaic.com\/fr\/wp-json\/wp\/v2\/product_brand?post=33721"},{"taxonomy":"product_cat","embeddable":true,"href":"https:\/\/olemosaic.com\/fr\/wp-json\/wp\/v2\/product_cat?post=33721"},{"taxonomy":"product_tag","embeddable":true,"href":"https:\/\/olemosaic.com\/fr\/wp-json\/wp\/v2\/product_tag?post=33721"}],"curies":[{"name":"wp","href":"https:\/\/api.w.org\/{rel}","templated":true}]}}