{"id":33720,"date":"2025-02-20T22:35:33","date_gmt":"2025-02-20T22:35:33","guid":{"rendered":"http:\/\/olemosaic.com\/producto\/funda-de-telefono-para-iphone-15-promax-tpu-panoramica-barcelona-azul-2\/"},"modified":"2025-07-25T20:08:17","modified_gmt":"2025-07-25T18:08:17","slug":"coque-de-telephone-pour-iphone-15-pro-max-tpu-panoramique-barcelone-bleu-2","status":"publish","type":"product","link":"https:\/\/olemosaic.com\/fr\/produit\/coque-de-telephone-pour-iphone-15-pro-max-tpu-panoramique-barcelone-bleu-2\/","title":{"rendered":"Coque de t\u00e9l\u00e9phone pour iPhone 15 Pro Max (TPU). Panoramique. Barcelone. Bleu"},"content":{"rendered":"<p>Coque pour iPhone 15 Pro Max avec une vue panoramique vibrante de Barcelone, id\u00e9ale pour ceux qui souhaitent emporter avec eux un morceau de cette ville embl\u00e9matique. Fabriqu\u00e9e en TPU de haute qualit\u00e9, cette coque offre non seulement une excellente protection contre les chutes et les chocs, mais se distingue \u00e9galement par son design color\u00e9 et attrayant. L&rsquo;image centrale pr\u00e9sente l&#8217;embl\u00e9matique Sagrada Familia, mise en valeur par des tons orange intenses qui capturent la lumi\u00e8re du soleil m\u00e9diterran\u00e9en, tandis que le fond bleu \u00e9voque les ciels d\u00e9gag\u00e9s de Barcelone. Des \u00e9l\u00e9ments caract\u00e9ristiques de la ville, tels que des palmiers et un soleil brillant, ajoutent une touche de fra\u00eecheur et de joie \u00e0 ce produit, qui est \u00e0 la fois fonctionnel et esth\u00e9tiquement plaisant.<\/p>\n<p>Dans la partie inf\u00e9rieure, le texte \u00ab\u00a0Barcelona\u00a0\u00bb dans un style amusant et dynamique renforce le lien culturel du souvenir avec la ville, en faisant une pi\u00e8ce repr\u00e9sentative de l&rsquo;art et de l&rsquo;architecture qui la distinguent. Cette coque est le souvenir parfait pour les touristes \u00e0 la recherche d&rsquo;un souvenir authentique et pratique, refl\u00e9tant l&rsquo;essence vibrante de Barcelone. Chez Ol\u00e9 Mosaic, nous sommes fiers de proposer des produits comme cette coque pour t\u00e9l\u00e9phones, id\u00e9aux pour ceux qui souhaitent emporter un morceau de la ville avec eux. En tant que grossistes de souvenirs, nous garantissons la qualit\u00e9 et des designs uniques pour chacun de nos articles.<\/p>\n","protected":false},"excerpt":{"rendered":"<p>Coque pour iPhone 15 Pro Max fabriqu\u00e9e en TPU, avec une vue panoramique frappante de Barcelone. Son design color\u00e9 met en avant l&#8217;embl\u00e9matique Sagrada Familia dans des tons orange et des d\u00e9tails verts, encadr\u00e9e par un fond bleu vibrant et des \u00e9l\u00e9ments tels que des palmiers et un soleil radieux. Dans la partie inf\u00e9rieure, le texte \u00ab\u00a0Barcelona\u00a0\u00bb ajoute une touche distinctive \u00e0 ce souvenir pratique qui allie protection et style, id\u00e9al pour les amoureux de la ville.<\/p>\n","protected":false},"featured_media":12474,"template":"","meta":{"_acf_changed":false},"product_brand":[],"product_cat":[674],"product_tag":[],"class_list":{"0":"post-33720","1":"product","2":"type-product","3":"status-publish","4":"has-post-thumbnail","6":"product_cat-etuis-pour-telephones-portables","7":"pa_ciudad-barcelona","8":"pa_motivo-panoramas","9":"pa_pais-espana","11":"first","12":"instock","13":"shipping-taxable","14":"product-type-simple"},"acf":[],"_links":{"self":[{"href":"https:\/\/olemosaic.com\/fr\/wp-json\/wp\/v2\/product\/33720","targetHints":{"allow":["GET"]}}],"collection":[{"href":"https:\/\/olemosaic.com\/fr\/wp-json\/wp\/v2\/product"}],"about":[{"href":"https:\/\/olemosaic.com\/fr\/wp-json\/wp\/v2\/types\/product"}],"wp:featuredmedia":[{"embeddable":true,"href":"https:\/\/olemosaic.com\/fr\/wp-json\/wp\/v2\/media\/12474"}],"wp:attachment":[{"href":"https:\/\/olemosaic.com\/fr\/wp-json\/wp\/v2\/media?parent=33720"}],"wp:term":[{"taxonomy":"product_brand","embeddable":true,"href":"https:\/\/olemosaic.com\/fr\/wp-json\/wp\/v2\/product_brand?post=33720"},{"taxonomy":"product_cat","embeddable":true,"href":"https:\/\/olemosaic.com\/fr\/wp-json\/wp\/v2\/product_cat?post=33720"},{"taxonomy":"product_tag","embeddable":true,"href":"https:\/\/olemosaic.com\/fr\/wp-json\/wp\/v2\/product_tag?post=33720"}],"curies":[{"name":"wp","href":"https:\/\/api.w.org\/{rel}","templated":true}]}}