{"id":33719,"date":"2025-02-20T22:35:33","date_gmt":"2025-02-20T22:35:33","guid":{"rendered":"http:\/\/olemosaic.com\/producto\/funda-de-telefono-para-iphone-15-promax-tpu-forjas-azul\/"},"modified":"2025-07-25T19:52:17","modified_gmt":"2025-07-25T17:52:17","slug":"coque-de-telephone-pour-iphone-15-pro-max-tpu-forges-bleu","status":"publish","type":"product","link":"https:\/\/olemosaic.com\/fr\/produit\/coque-de-telephone-pour-iphone-15-pro-max-tpu-forges-bleu\/","title":{"rendered":"Coque de t\u00e9l\u00e9phone pour iPhone 15 Pro Max (TPU). Forges. Bleu"},"content":{"rendered":"<p>Coque pour iPhone 15 Pro Max avec un design complexe de forges blanches sur un fond bleu profond. Fabriqu\u00e9e en TPU de haute qualit\u00e9, cette coque allie \u00e9l\u00e9gance et r\u00e9sistance, offrant une protection durable pour votre appareil. Le motif de forges, d\u00e9licatement con\u00e7u, \u00e9voque la riche tradition de l&rsquo;art d\u00e9coratif m\u00e9diterran\u00e9en, un symbole distinctif de la culture qui nous relie aux racines artisanales de la r\u00e9gion.<\/p>\n<p>Visuellement, la coque se distingue par son esth\u00e9tique sophistiqu\u00e9e. Le contraste entre le blanc et le bleu cr\u00e9e une apparence fra\u00eeche et vibrante qui attirera sans aucun doute l&rsquo;attention. Le design complexe, rempli de courbes et de d\u00e9tails minutieux, refl\u00e8te la ma\u00eetrise de l&rsquo;artisanat local, transformant un accessoire quotidien en une pi\u00e8ce d&rsquo;art fonctionnelle. Cette coque ne fournit pas seulement une couverture compl\u00e8te pour l&rsquo;iPhone 15 Pro Max, mais devient \u00e9galement un souvenir \u00e9mouvant des belles traditions culturelles qui enrichissent la vie m\u00e9diterran\u00e9enne.<\/p>\n<p>Chez Ol\u00e9 Mosaic, nous sommes sp\u00e9cialistes de la distribution de souvenirs en gros, et cette coque de t\u00e9l\u00e9phone est l&rsquo;option id\u00e9ale pour les boutiques de cadeaux touristiques cherchant \u00e0 proposer des produits authentiques et repr\u00e9sentatifs. La pertinence culturelle et la qualit\u00e9 du design font de cette coque un excellent souvenir, parfait pour les touristes qui souhaitent ramener un petit morceau de la tradition m\u00e9diterran\u00e9enne chez eux. Avec notre offre de coques pour t\u00e9l\u00e9phones, nous garantissons que chaque client trouvera la touche \u00e9l\u00e9gante et distinctive qu&rsquo;il recherche.<\/p>\n","protected":false},"excerpt":{"rendered":"<p>Coque pour iPhone 15 Pro Max fabriqu\u00e9e en TPU, orn\u00e9e d&rsquo;un design complexe de forge blanche sur un fond bleu. Cet accessoire combine fonctionnalit\u00e9 et style, offrant une protection durable tout en capturant l&rsquo;essence de l&rsquo;artisanat traditionnel. Le motif \u00e9labor\u00e9 de forge \u00e9voque l&rsquo;art d\u00e9coratif caract\u00e9ristique de la culture m\u00e9diterran\u00e9enne, faisant de cette coque l&rsquo;option parfaite pour ceux qui recherchent une touche \u00e9l\u00e9gante et distinctive pour leur appareil.<\/p>\n","protected":false},"featured_media":12476,"template":"","meta":{"_acf_changed":false},"product_brand":[],"product_cat":[674],"product_tag":[],"class_list":{"0":"post-33719","1":"product","2":"type-product","3":"status-publish","4":"has-post-thumbnail","6":"product_cat-etuis-pour-telephones-portables","7":"pa_motivo-forges","9":"first","10":"instock","11":"shipping-taxable","12":"product-type-simple"},"acf":[],"_links":{"self":[{"href":"https:\/\/olemosaic.com\/fr\/wp-json\/wp\/v2\/product\/33719","targetHints":{"allow":["GET"]}}],"collection":[{"href":"https:\/\/olemosaic.com\/fr\/wp-json\/wp\/v2\/product"}],"about":[{"href":"https:\/\/olemosaic.com\/fr\/wp-json\/wp\/v2\/types\/product"}],"wp:featuredmedia":[{"embeddable":true,"href":"https:\/\/olemosaic.com\/fr\/wp-json\/wp\/v2\/media\/12476"}],"wp:attachment":[{"href":"https:\/\/olemosaic.com\/fr\/wp-json\/wp\/v2\/media?parent=33719"}],"wp:term":[{"taxonomy":"product_brand","embeddable":true,"href":"https:\/\/olemosaic.com\/fr\/wp-json\/wp\/v2\/product_brand?post=33719"},{"taxonomy":"product_cat","embeddable":true,"href":"https:\/\/olemosaic.com\/fr\/wp-json\/wp\/v2\/product_cat?post=33719"},{"taxonomy":"product_tag","embeddable":true,"href":"https:\/\/olemosaic.com\/fr\/wp-json\/wp\/v2\/product_tag?post=33719"}],"curies":[{"name":"wp","href":"https:\/\/api.w.org\/{rel}","templated":true}]}}