{"id":33718,"date":"2025-02-20T22:35:33","date_gmt":"2025-02-20T22:35:33","guid":{"rendered":"http:\/\/olemosaic.com\/producto\/funda-de-telefono-para-iphone-15-promax-tpu-salamandra-mallorca-blanco\/"},"modified":"2025-07-25T19:56:48","modified_gmt":"2025-07-25T17:56:48","slug":"coque-de-telephone-pour-iphone-15-pro-max-tpu-salamandre-majorque-blanc","status":"publish","type":"product","link":"https:\/\/olemosaic.com\/fr\/produit\/coque-de-telephone-pour-iphone-15-pro-max-tpu-salamandre-majorque-blanc\/","title":{"rendered":"Coque de t\u00e9l\u00e9phone pour iPhone 15 Pro Max (TPU). Salamandre. Majorque. Blanc"},"content":{"rendered":"<p>Coque pour iPhone 15 Pro Max avec un design vibrant qui capture l&rsquo;essence de Majorque. Cet accessoire \u00e9l\u00e9gant, fabriqu\u00e9 en TPU de haute qualit\u00e9, pr\u00e9sente une impressionnante mosa\u00efque de tons blancs avec des d\u00e9tails color\u00e9s \u00e9voquant la riche tradition artistique de l&rsquo;\u00eele. Orn\u00e9e de salamandres multicolores, ce design refl\u00e8te la biodiversit\u00e9 et le charme de la culture m\u00e9diterran\u00e9enne, faisant de la coque un symbole de la beaut\u00e9 naturelle de Majorque. Les salamandres, avec leurs couleurs vives et leurs finitions brillantes, donnent vie au fond blanc et cr\u00e9ent un contraste fascinant qui ne passera pas inaper\u00e7u.<\/p>\n<p>Ce produit offre non seulement une protection durable pour votre iPhone 15 Pro Max, mais constitue \u00e9galement un authentique souvenir de Majorque, id\u00e9al pour les touristes cherchant \u00e0 emporter un morceau de la tradition insulaire. La fusion de la fonctionnalit\u00e9 et de l&rsquo;esth\u00e9tique fait de cette coque un souvenir parfait, repr\u00e9sentant le riche h\u00e9ritage culturel de la r\u00e9gion. Chez Ol\u00e9 Mosaic, nous sommes des distributeurs de souvenirs qui valorisent l&rsquo;authenticit\u00e9 et le design. Cette coque est une excellente option pour les boutiques de cadeaux touristiques souhaitant proposer des produits uniques et attrayants. En tant que grossistes d&rsquo;accessoires, nous garantissons que chaque pi\u00e8ce c\u00e9l\u00e8bre le meilleur de la culture majorquine.<\/p>\n","protected":false},"excerpt":{"rendered":"<p>Coque pour iPhone 15 Pro Max en TPU, d\u00e9cor\u00e9e d&rsquo;un design vibrant de salamandres et de fleurs, inspir\u00e9e par la riche culture majorquine. La base blanche imite une mosa\u00efque avec des d\u00e9tails color\u00e9s, et les salamandres arborent une finition multicolore qui ressort sur le fond. Cet accessoire combine fonctionnalit\u00e9 et esth\u00e9tique, offrant une protection durable et une touche artistique qui c\u00e9l\u00e8bre la beaut\u00e9 m\u00e9diterran\u00e9enne.<\/p>\n","protected":false},"featured_media":12985,"template":"","meta":{"_acf_changed":false},"product_brand":[],"product_cat":[674],"product_tag":[530],"class_list":{"0":"post-33718","1":"product","2":"type-product","3":"status-publish","4":"has-post-thumbnail","6":"product_cat-etuis-pour-telephones-portables","7":"product_tag-animaux","8":"pa_ciudad-mallorca","9":"pa_motivo-salamandres","10":"pa_pais-espana","12":"first","13":"instock","14":"shipping-taxable","15":"product-type-simple"},"acf":[],"_links":{"self":[{"href":"https:\/\/olemosaic.com\/fr\/wp-json\/wp\/v2\/product\/33718","targetHints":{"allow":["GET"]}}],"collection":[{"href":"https:\/\/olemosaic.com\/fr\/wp-json\/wp\/v2\/product"}],"about":[{"href":"https:\/\/olemosaic.com\/fr\/wp-json\/wp\/v2\/types\/product"}],"wp:featuredmedia":[{"embeddable":true,"href":"https:\/\/olemosaic.com\/fr\/wp-json\/wp\/v2\/media\/12985"}],"wp:attachment":[{"href":"https:\/\/olemosaic.com\/fr\/wp-json\/wp\/v2\/media?parent=33718"}],"wp:term":[{"taxonomy":"product_brand","embeddable":true,"href":"https:\/\/olemosaic.com\/fr\/wp-json\/wp\/v2\/product_brand?post=33718"},{"taxonomy":"product_cat","embeddable":true,"href":"https:\/\/olemosaic.com\/fr\/wp-json\/wp\/v2\/product_cat?post=33718"},{"taxonomy":"product_tag","embeddable":true,"href":"https:\/\/olemosaic.com\/fr\/wp-json\/wp\/v2\/product_tag?post=33718"}],"curies":[{"name":"wp","href":"https:\/\/api.w.org\/{rel}","templated":true}]}}