{"id":33717,"date":"2025-02-20T22:35:32","date_gmt":"2025-02-20T22:35:32","guid":{"rendered":"http:\/\/olemosaic.com\/producto\/funda-de-telefono-para-iphone-15-promax-tpu-abstracto-verde\/"},"modified":"2025-07-25T20:32:10","modified_gmt":"2025-07-25T18:32:10","slug":"coque-de-telephone-pour-iphone-15-pro-max-tpu-abstrait-vert","status":"publish","type":"product","link":"https:\/\/olemosaic.com\/fr\/produit\/coque-de-telephone-pour-iphone-15-pro-max-tpu-abstrait-vert\/","title":{"rendered":"Coque de t\u00e9l\u00e9phone pour iPhone 15 Pro Max (TPU). Abstrait. Vert"},"content":{"rendered":"<p>Coque pour iPhone 15 Pro Max avec un design de mosa\u00efque abstraite. Fabriqu\u00e9e en TPU de haute qualit\u00e9, cette coque ne prot\u00e8ge pas seulement votre appareil, mais se distingue \u00e9galement par son design attrayant, rappelant les \u0153uvres traditionnelles en c\u00e9ramique d&rsquo;Espagne. Les tons vibrants de vert, d&rsquo;aigue-marine et de p\u00eache se combinent dans un motif qui \u00e9voque le riche h\u00e9ritage culturel de la r\u00e9gion, faisant de cette coque un v\u00e9ritable hommage \u00e0 l&rsquo;art de la mosa\u00efque. La structure flexible du TPU garantit un ajustement parfait \u00e0 l&rsquo;iPhone 15 Pro Max, permettant un acc\u00e8s sans probl\u00e8me \u00e0 tous les ports et boutons.<\/p>\n<p>Le design abstrait de la coque offre un style contemporain, id\u00e9al pour ceux qui souhaitent prot\u00e9ger leur t\u00e9l\u00e9phone sans renoncer \u00e0 l&rsquo;\u00e9l\u00e9gance. Cet accessoire, en plus d&rsquo;\u00eatre fonctionnel, devient un objet de personnalisation distinctif, attirant l&rsquo;attention de ceux qui appr\u00e9cient la beaut\u00e9 de l&rsquo;art espagnol. Faisant partie de la collection Ol\u00e9 Mosaic, cette coque est un fantastique souvenir pour les touristes cherchant \u00e0 emporter un morceau de la culture locale. D\u00e9couvrez la qualit\u00e9 et l&rsquo;authenticit\u00e9 de nos produits et offrez \u00e0 vos clients un souvenir significatif et beau qui allie art et protection.<\/p>\n","protected":false},"excerpt":{"rendered":"<p>Coque pour iPhone 15 Pro Max fabriqu\u00e9e en TPU, avec un design abstrait \u00e9voquant l&rsquo;esth\u00e9tique de la mosa\u00efque. Elle pr\u00e9sente une palette de couleurs dans les tons vert, aigue-marine et p\u00eache, cr\u00e9ant un motif qui rappelle les \u0153uvres en c\u00e9ramique typiques de la r\u00e9gion. Id\u00e9ale pour ceux qui cherchent \u00e0 prot\u00e9ger leur appareil sans renoncer au style, cette coque allie fonctionnalit\u00e9 et art dans une pi\u00e8ce unique et \u00e9l\u00e9gante.<\/p>\n","protected":false},"featured_media":12470,"template":"","meta":{"_acf_changed":false},"product_brand":[],"product_cat":[674],"product_tag":[],"class_list":{"0":"post-33717","1":"product","2":"type-product","3":"status-publish","4":"has-post-thumbnail","6":"product_cat-etuis-pour-telephones-portables","7":"pa_motivo-resume","9":"first","10":"instock","11":"shipping-taxable","12":"product-type-simple"},"acf":[],"_links":{"self":[{"href":"https:\/\/olemosaic.com\/fr\/wp-json\/wp\/v2\/product\/33717","targetHints":{"allow":["GET"]}}],"collection":[{"href":"https:\/\/olemosaic.com\/fr\/wp-json\/wp\/v2\/product"}],"about":[{"href":"https:\/\/olemosaic.com\/fr\/wp-json\/wp\/v2\/types\/product"}],"wp:featuredmedia":[{"embeddable":true,"href":"https:\/\/olemosaic.com\/fr\/wp-json\/wp\/v2\/media\/12470"}],"wp:attachment":[{"href":"https:\/\/olemosaic.com\/fr\/wp-json\/wp\/v2\/media?parent=33717"}],"wp:term":[{"taxonomy":"product_brand","embeddable":true,"href":"https:\/\/olemosaic.com\/fr\/wp-json\/wp\/v2\/product_brand?post=33717"},{"taxonomy":"product_cat","embeddable":true,"href":"https:\/\/olemosaic.com\/fr\/wp-json\/wp\/v2\/product_cat?post=33717"},{"taxonomy":"product_tag","embeddable":true,"href":"https:\/\/olemosaic.com\/fr\/wp-json\/wp\/v2\/product_tag?post=33717"}],"curies":[{"name":"wp","href":"https:\/\/api.w.org\/{rel}","templated":true}]}}