{"id":33686,"date":"2025-02-20T22:35:32","date_gmt":"2025-02-20T22:35:32","guid":{"rendered":"http:\/\/olemosaic.com\/producto\/funda-de-telefono-para-iphone-15-promax-tpu-mariposa-mallorca-blanco\/"},"modified":"2025-07-25T18:55:00","modified_gmt":"2025-07-25T16:55:00","slug":"coque-de-telephone-pour-iphone-15-pro-max-tpu-papillon-majorque-blanc","status":"publish","type":"product","link":"https:\/\/olemosaic.com\/fr\/produit\/coque-de-telephone-pour-iphone-15-pro-max-tpu-papillon-majorque-blanc\/","title":{"rendered":"Coque de t\u00e9l\u00e9phone pour iPhone 15 Pro Max (TPU). Papillon. Majorque. Blanc"},"content":{"rendered":"<p>Coque pour iPhone 15 Pro Max avec design de papillons de Majorque<\/p>\n<p>Cette coque pour iPhone 15 Pro Max est le compl\u00e9ment parfait pour ceux qui souhaitent prot\u00e9ger leur appareil tout en emportant avec eux un morceau de la vibrante culture majorquine. Fabriqu\u00e9e en TPU de haute qualit\u00e9, elle se distingue par sa r\u00e9sistance et sa durabilit\u00e9, garantissant une protection efficace contre les chocs et les rayures. Son design color\u00e9 pr\u00e9sente des papillons multicolores, \u00e9voquant la beaut\u00e9 des paysages m\u00e9diterran\u00e9ens, volant sur un fond blanc qui met en valeur une mosa\u00efque vibrante de tons rouges, jaunes et bleus. Les papillons sont m\u00e9ticuleusement illustr\u00e9s, capturant leur \u00e9clat et leur \u00e9l\u00e9gance, ce qui apporte une touche joyeuse et artistique \u00e0 cet accessoire essentiel.<\/p>\n<p>Ce souvenir de Majorque n&rsquo;est pas seulement fonctionnel, c&rsquo;est aussi une magnifique repr\u00e9sentation du folklore de l&rsquo;\u00eele, o\u00f9 la nature et l&rsquo;art s&rsquo;entrelacent pour cr\u00e9er un environnement unique. En choisissant cette coque, les touristes prot\u00e8gent non seulement leur appareil, mais emportent \u00e9galement avec eux un symbole du caract\u00e8re color\u00e9 de Majorque. Chez Ol\u00e9 Mosaic, nous sommes fiers d&rsquo;\u00eatre des distributeurs en gros de souvenirs authentiques qui c\u00e9l\u00e8brent la culture espagnole. Cette coque aux papillons est une excellente option pour les boutiques de cadeaux touristiques qui cherchent \u00e0 offrir des produits uniques et significatifs.<\/p>\n","protected":false},"excerpt":{"rendered":"<p>Coque pour iPhone 15 Pro Max fabriqu\u00e9e en TPU, d\u00e9cor\u00e9e d&rsquo;un design color\u00e9 de papillons \u00e9voquant la beaut\u00e9 de Majorque. Le fond blanc fait ressortir une mosa\u00efque vibrante m\u00e9langeant des tons rouges, jaunes et bleus, tandis que les papillons, illustr\u00e9s avec des d\u00e9tails multicolores, ajoutent une touche joyeuse et artistique. Cette coque prot\u00e8ge non seulement votre appareil, mais capture \u00e9galement l&rsquo;essence du folklore m\u00e9diterran\u00e9en.<\/p>\n","protected":false},"featured_media":12987,"template":"","meta":{"_acf_changed":false},"product_brand":[],"product_cat":[674],"product_tag":[530],"class_list":{"0":"post-33686","1":"product","2":"type-product","3":"status-publish","4":"has-post-thumbnail","6":"product_cat-etuis-pour-telephones-portables","7":"product_tag-animaux","8":"pa_ciudad-mallorca","9":"pa_motivo-papillons","10":"pa_pais-espana","12":"first","13":"instock","14":"shipping-taxable","15":"product-type-simple"},"acf":[],"_links":{"self":[{"href":"https:\/\/olemosaic.com\/fr\/wp-json\/wp\/v2\/product\/33686","targetHints":{"allow":["GET"]}}],"collection":[{"href":"https:\/\/olemosaic.com\/fr\/wp-json\/wp\/v2\/product"}],"about":[{"href":"https:\/\/olemosaic.com\/fr\/wp-json\/wp\/v2\/types\/product"}],"wp:featuredmedia":[{"embeddable":true,"href":"https:\/\/olemosaic.com\/fr\/wp-json\/wp\/v2\/media\/12987"}],"wp:attachment":[{"href":"https:\/\/olemosaic.com\/fr\/wp-json\/wp\/v2\/media?parent=33686"}],"wp:term":[{"taxonomy":"product_brand","embeddable":true,"href":"https:\/\/olemosaic.com\/fr\/wp-json\/wp\/v2\/product_brand?post=33686"},{"taxonomy":"product_cat","embeddable":true,"href":"https:\/\/olemosaic.com\/fr\/wp-json\/wp\/v2\/product_cat?post=33686"},{"taxonomy":"product_tag","embeddable":true,"href":"https:\/\/olemosaic.com\/fr\/wp-json\/wp\/v2\/product_tag?post=33686"}],"curies":[{"name":"wp","href":"https:\/\/api.w.org\/{rel}","templated":true}]}}