{"id":33685,"date":"2025-02-20T23:35:32","date_gmt":"2025-02-20T22:35:32","guid":{"rendered":"http:\/\/olemosaic.com\/producto\/funda-de-telefono-para-iphone-15-promax-tpu-abstracto-azul-2\/"},"modified":"2025-07-25T20:16:41","modified_gmt":"2025-07-25T18:16:41","slug":"coque-de-telephone-pour-iphone-15-pro-max-tpu-abstrait-bleu-motif-losanges","status":"publish","type":"product","link":"https:\/\/olemosaic.com\/fr\/produit\/coque-de-telephone-pour-iphone-15-pro-max-tpu-abstrait-bleu-motif-losanges\/","title":{"rendered":"Coque de t\u00e9l\u00e9phone pour iPhone 15 Pro Max (TPU). Abstrait. Bleu. Motif losanges."},"content":{"rendered":"<p>Coque de t\u00e9l\u00e9phone pour iPhone 15 Pro Max avec un design abstrait et une palette de couleurs vibrantes. Fabriqu\u00e9e en TPU, un mat\u00e9riau flexible et durable, cette coque offre une protection exceptionnelle contre les chutes et les rayures, prot\u00e9geant votre appareil \u00e0 tout moment. Le design pr\u00e9sente un motif de losanges entrelac\u00e9s dans des tons de bleu, vert, jaune et rouge, cr\u00e9ant un effet visuel captivant qui \u00e9voque la modernit\u00e9 et l&rsquo;originalit\u00e9. Chaque losange est nuanc\u00e9 par une transition de couleur douce, apportant une touche artistique qui transforme votre smartphone en une v\u00e9ritable \u0153uvre d&rsquo;art.<\/p>\n<p>En plus d&rsquo;\u00eatre une protection efficace, cette coque ajoute un style contemporain et accrocheur \u00e0 votre iPhone 15 Pro Max, ce qui en fait un choix id\u00e9al pour ceux qui cherchent \u00e0 se d\u00e9marquer. Son lien culturel se refl\u00e8te dans l&rsquo;influence de l&rsquo;art abstrait contemporain, tr\u00e8s pr\u00e9sent en Espagne et au Portugal, qui \u00e9l\u00e8ve les standards esth\u00e9tiques des accessoires technologiques. Cet article est un excellent souvenir qui non seulement prot\u00e8ge votre appareil, mais repr\u00e9sente \u00e9galement la cr\u00e9ativit\u00e9 et la vivacit\u00e9 de la culture locale.<\/p>\n<p>Chez Ol\u00e9 Mosaic, en tant que distributeurs d&rsquo;accessoires de qualit\u00e9 en gros, nous proposons des produits authentiques qui capturent l&rsquo;essence des tendances actuelles. Cette coque est donc un investissement fonctionnel et un souvenir attrayant pour les touristes et les amateurs de design.<\/p>\n","protected":false},"excerpt":{"rendered":"<p>Coque pour iPhone 15 Pro Max fabriqu\u00e9e en TPU, avec un design abstrait affichant une palette de couleurs vibrantes dans des tons bleus, verts, jaunes et rouges. La surface pr\u00e9sente un motif de losanges entrelac\u00e9s qui accentue son originalit\u00e9, offrant un style moderne et accrocheur. Cette coque prot\u00e8ge non seulement votre appareil des chutes et des rayures, mais ajoute \u00e9galement une touche artistique et contemporaine \u00e0 votre smartphone.<\/p>\n","protected":false},"featured_media":12478,"template":"","meta":{"_acf_changed":false},"product_brand":[],"product_cat":[674],"product_tag":[],"class_list":{"0":"post-33685","1":"product","2":"type-product","3":"status-publish","4":"has-post-thumbnail","6":"product_cat-etuis-pour-telephones-portables","7":"pa_motivo-resume","9":"first","10":"instock","11":"shipping-taxable","12":"product-type-simple"},"acf":[],"_links":{"self":[{"href":"https:\/\/olemosaic.com\/fr\/wp-json\/wp\/v2\/product\/33685","targetHints":{"allow":["GET"]}}],"collection":[{"href":"https:\/\/olemosaic.com\/fr\/wp-json\/wp\/v2\/product"}],"about":[{"href":"https:\/\/olemosaic.com\/fr\/wp-json\/wp\/v2\/types\/product"}],"wp:featuredmedia":[{"embeddable":true,"href":"https:\/\/olemosaic.com\/fr\/wp-json\/wp\/v2\/media\/12478"}],"wp:attachment":[{"href":"https:\/\/olemosaic.com\/fr\/wp-json\/wp\/v2\/media?parent=33685"}],"wp:term":[{"taxonomy":"product_brand","embeddable":true,"href":"https:\/\/olemosaic.com\/fr\/wp-json\/wp\/v2\/product_brand?post=33685"},{"taxonomy":"product_cat","embeddable":true,"href":"https:\/\/olemosaic.com\/fr\/wp-json\/wp\/v2\/product_cat?post=33685"},{"taxonomy":"product_tag","embeddable":true,"href":"https:\/\/olemosaic.com\/fr\/wp-json\/wp\/v2\/product_tag?post=33685"}],"curies":[{"name":"wp","href":"https:\/\/api.w.org\/{rel}","templated":true}]}}