{"id":33684,"date":"2025-02-20T22:35:32","date_gmt":"2025-02-20T22:35:32","guid":{"rendered":"http:\/\/olemosaic.com\/producto\/funda-de-telefono-para-iphone-15-pro-tpu-gato-mallorca-negro\/"},"modified":"2025-07-25T20:00:48","modified_gmt":"2025-07-25T18:00:48","slug":"coque-de-telephone-pour-iphone-15-pro-tpu-chat-majorque-noir","status":"publish","type":"product","link":"https:\/\/olemosaic.com\/fr\/produit\/coque-de-telephone-pour-iphone-15-pro-tpu-chat-majorque-noir\/","title":{"rendered":"Coque de t\u00e9l\u00e9phone pour iPhone 15 Pro (TPU). Chat. Majorque. Noir"},"content":{"rendered":"<p>Coque pour iPhone 15 Pro inspir\u00e9e par la beaut\u00e9 de Majorque, con\u00e7ue pour les amoureux de la culture m\u00e9diterran\u00e9enne. Fabriqu\u00e9e en TPU, cette coque allie r\u00e9sistance et flexibilit\u00e9 pour prot\u00e9ger votre appareil des chocs et des rayures quotidiens. Son design vibrant pr\u00e9sente un chat stylis\u00e9 color\u00e9 en mosa\u00efque, avec un m\u00e9lange de tons brillants qui \u00e9gayent la vue et \u00e9voquent l&rsquo;esprit chaleureux de l&rsquo;\u00eele. Le fond noir apporte un contraste attrayant, permettant aux couleurs du design de ressortir avec une intensit\u00e9 totale. Autour du chat, des papillons en plein vol ajoutent une touche de mouvement, symbolisant la joie et la libert\u00e9 si caract\u00e9ristiques de l&rsquo;environnement majorquin.<\/p>\n<p>Ce souvenir de Majorque n&rsquo;est pas seulement fonctionnel, il sert \u00e9galement de rappel constant des merveilles de l&rsquo;\u00eele, parfait pour ceux qui cherchent \u00e0 emporter un morceau de son essence culturelle. Id\u00e9ale pour les touristes et les visiteurs qui souhaitent un souvenir significatif de leur voyage, cette coque capture l&rsquo;authenticit\u00e9 et l&rsquo;art de la r\u00e9gion, devenant une excellente option pour les boutiques de cadeaux touristiques. Chez Ol\u00e9 Mosaic, en tant que grossistes d&rsquo;accessoires, nous garantissons que nos produits sont con\u00e7us avec un accent sur la qualit\u00e9 et l&rsquo;authenticit\u00e9, assurant que chaque coque soit un reflet authentique de la culture m\u00e9diterran\u00e9enne.<\/p>\n","protected":false},"excerpt":{"rendered":"<p>Coque pour iPhone 15 Pro fabriqu\u00e9e en TPU, avec un design vibrant d&rsquo;un chat color\u00e9. Inspir\u00e9e par l&rsquo;essence de Majorque, la coque pr\u00e9sente un chat stylis\u00e9 en mosa\u00efque avec un m\u00e9lange de couleurs vives, entour\u00e9 de papillons en vol. Le fond noir fait ressortir le design, cr\u00e9ant un contraste attrayant. Cette coque prot\u00e8ge non seulement votre appareil, mais ajoute \u00e9galement une touche de culture et de joie m\u00e9diterran\u00e9enne \u00e0 votre quotidien.<\/p>\n","protected":false},"featured_media":12984,"template":"","meta":{"_acf_changed":false},"product_brand":[],"product_cat":[674],"product_tag":[530],"class_list":{"0":"post-33684","1":"product","2":"type-product","3":"status-publish","4":"has-post-thumbnail","6":"product_cat-etuis-pour-telephones-portables","7":"product_tag-animaux","8":"pa_ciudad-mallorca","9":"pa_motivo-chats","10":"pa_pais-espana","12":"first","13":"instock","14":"shipping-taxable","15":"product-type-simple"},"acf":[],"_links":{"self":[{"href":"https:\/\/olemosaic.com\/fr\/wp-json\/wp\/v2\/product\/33684","targetHints":{"allow":["GET"]}}],"collection":[{"href":"https:\/\/olemosaic.com\/fr\/wp-json\/wp\/v2\/product"}],"about":[{"href":"https:\/\/olemosaic.com\/fr\/wp-json\/wp\/v2\/types\/product"}],"wp:featuredmedia":[{"embeddable":true,"href":"https:\/\/olemosaic.com\/fr\/wp-json\/wp\/v2\/media\/12984"}],"wp:attachment":[{"href":"https:\/\/olemosaic.com\/fr\/wp-json\/wp\/v2\/media?parent=33684"}],"wp:term":[{"taxonomy":"product_brand","embeddable":true,"href":"https:\/\/olemosaic.com\/fr\/wp-json\/wp\/v2\/product_brand?post=33684"},{"taxonomy":"product_cat","embeddable":true,"href":"https:\/\/olemosaic.com\/fr\/wp-json\/wp\/v2\/product_cat?post=33684"},{"taxonomy":"product_tag","embeddable":true,"href":"https:\/\/olemosaic.com\/fr\/wp-json\/wp\/v2\/product_tag?post=33684"}],"curies":[{"name":"wp","href":"https:\/\/api.w.org\/{rel}","templated":true}]}}