{"id":33683,"date":"2025-02-20T22:35:32","date_gmt":"2025-02-20T22:35:32","guid":{"rendered":"http:\/\/olemosaic.com\/producto\/funda-de-telefono-para-iphone-15-pro-tpu-punt-de-trobada-barcelona-blanco\/"},"modified":"2025-07-25T20:37:20","modified_gmt":"2025-07-25T18:37:20","slug":"coque-de-telephone-pour-iphone-15-pro-tpu-punt-de-trobada-barcelone-blanc","status":"publish","type":"product","link":"https:\/\/olemosaic.com\/fr\/produit\/coque-de-telephone-pour-iphone-15-pro-tpu-punt-de-trobada-barcelone-blanc\/","title":{"rendered":"Coque de t\u00e9l\u00e9phone pour iPhone 15 Pro (TPU). Punt de trobada. Barcelone. Blanc"},"content":{"rendered":"<p>Coque pour iPhone 15 Pro inspir\u00e9e de l&#8217;embl\u00e9matique \u00ab\u00a0Punt de Trobada\u00a0\u00bb de Barcelone, un chef-d&rsquo;\u0153uvre du c\u00e9l\u00e8bre architecte Antoni Gaud\u00ed. Cette coque \u00e9l\u00e9gante, fabriqu\u00e9e en TPU, un mat\u00e9riau r\u00e9sistant et l\u00e9ger, garantit une protection exceptionnelle pour votre appareil sans ajouter de volume inutile. Le design vibrant, sur fond blanc, met en valeur les mosa\u00efques color\u00e9es dans des tons de rouge, vert, jaune, bleu et noir, \u00e9voquant le style ludique et cr\u00e9atif qui caract\u00e9rise l&rsquo;\u0153uvre de Gaud\u00ed. Chaque d\u00e9tail du design, tout comme les mosa\u00efques de la ville, refl\u00e8te la fusion de l&rsquo;art et de la nature, offrant une repr\u00e9sentation visuelle unique de la culture barcelonaise.<\/p>\n<p>Cette coque ne prot\u00e8ge pas seulement contre les chutes et les rayures, elle ajoute \u00e9galement une touche distinctive et artistique qui c\u00e9l\u00e8bre la richesse du patrimoine espagnol. C&rsquo;est un excellent souvenir de Barcelone, parfait pour les touristes qui souhaitent emporter avec eux un morceau de l&rsquo;essence de la ville. Chez Ol\u00e9 Mosaic, nous nous sp\u00e9cialisons dans l&rsquo;offre de produits authentiques et de qualit\u00e9 en gros, ce qui fait de cette coque un choix id\u00e9al pour les boutiques de cadeaux touristiques souhaitant capter l&rsquo;attention de leurs clients avec des souvenirs uniques refl\u00e9tant le caract\u00e8re culturel et artistique de Barcelone.<\/p>\n","protected":false},"excerpt":{"rendered":"<p>Coque pour iPhone 15 Pro fabriqu\u00e9e en TPU, d\u00e9cor\u00e9e d&rsquo;un design vibrant inspir\u00e9 du \u00ab\u00a0Punt de Trobada\u00a0\u00bb de Barcelone. La coque pr\u00e9sente un fond blanc qui rehausse les mosa\u00efques color\u00e9es dans des tons de rouge, vert, jaune, bleu et noir, \u00e9voquant le style ludique de Gaud\u00ed. Avec une finition r\u00e9sistante et l\u00e9g\u00e8re, cette coque prot\u00e8ge non seulement votre appareil, mais ajoute \u00e9galement une touche artistique et distinctive qui repr\u00e9sente l&rsquo;essence de la ville.<\/p>\n","protected":false},"featured_media":12446,"template":"","meta":{"_acf_changed":false},"product_brand":[],"product_cat":[674],"product_tag":[],"class_list":{"0":"post-33683","1":"product","2":"type-product","3":"status-publish","4":"has-post-thumbnail","6":"product_cat-etuis-pour-telephones-portables","7":"pa_ciudad-barcelona","8":"pa_motivo-punt-de-trobada","9":"pa_pais-espana","11":"first","12":"instock","13":"shipping-taxable","14":"product-type-simple"},"acf":[],"_links":{"self":[{"href":"https:\/\/olemosaic.com\/fr\/wp-json\/wp\/v2\/product\/33683","targetHints":{"allow":["GET"]}}],"collection":[{"href":"https:\/\/olemosaic.com\/fr\/wp-json\/wp\/v2\/product"}],"about":[{"href":"https:\/\/olemosaic.com\/fr\/wp-json\/wp\/v2\/types\/product"}],"wp:featuredmedia":[{"embeddable":true,"href":"https:\/\/olemosaic.com\/fr\/wp-json\/wp\/v2\/media\/12446"}],"wp:attachment":[{"href":"https:\/\/olemosaic.com\/fr\/wp-json\/wp\/v2\/media?parent=33683"}],"wp:term":[{"taxonomy":"product_brand","embeddable":true,"href":"https:\/\/olemosaic.com\/fr\/wp-json\/wp\/v2\/product_brand?post=33683"},{"taxonomy":"product_cat","embeddable":true,"href":"https:\/\/olemosaic.com\/fr\/wp-json\/wp\/v2\/product_cat?post=33683"},{"taxonomy":"product_tag","embeddable":true,"href":"https:\/\/olemosaic.com\/fr\/wp-json\/wp\/v2\/product_tag?post=33683"}],"curies":[{"name":"wp","href":"https:\/\/api.w.org\/{rel}","templated":true}]}}