{"id":33682,"date":"2025-02-20T22:35:32","date_gmt":"2025-02-20T22:35:32","guid":{"rendered":"http:\/\/olemosaic.com\/producto\/funda-de-telefono-para-iphone-15-pro-tpu-mosaico-barcelona-blanco\/"},"modified":"2025-07-25T20:02:42","modified_gmt":"2025-07-25T18:02:42","slug":"coque-de-telephone-pour-iphone-15-pro-tpu-mosaique-barcelone-blanc","status":"publish","type":"product","link":"https:\/\/olemosaic.com\/fr\/produit\/coque-de-telephone-pour-iphone-15-pro-tpu-mosaique-barcelone-blanc\/","title":{"rendered":"Coque de t\u00e9l\u00e9phone pour iPhone 15 Pro (TPU). Mosa\u00efque. Barcelone. Blanc"},"content":{"rendered":"<p>Coque pour iPhone 15 Pro avec un design en mosa\u00efque vibrant inspir\u00e9 des c\u00e9l\u00e8bres carreaux de Barcelone. Fabriqu\u00e9e en TPU de haute qualit\u00e9, elle offre une protection efficace contre les chocs et les rayures, tout en maintenant votre appareil en parfait \u00e9tat. Le design pr\u00e9sente un m\u00e9lange impressionnant de motifs g\u00e9om\u00e9triques dans des tons bleus, rouges et oranges, \u00e9voquant la riche tradition artistique de la ville, o\u00f9 le modernisme catalan et les c\u00e9ramiques color\u00e9es s&rsquo;entrelacent dans une symphonie visuelle. Le nom \u00ab\u00a0Barcelone\u00a0\u00bb appara\u00eet en italique, ajoutant une touche d&rsquo;\u00e9l\u00e9gance et de personnalit\u00e9 \u00e0 cet accessoire.<\/p>\n<p>La coque est l\u00e9g\u00e8re et facile \u00e0 installer, permettant un acc\u00e8s sans probl\u00e8me aux boutons et aux ports du t\u00e9l\u00e9phone. Sa finition brillante non seulement embellit l&rsquo;appareil, mais souligne \u00e9galement l&rsquo;authenticit\u00e9 de la culture catalane, en faisant un souvenir parfait pour ceux qui visitent la ville. Ce souvenir de Barcelone est id\u00e9al pour les touristes et les amoureux de son architecture et de son art, refl\u00e9tant l&rsquo;essence vibrante et cosmopolite de la r\u00e9gion. Chez Ol\u00e9 Mosaic, nous sommes sp\u00e9cialis\u00e9s dans la vente en gros de souvenirs, et cette coque est un choix exceptionnel pour les boutiques \u00e0 la recherche de produits uniques et culturellement significatifs. En tant que distributeurs de produits authentiques, nous garantissons que chaque pi\u00e8ce capture l&rsquo;esprit de son origine.<\/p>\n","protected":false},"excerpt":{"rendered":"<p>Coque pour iPhone 15 Pro fabriqu\u00e9e en TPU, d\u00e9cor\u00e9e d&rsquo;un design en mosa\u00efque vibrant qui \u00e9voque le style color\u00e9 des carreaux de Barcelone. Cette coque pr\u00e9sente une vari\u00e9t\u00e9 de motifs g\u00e9om\u00e9triques dans des tons bleus, rouges et oranges, avec le nom \u00ab\u00a0Barcelone\u00a0\u00bb imprim\u00e9 en italique. Sa finition \u00e9l\u00e9gante offre non seulement une protection, mais ajoute \u00e9galement une touche artistique et culturelle \u00e0 votre appareil, refl\u00e9tant le riche h\u00e9ritage visuel de la ville.<\/p>\n","protected":false},"featured_media":12448,"template":"","meta":{"_acf_changed":false},"product_brand":[],"product_cat":[674],"product_tag":[],"class_list":{"0":"post-33682","1":"product","2":"type-product","3":"status-publish","4":"has-post-thumbnail","6":"product_cat-etuis-pour-telephones-portables","7":"pa_ciudad-barcelona","8":"pa_motivo-mosaique","9":"pa_pais-espana","11":"first","12":"instock","13":"shipping-taxable","14":"product-type-simple"},"acf":[],"_links":{"self":[{"href":"https:\/\/olemosaic.com\/fr\/wp-json\/wp\/v2\/product\/33682","targetHints":{"allow":["GET"]}}],"collection":[{"href":"https:\/\/olemosaic.com\/fr\/wp-json\/wp\/v2\/product"}],"about":[{"href":"https:\/\/olemosaic.com\/fr\/wp-json\/wp\/v2\/types\/product"}],"wp:featuredmedia":[{"embeddable":true,"href":"https:\/\/olemosaic.com\/fr\/wp-json\/wp\/v2\/media\/12448"}],"wp:attachment":[{"href":"https:\/\/olemosaic.com\/fr\/wp-json\/wp\/v2\/media?parent=33682"}],"wp:term":[{"taxonomy":"product_brand","embeddable":true,"href":"https:\/\/olemosaic.com\/fr\/wp-json\/wp\/v2\/product_brand?post=33682"},{"taxonomy":"product_cat","embeddable":true,"href":"https:\/\/olemosaic.com\/fr\/wp-json\/wp\/v2\/product_cat?post=33682"},{"taxonomy":"product_tag","embeddable":true,"href":"https:\/\/olemosaic.com\/fr\/wp-json\/wp\/v2\/product_tag?post=33682"}],"curies":[{"name":"wp","href":"https:\/\/api.w.org\/{rel}","templated":true}]}}