{"id":33676,"date":"2025-02-20T22:35:31","date_gmt":"2025-02-20T22:35:31","guid":{"rendered":"http:\/\/olemosaic.com\/producto\/funda-de-telefono-para-iphone-15-pro-tpu-mariposa-barcelona-blanco\/"},"modified":"2025-07-25T19:53:55","modified_gmt":"2025-07-25T17:53:55","slug":"coque-de-telephone-pour-iphone-15-pro-tpu-papillon-barcelone-blanc","status":"publish","type":"product","link":"https:\/\/olemosaic.com\/fr\/produit\/coque-de-telephone-pour-iphone-15-pro-tpu-papillon-barcelone-blanc\/","title":{"rendered":"Coque de t\u00e9l\u00e9phone pour iPhone 15 Pro (TPU). Papillon. Barcelone. Blanc"},"content":{"rendered":"<p>Coque pour iPhone 15 Pro avec un design captivant de papillons inspir\u00e9 de la mosa\u00efque de Barcelone. Fabriqu\u00e9e en TPU, un mat\u00e9riau l\u00e9ger et r\u00e9sistant qui prot\u00e8ge efficacement contre les chutes et les rayures, cette coque assure l&rsquo;int\u00e9grit\u00e9 de votre appareil sans renoncer au style. Le design vibrant pr\u00e9sente des papillons dans une gamme chromatique incluant des oranges, des bleus et des roses intenses, contrastant de mani\u00e8re spectaculaire avec un fond blanc qui simule des carreaux cass\u00e9s, \u00e9voquant la c\u00e9l\u00e8bre \u0153uvre d&rsquo;Antoni Gaud\u00ed dans la ville. Le mot \u00ab\u00a0Barcelone\u00a0\u00bb, stylis\u00e9 de fa\u00e7on moderne, compl\u00e8te le design, ajoutant une touche distinctive qui renforce la connexion culturelle avec la capitale catalane.<\/p>\n<p>Ce souvenir n&rsquo;est pas seulement un accessoire pratique, mais aussi une repr\u00e9sentation artistique du riche patrimoine de Barcelone, connue pour son architecture moderniste et sa sc\u00e8ne culturelle vibrante. La fusion de l&rsquo;art de la mosa\u00efque avec un \u00e9l\u00e9ment quotidien comme la coque de t\u00e9l\u00e9phone en fait une excellente option pour les touristes \u00e0 la recherche de souvenirs authentiques et significatifs. Chez Ol\u00e9 Mosaic, nous nous sp\u00e9cialisons dans la distribution de produits comme cette coque, id\u00e9aux pour les boutiques de cadeaux touristiques cherchant \u00e0 proposer des articles de qualit\u00e9 et de pertinence culturelle. Un v\u00e9ritable hommage \u00e0 la beaut\u00e9 de Barcelone qui attirera s\u00fbrement ceux qui souhaitent emporter avec eux un morceau de cette ville merveilleuse.<\/p>\n","protected":false},"excerpt":{"rendered":"<p>Coque pour iPhone 15 Pro fabriqu\u00e9e en TPU, orn\u00e9e d&rsquo;un design vibrant de papillons inspir\u00e9s de la mosa\u00efque de Barcelone. Les couleurs des papillons, avec des tons allant de l&rsquo;orange au bleu et au rose, ressortent sur un fond blanc simulant des carreaux cass\u00e9s. Le mot \u00ab\u00a0Barcelone\u00a0\u00bb est pr\u00e9sent\u00e9 \u00e9l\u00e9gamment dans un style moderne, ajoutant une touche distinctive \u00e0 cet accessoire pratique et visuellement attrayant.<\/p>\n","protected":false},"featured_media":12445,"template":"","meta":{"_acf_changed":false},"product_brand":[],"product_cat":[674],"product_tag":[530],"class_list":{"0":"post-33676","1":"product","2":"type-product","3":"status-publish","4":"has-post-thumbnail","6":"product_cat-etuis-pour-telephones-portables","7":"product_tag-animaux","8":"pa_ciudad-barcelona","9":"pa_motivo-papillons","10":"pa_pais-espana","12":"first","13":"instock","14":"shipping-taxable","15":"product-type-simple"},"acf":[],"_links":{"self":[{"href":"https:\/\/olemosaic.com\/fr\/wp-json\/wp\/v2\/product\/33676","targetHints":{"allow":["GET"]}}],"collection":[{"href":"https:\/\/olemosaic.com\/fr\/wp-json\/wp\/v2\/product"}],"about":[{"href":"https:\/\/olemosaic.com\/fr\/wp-json\/wp\/v2\/types\/product"}],"wp:featuredmedia":[{"embeddable":true,"href":"https:\/\/olemosaic.com\/fr\/wp-json\/wp\/v2\/media\/12445"}],"wp:attachment":[{"href":"https:\/\/olemosaic.com\/fr\/wp-json\/wp\/v2\/media?parent=33676"}],"wp:term":[{"taxonomy":"product_brand","embeddable":true,"href":"https:\/\/olemosaic.com\/fr\/wp-json\/wp\/v2\/product_brand?post=33676"},{"taxonomy":"product_cat","embeddable":true,"href":"https:\/\/olemosaic.com\/fr\/wp-json\/wp\/v2\/product_cat?post=33676"},{"taxonomy":"product_tag","embeddable":true,"href":"https:\/\/olemosaic.com\/fr\/wp-json\/wp\/v2\/product_tag?post=33676"}],"curies":[{"name":"wp","href":"https:\/\/api.w.org\/{rel}","templated":true}]}}