{"id":33673,"date":"2025-02-20T22:35:30","date_gmt":"2025-02-20T22:35:30","guid":{"rendered":"http:\/\/olemosaic.com\/producto\/funda-de-telefono-para-iphone-15-pro-tpu-salamandra-barcelona-blanco\/"},"modified":"2025-07-25T22:46:40","modified_gmt":"2025-07-25T20:46:40","slug":"coque-de-telephone-pour-iphone-15-pro-tpu-salamandre-barcelone-blanc","status":"publish","type":"product","link":"https:\/\/olemosaic.com\/fr\/produit\/coque-de-telephone-pour-iphone-15-pro-tpu-salamandre-barcelone-blanc\/","title":{"rendered":"Coque de t\u00e9l\u00e9phone pour iPhone 15 Pro (TPU). Salamandre. Barcelone. Blanc"},"content":{"rendered":"<p>Coque pour iPhone 15 Pro avec design de salamandres et fleurs de Barcelone. Cette coque, fabriqu\u00e9e en TPU de haute qualit\u00e9, ne prot\u00e8ge pas seulement votre appareil, mais est aussi une \u0153uvre d&rsquo;art en soi. Elle pr\u00e9sente une illustration vibrante qui \u00e9voque la c\u00e9l\u00e8bre mosa\u00efque color\u00e9e qui orne la ville, mettant en avant des salamandres frappantes dans des tons rouges, bleus et verts, accompagn\u00e9es de fleurs d\u00e9licates. Sur un fond blanc, chaque d\u00e9tail prend vie, transportant l&rsquo;essence de Barcelone directement \u00e0 l&rsquo;utilisateur. La typographie joyeuse du mot \u00ab\u00a0Barcelone\u00a0\u00bb ajoute une touche ludique et contemporaine, transformant cette coque en un accessoire aussi fonctionnel que d\u00e9coratif.<\/p>\n<p>Ce produit est un parfait souvenir de Barcelone, qui encapsule la culture vibrante et l&rsquo;art moderniste catalan dans chaque d\u00e9tail. La salamandre, symbole de transformation et de vitalit\u00e9, s&rsquo;entrelace avec des motifs floraux, cr\u00e9ant un design qui c\u00e9l\u00e8bre la diversit\u00e9 et la riche histoire de la ville. Id\u00e9al pour les touristes \u00e0 la recherche d&rsquo;un souvenir authentique et repr\u00e9sentatif de leur visite, cette coque est une excellente option pour les boutiques de cadeaux touristiques. Chez Ol\u00e9 Mosaic, en tant que grossiste d&rsquo;accessoires, nous garantissons la qualit\u00e9 et l&rsquo;authenticit\u00e9 de chaque produit, offrant \u00e0 nos clients l&rsquo;opportunit\u00e9 de proposer des souvenirs uniques qui connectent avec la culture locale.<\/p>\n","protected":false},"excerpt":{"rendered":"<p>Coque de t\u00e9l\u00e9phone pour iPhone 15 Pro fabriqu\u00e9e en TPU, orn\u00e9e d&rsquo;une illustration vibrante de salamandres et de fleurs \u00e9voquant la mosa\u00efque color\u00e9e de Barcelone. Le design, sur fond blanc, rehausse les couleurs vives des motifs : salamandres dans divers tons avec des d\u00e9tails floraux rouges, bleus et verts. Le mot \u00ab\u00a0Barcelone\u00a0\u00bb appara\u00eet dans une typographie joyeuse, faisant de cette coque un accessoire fonctionnel et artistique.<\/p>\n","protected":false},"featured_media":12443,"template":"","meta":{"_acf_changed":false},"product_brand":[],"product_cat":[674],"product_tag":[530],"class_list":{"0":"post-33673","1":"product","2":"type-product","3":"status-publish","4":"has-post-thumbnail","6":"product_cat-etuis-pour-telephones-portables","7":"product_tag-animaux","8":"pa_ciudad-barcelona","9":"pa_motivo-salamandres","10":"pa_pais-espana","12":"first","13":"instock","14":"shipping-taxable","15":"product-type-simple"},"acf":[],"_links":{"self":[{"href":"https:\/\/olemosaic.com\/fr\/wp-json\/wp\/v2\/product\/33673","targetHints":{"allow":["GET"]}}],"collection":[{"href":"https:\/\/olemosaic.com\/fr\/wp-json\/wp\/v2\/product"}],"about":[{"href":"https:\/\/olemosaic.com\/fr\/wp-json\/wp\/v2\/types\/product"}],"wp:featuredmedia":[{"embeddable":true,"href":"https:\/\/olemosaic.com\/fr\/wp-json\/wp\/v2\/media\/12443"}],"wp:attachment":[{"href":"https:\/\/olemosaic.com\/fr\/wp-json\/wp\/v2\/media?parent=33673"}],"wp:term":[{"taxonomy":"product_brand","embeddable":true,"href":"https:\/\/olemosaic.com\/fr\/wp-json\/wp\/v2\/product_brand?post=33673"},{"taxonomy":"product_cat","embeddable":true,"href":"https:\/\/olemosaic.com\/fr\/wp-json\/wp\/v2\/product_cat?post=33673"},{"taxonomy":"product_tag","embeddable":true,"href":"https:\/\/olemosaic.com\/fr\/wp-json\/wp\/v2\/product_tag?post=33673"}],"curies":[{"name":"wp","href":"https:\/\/api.w.org\/{rel}","templated":true}]}}