{"id":33672,"date":"2025-02-20T22:35:30","date_gmt":"2025-02-20T22:35:30","guid":{"rendered":"http:\/\/olemosaic.com\/producto\/funda-de-telefono-para-iphone-15-pro-tpu-mosaico-azul\/"},"modified":"2025-07-25T19:16:33","modified_gmt":"2025-07-25T17:16:33","slug":"coque-de-telephone-pour-iphone-15-pro-tpu-mosaique-bleu","status":"publish","type":"product","link":"https:\/\/olemosaic.com\/fr\/produit\/coque-de-telephone-pour-iphone-15-pro-tpu-mosaique-bleu\/","title":{"rendered":"Coque de t\u00e9l\u00e9phone pour iPhone 15 Pro (TPU). Mosa\u00efque. Bleu"},"content":{"rendered":"<p>Coque pour iPhone 15 Pro avec design de mosa\u00efque andalouse dans les tons bleus<\/p>\n<p>D\u00e9couvrez la fusion parfaite du style et de la fonctionnalit\u00e9 avec notre coque pour iPhone 15 Pro, fabriqu\u00e9e en TPU r\u00e9sistant et flexible. Cette coque se distingue par son design \u00e9l\u00e9gant, qui int\u00e8gre un magnifique motif de mosa\u00efque dans des tons bleus, \u00e9voquant le riche h\u00e9ritage culturel de la c\u00e9ramique andalouse. Le fond bleu intense offre un cadre vibrant qui contraste avec les d\u00e9licates lignes blanches, cr\u00e9ant une \u0153uvre d&rsquo;art qui non seulement prot\u00e8ge votre appareil, mais s&rsquo;\u00e9rige \u00e9galement comme un symbole de l&rsquo;esth\u00e9tique traditionnelle de l&rsquo;Andalousie.<\/p>\n<p>L&rsquo;\u00e9l\u00e9gance de la mosa\u00efque refl\u00e8te la beaut\u00e9 de l&rsquo;architecture typique de r\u00e9gions comme S\u00e9ville et Grenade, connue pour ses azulejos complexes et sa vibrante histoire artistique. En choisissant cette coque, vous n&rsquo;acqu\u00e9rez pas seulement un excellent accessoire technologique, mais vous emportez \u00e9galement un morceau de la culture espagnole avec vous. C&rsquo;est l&rsquo;option id\u00e9ale pour les touristes et les amoureux de la culture qui recherchent un souvenir authentique et fonctionnel repr\u00e9sentant l&rsquo;essence de leur voyage.<\/p>\n<p>Chez Ol\u00e9 Mosaic, nous sommes fiers de proposer des produits uniques et de qualit\u00e9, ce qui nous positionne comme votre distributeur de confiance de souvenirs en gros. Cette coque de t\u00e9l\u00e9phone n&rsquo;est pas seulement un cadeau pratique, mais aussi un souvenir m\u00e9morable de l&rsquo;une des plus belles traditions d&rsquo;Espagne, parfaite pour les commerces souhaitant proposer des articles distinctifs li\u00e9s \u00e0 l&rsquo;art et \u00e0 la culture.<\/p>\n","protected":false},"excerpt":{"rendered":"<p>Coque pour iPhone 15 Pro en TPU, avec un design \u00e9l\u00e9gant de mosa\u00efque dans les tons bleus. Cet accessoire se distingue par sa r\u00e9sistance et sa flexibilit\u00e9, offrant une protection efficace pour votre appareil. Le motif de mosa\u00efque, inspir\u00e9 de la c\u00e9ramique andalouse, pr\u00e9sente des lignes blanches qui contrastent avec le fond bleu, \u00e9voquant la beaut\u00e9 de l&rsquo;architecture traditionnelle. Id\u00e9al pour ceux qui cherchent \u00e0 combiner style et fonctionnalit\u00e9.<\/p>\n","protected":false},"featured_media":12457,"template":"","meta":{"_acf_changed":false},"product_brand":[],"product_cat":[674],"product_tag":[],"class_list":{"0":"post-33672","1":"product","2":"type-product","3":"status-publish","4":"has-post-thumbnail","6":"product_cat-etuis-pour-telephones-portables","7":"pa_motivo-mosaique","9":"first","10":"instock","11":"shipping-taxable","12":"product-type-simple"},"acf":[],"_links":{"self":[{"href":"https:\/\/olemosaic.com\/fr\/wp-json\/wp\/v2\/product\/33672","targetHints":{"allow":["GET"]}}],"collection":[{"href":"https:\/\/olemosaic.com\/fr\/wp-json\/wp\/v2\/product"}],"about":[{"href":"https:\/\/olemosaic.com\/fr\/wp-json\/wp\/v2\/types\/product"}],"wp:featuredmedia":[{"embeddable":true,"href":"https:\/\/olemosaic.com\/fr\/wp-json\/wp\/v2\/media\/12457"}],"wp:attachment":[{"href":"https:\/\/olemosaic.com\/fr\/wp-json\/wp\/v2\/media?parent=33672"}],"wp:term":[{"taxonomy":"product_brand","embeddable":true,"href":"https:\/\/olemosaic.com\/fr\/wp-json\/wp\/v2\/product_brand?post=33672"},{"taxonomy":"product_cat","embeddable":true,"href":"https:\/\/olemosaic.com\/fr\/wp-json\/wp\/v2\/product_cat?post=33672"},{"taxonomy":"product_tag","embeddable":true,"href":"https:\/\/olemosaic.com\/fr\/wp-json\/wp\/v2\/product_tag?post=33672"}],"curies":[{"name":"wp","href":"https:\/\/api.w.org\/{rel}","templated":true}]}}