{"id":33670,"date":"2025-02-20T23:35:29","date_gmt":"2025-02-20T22:35:29","guid":{"rendered":"http:\/\/olemosaic.com\/producto\/funda-de-telefono-para-iphone-15-pro-tpu-abstracto-verde-2\/"},"modified":"2025-07-25T20:36:51","modified_gmt":"2025-07-25T18:36:51","slug":"coque-de-telephone-pour-iphone-15-pro-tpu-abstrait-vert-2","status":"publish","type":"product","link":"https:\/\/olemosaic.com\/fr\/produit\/coque-de-telephone-pour-iphone-15-pro-tpu-abstrait-vert-2\/","title":{"rendered":"Coque de t\u00e9l\u00e9phone pour iPhone 15 Pro (TPU). Abstrait. Mosa\u00efque. Vert"},"content":{"rendered":"<p>Coque pour iPhone 15 Pro avec un design abstrait. Cette coque \u00e9l\u00e9gante, fabriqu\u00e9e en TPU de haute qualit\u00e9, se distingue par son design captivant qui \u00e9voque la richesse visuelle des mosa\u00efques traditionnelles. Ses tons verts, bleus et ocres se combinent dans un motif g\u00e9om\u00e9trique qui s&rsquo;\u00e9tend sur toute la surface, cr\u00e9ant une esth\u00e9tique vibrante et moderne qui ne passe pas inaper\u00e7ue. Id\u00e9ale pour ceux qui cherchent non seulement \u00e0 prot\u00e9ger leur appareil, mais aussi un accessoire qui refl\u00e8te leur style personnel.<\/p>\n<p>Le motif abstrait, inspir\u00e9 des techniques artisanales de mosa\u00efque, plongera les utilisateurs dans un monde de couleur et de cr\u00e9ativit\u00e9, \u00e9voquant la beaut\u00e9 des places et des b\u00e2timents d\u00e9cor\u00e9s de mosa\u00efques, un \u00e9l\u00e9ment caract\u00e9ristique de la culture m\u00e9diterran\u00e9enne. La coque prot\u00e8ge non seulement efficacement l&rsquo;iPhone 15 Pro des chocs et des rayures, mais ajoute \u00e9galement une touche artistique, devenant un excellent souvenir de style contemporain.<\/p>\n<p>Chez Ol\u00e9 Mosaic, nous nous sp\u00e9cialisons dans la distribution de souvenirs uniques et de qualit\u00e9. Cette coque est une excellente option pour les touristes souhaitant emporter un souvenir authentique, et elle est \u00e9galement id\u00e9ale pour les boutiques de cadeaux touristiques \u00e0 la recherche de produits originaux et pertinents. En tant que grossistes d&rsquo;accessoires, nous garantissons que chaque pi\u00e8ce, comme cette coque, combine design, qualit\u00e9 et authenticit\u00e9, en faisant le cadeau parfait pour toute occasion.<\/p>\n","protected":false},"excerpt":{"rendered":"<p>Coque de t\u00e9l\u00e9phone pour iPhone 15 Pro, fabriqu\u00e9e en TPU, qui se distingue par son design abstrait dans des tons verts, bleus et ocres. La surface pr\u00e9sente un motif rappelant une mosa\u00efque, avec des formes g\u00e9om\u00e9triques pr\u00e9cises et color\u00e9es, offrant une esth\u00e9tique vibrante et moderne. Cet accessoire ne prot\u00e8ge pas seulement l&rsquo;appareil, mais ajoute \u00e9galement une touche artistique, id\u00e9ale pour ceux qui appr\u00e9cient le design contemporain.<\/p>\n","protected":false},"featured_media":12450,"template":"","meta":{"_acf_changed":false},"product_brand":[],"product_cat":[674],"product_tag":[],"class_list":{"0":"post-33670","1":"product","2":"type-product","3":"status-publish","4":"has-post-thumbnail","6":"product_cat-etuis-pour-telephones-portables","7":"pa_motivo-resume","9":"first","10":"instock","11":"shipping-taxable","12":"product-type-simple"},"acf":[],"_links":{"self":[{"href":"https:\/\/olemosaic.com\/fr\/wp-json\/wp\/v2\/product\/33670","targetHints":{"allow":["GET"]}}],"collection":[{"href":"https:\/\/olemosaic.com\/fr\/wp-json\/wp\/v2\/product"}],"about":[{"href":"https:\/\/olemosaic.com\/fr\/wp-json\/wp\/v2\/types\/product"}],"wp:featuredmedia":[{"embeddable":true,"href":"https:\/\/olemosaic.com\/fr\/wp-json\/wp\/v2\/media\/12450"}],"wp:attachment":[{"href":"https:\/\/olemosaic.com\/fr\/wp-json\/wp\/v2\/media?parent=33670"}],"wp:term":[{"taxonomy":"product_brand","embeddable":true,"href":"https:\/\/olemosaic.com\/fr\/wp-json\/wp\/v2\/product_brand?post=33670"},{"taxonomy":"product_cat","embeddable":true,"href":"https:\/\/olemosaic.com\/fr\/wp-json\/wp\/v2\/product_cat?post=33670"},{"taxonomy":"product_tag","embeddable":true,"href":"https:\/\/olemosaic.com\/fr\/wp-json\/wp\/v2\/product_tag?post=33670"}],"curies":[{"name":"wp","href":"https:\/\/api.w.org\/{rel}","templated":true}]}}