{"id":33669,"date":"2025-02-20T22:35:29","date_gmt":"2025-02-20T22:35:29","guid":{"rendered":"http:\/\/olemosaic.com\/producto\/funda-de-telefono-para-iphone-15-pro-tpu-abstracto-verde\/"},"modified":"2025-07-25T20:27:00","modified_gmt":"2025-07-25T18:27:00","slug":"coque-de-telephone-pour-iphone-15-pro-tpu-abstrait-vert","status":"publish","type":"product","link":"https:\/\/olemosaic.com\/fr\/produit\/coque-de-telephone-pour-iphone-15-pro-tpu-abstrait-vert\/","title":{"rendered":"Coque de t\u00e9l\u00e9phone pour iPhone 15 Pro (TPU). Abstrait. Vert"},"content":{"rendered":"<p>Coque pour iPhone 15 Pro avec un design abstrait multicolore. Cet accessoire \u00e9l\u00e9gant et moderne, fabriqu\u00e9 en TPU, se distingue par sa surface douce et flexible, qui garantit un ajustement parfait \u00e0 l&rsquo;appareil, ainsi qu&rsquo;une excellente protection contre les chutes et les rayures. La coque pr\u00e9sente un design abstrait dans des tons verts et multicolores, avec de douces vagues et des tourbillons \u00e9voquant la beaut\u00e9 d&rsquo;un paysage naturel, apportant une touche artistique et contemporaine. Ce design vibrant ne rehausse pas seulement l&rsquo;esth\u00e9tique de la coque, mais permet \u00e9galement l&rsquo;expression personnelle de ceux qui recherchent un accessoire alliant style et fonctionnalit\u00e9.<\/p>\n<p>Le lien culturel de ce type de produit r\u00e9side dans l&rsquo;appr\u00e9ciation de l&rsquo;art moderne, qui refl\u00e8te la diversit\u00e9 cr\u00e9ative et l&rsquo;innovation dans le design contemporain. Ce souvenir est une excellente option pour les touristes souhaitant se souvenir de leur visite avec un objet non seulement pratique, mais aussi le reflet de la culture moderne. Chez Ol\u00e9 Mosaic, nous sommes des distributeurs de produits authentiques et repr\u00e9sentatifs, et nous proposons des coques de t\u00e9l\u00e9phone en gros qui se d\u00e9marquent sur le march\u00e9 des souvenirs. Cette coque pour iPhone 15 Pro est id\u00e9ale pour les boutiques de cadeaux touristiques \u00e0 la recherche d&rsquo;articles uniques et de qualit\u00e9, fusionnant art et protection dans chaque pi\u00e8ce.<\/p>\n","protected":false},"excerpt":{"rendered":"<p>Coque pour iPhone 15 Pro fabriqu\u00e9e en TPU, avec un design abstrait dans des tons verts et multicolores. Cet accessoire \u00e9l\u00e9gant et moderne pr\u00e9sente de douces vagues et des tourbillons qui lui donnent une touche artistique, id\u00e9ale pour ceux qui recherchent style et protection. La coque assure un ajustement parfait et permet d&rsquo;acc\u00e9der facilement \u00e0 toutes les fonctions de l&rsquo;appareil, devenant une option pratique et visuellement attrayante pour votre mobile.<\/p>\n","protected":false},"featured_media":12449,"template":"","meta":{"_acf_changed":false},"product_brand":[],"product_cat":[674],"product_tag":[],"class_list":{"0":"post-33669","1":"product","2":"type-product","3":"status-publish","4":"has-post-thumbnail","6":"product_cat-etuis-pour-telephones-portables","7":"pa_motivo-resume","9":"first","10":"instock","11":"shipping-taxable","12":"product-type-simple"},"acf":[],"_links":{"self":[{"href":"https:\/\/olemosaic.com\/fr\/wp-json\/wp\/v2\/product\/33669","targetHints":{"allow":["GET"]}}],"collection":[{"href":"https:\/\/olemosaic.com\/fr\/wp-json\/wp\/v2\/product"}],"about":[{"href":"https:\/\/olemosaic.com\/fr\/wp-json\/wp\/v2\/types\/product"}],"wp:featuredmedia":[{"embeddable":true,"href":"https:\/\/olemosaic.com\/fr\/wp-json\/wp\/v2\/media\/12449"}],"wp:attachment":[{"href":"https:\/\/olemosaic.com\/fr\/wp-json\/wp\/v2\/media?parent=33669"}],"wp:term":[{"taxonomy":"product_brand","embeddable":true,"href":"https:\/\/olemosaic.com\/fr\/wp-json\/wp\/v2\/product_brand?post=33669"},{"taxonomy":"product_cat","embeddable":true,"href":"https:\/\/olemosaic.com\/fr\/wp-json\/wp\/v2\/product_cat?post=33669"},{"taxonomy":"product_tag","embeddable":true,"href":"https:\/\/olemosaic.com\/fr\/wp-json\/wp\/v2\/product_tag?post=33669"}],"curies":[{"name":"wp","href":"https:\/\/api.w.org\/{rel}","templated":true}]}}