{"id":33635,"date":"2025-02-20T22:35:29","date_gmt":"2025-02-20T22:35:29","guid":{"rendered":"http:\/\/olemosaic.com\/producto\/funda-de-telefono-para-iphone-15-tpu-mosaico-blanco\/"},"modified":"2025-07-25T18:57:39","modified_gmt":"2025-07-25T16:57:39","slug":"coque-de-telephone-pour-iphone-15-tpu-mosaique-blanc","status":"publish","type":"product","link":"https:\/\/olemosaic.com\/fr\/produit\/coque-de-telephone-pour-iphone-15-tpu-mosaique-blanc\/","title":{"rendered":"Coque de t\u00e9l\u00e9phone pour iPhone 15 (TPU). Mosa\u00efque. Blanc"},"content":{"rendered":"<p>Coque pour iPhone 15 avec un design de mosa\u00efque vibrant inspir\u00e9 par la riche tradition c\u00e9ramique espagnole. Cet accessoire attrayant, fabriqu\u00e9 en TPU de haute qualit\u00e9, offre une protection robuste et l\u00e9g\u00e8re pour votre appareil. La surface pr\u00e9sente une combinaison color\u00e9e de motifs dans des tons bleus, rouges et jaunes, refl\u00e9tant l&rsquo;authenticit\u00e9 des azulejos typiques qui ornent de nombreux b\u00e2timents historiques de la p\u00e9ninsule ib\u00e9rique. Chaque d\u00e9tail du design capture l&rsquo;essence de l&rsquo;art traditionnel, \u00e9voquant la beaut\u00e9 des places et des rues espagnoles, o\u00f9 les mosa\u00efques font partie int\u00e9grante du patrimoine culturel.<\/p>\n<p>Cette coque garantit non seulement la s\u00e9curit\u00e9 de votre iPhone 15 contre les chocs et les rayures, mais transforme \u00e9galement votre appareil en une pi\u00e8ce d&rsquo;art portable, parfaite pour exprimer votre style personnel. Id\u00e9ale pour les touristes \u00e0 la recherche de souvenirs authentiques et fonctionnels, cette coque repr\u00e9sente un souvenir tangible de leur exp\u00e9rience en Espagne. Chez Ol\u00e9 Mosaic, nous nous consacrons \u00e0 fournir des articles repr\u00e9sentatifs et de qualit\u00e9, comme cette coque de t\u00e9l\u00e9phone, con\u00e7ue pour ceux qui appr\u00e9cient la fusion de l&rsquo;art et de la fonctionnalit\u00e9. Un excellent choix pour les boutiques de cadeaux touristiques et dans le cadre de notre offre d&rsquo;accessoires en gros.<\/p>\n","protected":false},"excerpt":{"rendered":"<p>Coque pour iPhone 15 en TPU, d\u00e9cor\u00e9e d&rsquo;un design de mosa\u00efque vibrant. Ce produit pr\u00e9sente une combinaison color\u00e9e de motifs dans des tons bleus, rouges et jaunes, rappelant la c\u00e9ramique traditionnelle espagnole. La coque ne prot\u00e8ge pas seulement votre appareil, elle y ajoute \u00e9galement une touche artistique, \u00e9voquant le riche h\u00e9ritage culturel de la p\u00e9ninsule ib\u00e9rique. Id\u00e9al pour ceux qui recherchent fonctionnalit\u00e9 et style.<\/p>\n","protected":false},"featured_media":13027,"template":"","meta":{"_acf_changed":false},"product_brand":[],"product_cat":[674],"product_tag":[],"class_list":{"0":"post-33635","1":"product","2":"type-product","3":"status-publish","4":"has-post-thumbnail","6":"product_cat-etuis-pour-telephones-portables","7":"pa_motivo-mosaique","9":"first","10":"instock","11":"shipping-taxable","12":"product-type-simple"},"acf":[],"_links":{"self":[{"href":"https:\/\/olemosaic.com\/fr\/wp-json\/wp\/v2\/product\/33635","targetHints":{"allow":["GET"]}}],"collection":[{"href":"https:\/\/olemosaic.com\/fr\/wp-json\/wp\/v2\/product"}],"about":[{"href":"https:\/\/olemosaic.com\/fr\/wp-json\/wp\/v2\/types\/product"}],"wp:featuredmedia":[{"embeddable":true,"href":"https:\/\/olemosaic.com\/fr\/wp-json\/wp\/v2\/media\/13027"}],"wp:attachment":[{"href":"https:\/\/olemosaic.com\/fr\/wp-json\/wp\/v2\/media?parent=33635"}],"wp:term":[{"taxonomy":"product_brand","embeddable":true,"href":"https:\/\/olemosaic.com\/fr\/wp-json\/wp\/v2\/product_brand?post=33635"},{"taxonomy":"product_cat","embeddable":true,"href":"https:\/\/olemosaic.com\/fr\/wp-json\/wp\/v2\/product_cat?post=33635"},{"taxonomy":"product_tag","embeddable":true,"href":"https:\/\/olemosaic.com\/fr\/wp-json\/wp\/v2\/product_tag?post=33635"}],"curies":[{"name":"wp","href":"https:\/\/api.w.org\/{rel}","templated":true}]}}