{"id":33632,"date":"2025-02-20T22:35:28","date_gmt":"2025-02-20T22:35:28","guid":{"rendered":"http:\/\/olemosaic.com\/producto\/funda-de-telefono-para-iphone-15-tpu-motivos-marinos-azul\/"},"modified":"2025-07-25T19:22:17","modified_gmt":"2025-07-25T17:22:17","slug":"coque-de-telephone-pour-iphone-15-tpu-motifs-marins-bleu","status":"publish","type":"product","link":"https:\/\/olemosaic.com\/fr\/produit\/coque-de-telephone-pour-iphone-15-tpu-motifs-marins-bleu\/","title":{"rendered":"Coque de t\u00e9l\u00e9phone pour iPhone 15 (TPU). Motifs marins. Bleu"},"content":{"rendered":"<p>Coque pour iPhone 15 avec des motifs marins vibrants. Cette coque spectaculaire, fabriqu\u00e9e en TPU, un mat\u00e9riau flexible et r\u00e9sistant, offre une excellente protection pour votre appareil. Le design se distingue par une sc\u00e8ne sous-marine anim\u00e9e avec des dauphins color\u00e9s, des tortues et des hippocampes, le tout dans une palette captivante de bleus qui \u00e9voque la profondeur et la beaut\u00e9 de l&rsquo;oc\u00e9an. La partie inf\u00e9rieure du design simule une mosa\u00efque aux tons chauds, cr\u00e9ant un contraste exquis qui accentue la fra\u00eecheur des \u00e9l\u00e9ments marins.<\/p>\n<p>Cette coque ne prot\u00e8ge pas seulement votre iPhone 15, elle ajoute \u00e9galement une touche artistique et joyeuse inspir\u00e9e par la riche biodiversit\u00e9 des fonds marins. C&rsquo;est le souvenir parfait pour ceux qui aiment la mer et cherchent \u00e0 en emporter un morceau dans leur quotidien. Con\u00e7ue pour les amoureux de la nature et des voyages, cette coque repr\u00e9sente le lien entre la c\u00f4te et la culture, faisant \u00e9cho \u00e0 la splendeur offerte par des lieux comme la Costa Brava ou les \u00eeles Bal\u00e9ares. Chez Ol\u00e9 Mosaic, nous cherchons \u00e0 proposer des produits authentiques et repr\u00e9sentatifs qui enrichissent l&rsquo;exp\u00e9rience du souvenir. Cette coque est id\u00e9ale pour les boutiques de cadeaux touristiques souhaitant proposer des articles de qualit\u00e9 alliant fonctionnalit\u00e9, art et pertinence culturelle. En tant que grossistes d&rsquo;accessoires personnalis\u00e9s, nous garantissons que chaque pi\u00e8ce est une expression unique de la beaut\u00e9 m\u00e9diterran\u00e9enne.<\/p>\n","protected":false},"excerpt":{"rendered":"<p>Coque pour iPhone 15 fabriqu\u00e9e en TPU, avec des motifs marins vibrants dans une palette de bleus \u00e9voquant l&rsquo;oc\u00e9an. Le design pr\u00e9sente une sc\u00e8ne sous-marine anim\u00e9e avec des dauphins color\u00e9s, des tortues et des hippocampes, ainsi que des \u00e9l\u00e9ments d\u00e9coratifs simulant une mosa\u00efque aux tons chauds. Cette coque ne prot\u00e8ge pas seulement votre appareil, elle y ajoute \u00e9galement une touche artistique inspir\u00e9e par la beaut\u00e9 des fonds marins.<\/p>\n","protected":false},"featured_media":12431,"template":"","meta":{"_acf_changed":false},"product_brand":[],"product_cat":[674],"product_tag":[530],"class_list":{"0":"post-33632","1":"product","2":"type-product","3":"status-publish","4":"has-post-thumbnail","6":"product_cat-etuis-pour-telephones-portables","7":"product_tag-animaux","8":"pa_motivo-animaux-marins","10":"first","11":"instock","12":"shipping-taxable","13":"product-type-simple"},"acf":[],"_links":{"self":[{"href":"https:\/\/olemosaic.com\/fr\/wp-json\/wp\/v2\/product\/33632","targetHints":{"allow":["GET"]}}],"collection":[{"href":"https:\/\/olemosaic.com\/fr\/wp-json\/wp\/v2\/product"}],"about":[{"href":"https:\/\/olemosaic.com\/fr\/wp-json\/wp\/v2\/types\/product"}],"wp:featuredmedia":[{"embeddable":true,"href":"https:\/\/olemosaic.com\/fr\/wp-json\/wp\/v2\/media\/12431"}],"wp:attachment":[{"href":"https:\/\/olemosaic.com\/fr\/wp-json\/wp\/v2\/media?parent=33632"}],"wp:term":[{"taxonomy":"product_brand","embeddable":true,"href":"https:\/\/olemosaic.com\/fr\/wp-json\/wp\/v2\/product_brand?post=33632"},{"taxonomy":"product_cat","embeddable":true,"href":"https:\/\/olemosaic.com\/fr\/wp-json\/wp\/v2\/product_cat?post=33632"},{"taxonomy":"product_tag","embeddable":true,"href":"https:\/\/olemosaic.com\/fr\/wp-json\/wp\/v2\/product_tag?post=33632"}],"curies":[{"name":"wp","href":"https:\/\/api.w.org\/{rel}","templated":true}]}}