{"id":33615,"date":"2025-02-20T22:35:28","date_gmt":"2025-02-20T22:35:28","guid":{"rendered":"http:\/\/olemosaic.com\/producto\/funda-de-telefono-para-iphone-15-tpu-mosaico-barcelona-blanco\/"},"modified":"2025-07-25T22:52:19","modified_gmt":"2025-07-25T20:52:19","slug":"coque-de-telephone-pour-iphone-15-tpu-mosaique-barcelone-blanc","status":"publish","type":"product","link":"https:\/\/olemosaic.com\/fr\/produit\/coque-de-telephone-pour-iphone-15-tpu-mosaique-barcelone-blanc\/","title":{"rendered":"Coque de t\u00e9l\u00e9phone pour iPhone 15 (TPU). Mosa\u00efque. Barcelone. Blanc"},"content":{"rendered":"<p>Coque pour iPhone 15 avec un design de mosa\u00efque de Barcelone. Cette coque impressionnante se distingue par son motif de mosa\u00efque vibrant dans des tons bleus, rouges et oranges, qui \u00e9voque les carreaux embl\u00e9matiques de l&rsquo;architecture moderniste de la ville. Fabriqu\u00e9e en TPU, un mat\u00e9riau connu pour sa durabilit\u00e9 et sa flexibilit\u00e9, elle offre une excellente protection contre les chocs et les chutes, assurant l&rsquo;int\u00e9grit\u00e9 de votre appareil tout en arborant un design attrayant. Le fond blanc fait ressortir les illustrations color\u00e9es, cr\u00e9ant un effet visuel percutant qui ne passe pas inaper\u00e7u. Dans la partie inf\u00e9rieure, le nom \u00ab\u00a0Barcelone\u00a0\u00bb est \u00e9l\u00e9gamment imprim\u00e9, ajoutant une touche de modernit\u00e9 et de connexion culturelle.<\/p>\n<p>Ce souvenir n&rsquo;est pas seulement un accessoire pratique, mais il repr\u00e9sente \u00e9galement le riche h\u00e9ritage artistique de Barcelone, o\u00f9 la mosa\u00efque est un symbole du talent cr\u00e9atif d&rsquo;architectes et d&rsquo;artistes comme Antoni Gaud\u00ed. Pour les touristes, cette coque est un choix parfait comme souvenir de leur visite, alliant fonctionnalit\u00e9 et esth\u00e9tique de mani\u00e8re exceptionnelle. Chez Ol\u00e9 Mosaic, nous distribuons des accessoires authentiques et de qualit\u00e9, et cette coque est une option id\u00e9ale pour les boutiques de cadeaux touristiques \u00e0 la recherche de souvenirs uniques et culturellement significatifs qui s\u00e9duiront les visiteurs de cette ville merveilleuse.<\/p>\n","protected":false},"excerpt":{"rendered":"<p>Coque pour iPhone 15 en TPU avec un design de mosa\u00efque blanc vibrant inspir\u00e9 de la riche tradition artistique de Barcelone. Cette coque pr\u00e9sente des motifs color\u00e9s dans des tons bleus, rouges et oranges, \u00e9voquant les carreaux typiques de la ville. Le nom \u00ab\u00a0Barcelone\u00a0\u00bb est \u00e9l\u00e9gamment imprim\u00e9, ajoutant une touche distinctive et moderne. Son mat\u00e9riau en TPU offre une excellente protection et un ajustement pr\u00e9cis, ce qui en fait un accessoire fonctionnel et d\u00e9coratif.<\/p>\n","protected":false},"featured_media":12428,"template":"","meta":{"_acf_changed":false},"product_brand":[],"product_cat":[674],"product_tag":[],"class_list":{"0":"post-33615","1":"product","2":"type-product","3":"status-publish","4":"has-post-thumbnail","6":"product_cat-etuis-pour-telephones-portables","7":"pa_ciudad-barcelona","8":"pa_motivo-mosaique","9":"pa_pais-espana","11":"first","12":"instock","13":"shipping-taxable","14":"product-type-simple"},"acf":[],"_links":{"self":[{"href":"https:\/\/olemosaic.com\/fr\/wp-json\/wp\/v2\/product\/33615","targetHints":{"allow":["GET"]}}],"collection":[{"href":"https:\/\/olemosaic.com\/fr\/wp-json\/wp\/v2\/product"}],"about":[{"href":"https:\/\/olemosaic.com\/fr\/wp-json\/wp\/v2\/types\/product"}],"wp:featuredmedia":[{"embeddable":true,"href":"https:\/\/olemosaic.com\/fr\/wp-json\/wp\/v2\/media\/12428"}],"wp:attachment":[{"href":"https:\/\/olemosaic.com\/fr\/wp-json\/wp\/v2\/media?parent=33615"}],"wp:term":[{"taxonomy":"product_brand","embeddable":true,"href":"https:\/\/olemosaic.com\/fr\/wp-json\/wp\/v2\/product_brand?post=33615"},{"taxonomy":"product_cat","embeddable":true,"href":"https:\/\/olemosaic.com\/fr\/wp-json\/wp\/v2\/product_cat?post=33615"},{"taxonomy":"product_tag","embeddable":true,"href":"https:\/\/olemosaic.com\/fr\/wp-json\/wp\/v2\/product_tag?post=33615"}],"curies":[{"name":"wp","href":"https:\/\/api.w.org\/{rel}","templated":true}]}}