{"id":33613,"date":"2025-02-20T22:35:27","date_gmt":"2025-02-20T22:35:27","guid":{"rendered":"http:\/\/olemosaic.com\/producto\/funda-de-telefono-para-iphone-15-tpu-gato-barcelona-negro\/"},"modified":"2025-07-25T20:19:49","modified_gmt":"2025-07-25T18:19:49","slug":"coque-de-telephone-pour-iphone-15-tpu-chat-barcelone-noir","status":"publish","type":"product","link":"https:\/\/olemosaic.com\/fr\/produit\/coque-de-telephone-pour-iphone-15-tpu-chat-barcelone-noir\/","title":{"rendered":"Coque de t\u00e9l\u00e9phone pour iPhone 15 (TPU). Chat. Barcelone. Noir"},"content":{"rendered":"<p>Coque pour iPhone 15 avec un design de chat inspir\u00e9 de la mosa\u00efque barcelonaise. Fabriqu\u00e9e en TPU, cette coque prot\u00e8ge votre appareil tout en ajoutant une touche artistique et culturelle. Son fond noir vibrant contraste avec le design \u00e9l\u00e9gant du chat, dans des tons bleus, rouges, jaunes et verts, qui \u00e9voquent les \u0153uvres color\u00e9es de Gaud\u00ed. De chaque c\u00f4t\u00e9 du chat, de d\u00e9licats papillons rouges, jaunes et verts apportent dynamisme et joie, faisant de cette coque le choix parfait pour ceux qui recherchent style et originalit\u00e9.<\/p>\n<p>Dans la partie inf\u00e9rieure, le mot \u00ab\u00a0Barcelone\u00a0\u00bb est pr\u00e9sent\u00e9 avec une typographie moderne qui souligne le lien avec la ville, faisant de cette coque un v\u00e9ritable souvenir de la riche culture catalane. Plus qu&rsquo;un simple accessoire, cette coque c\u00e9l\u00e8bre la diversit\u00e9 et les couleurs qui caract\u00e9risent Barcelone. Ol\u00e9 Mosaic est fier de proposer des produits authentiques et de qualit\u00e9 en gros, id\u00e9aux pour les boutiques de cadeaux touristiques. Cette coque, parfaite pour les touristes qui souhaitent emporter un morceau de cette ville merveilleuse, ne prot\u00e8ge pas seulement votre t\u00e9l\u00e9phone, mais agit \u00e9galement comme un souvenir significatif de la vie vibrante et de l&rsquo;art barcelonais.<\/p>\n","protected":false},"excerpt":{"rendered":"<p>Coque pour iPhone 15, fabriqu\u00e9e en TPU, avec un design color\u00e9 d&rsquo;un chat inspir\u00e9 de l&rsquo;art de la mosa\u00efque de Barcelone. La coque, sur fond noir, met en valeur un chat vibrant dans des tons bleus, rouges, jaunes et verts, entour\u00e9 de papillons rouges, jaunes et verts. Le nom \u00ab\u00a0Barcelone\u00a0\u00bb appara\u00eet \u00e9l\u00e9gamment en bas, apportant une touche distinctive et moderne. Id\u00e9ale pour prot\u00e9ger votre appareil avec style.<\/p>\n","protected":false},"featured_media":12440,"template":"","meta":{"_acf_changed":false},"product_brand":[],"product_cat":[674],"product_tag":[530],"class_list":{"0":"post-33613","1":"product","2":"type-product","3":"status-publish","4":"has-post-thumbnail","6":"product_cat-etuis-pour-telephones-portables","7":"product_tag-animaux","8":"pa_ciudad-barcelona","9":"pa_motivo-chats","10":"pa_pais-espana","12":"first","13":"instock","14":"shipping-taxable","15":"product-type-simple"},"acf":[],"_links":{"self":[{"href":"https:\/\/olemosaic.com\/fr\/wp-json\/wp\/v2\/product\/33613","targetHints":{"allow":["GET"]}}],"collection":[{"href":"https:\/\/olemosaic.com\/fr\/wp-json\/wp\/v2\/product"}],"about":[{"href":"https:\/\/olemosaic.com\/fr\/wp-json\/wp\/v2\/types\/product"}],"wp:featuredmedia":[{"embeddable":true,"href":"https:\/\/olemosaic.com\/fr\/wp-json\/wp\/v2\/media\/12440"}],"wp:attachment":[{"href":"https:\/\/olemosaic.com\/fr\/wp-json\/wp\/v2\/media?parent=33613"}],"wp:term":[{"taxonomy":"product_brand","embeddable":true,"href":"https:\/\/olemosaic.com\/fr\/wp-json\/wp\/v2\/product_brand?post=33613"},{"taxonomy":"product_cat","embeddable":true,"href":"https:\/\/olemosaic.com\/fr\/wp-json\/wp\/v2\/product_cat?post=33613"},{"taxonomy":"product_tag","embeddable":true,"href":"https:\/\/olemosaic.com\/fr\/wp-json\/wp\/v2\/product_tag?post=33613"}],"curies":[{"name":"wp","href":"https:\/\/api.w.org\/{rel}","templated":true}]}}