{"id":33606,"date":"2025-02-20T23:35:27","date_gmt":"2025-02-20T22:35:27","guid":{"rendered":"http:\/\/olemosaic.com\/producto\/funda-de-telefono-para-iphone-15-tpu-abstracto-azul-3\/"},"modified":"2025-07-25T18:54:06","modified_gmt":"2025-07-25T16:54:06","slug":"coque-de-telephone-pour-iphone-15-tpu-abstrait-effet-visuel-bleu","status":"publish","type":"product","link":"https:\/\/olemosaic.com\/fr\/produit\/coque-de-telephone-pour-iphone-15-tpu-abstrait-effet-visuel-bleu\/","title":{"rendered":"Coque de t\u00e9l\u00e9phone pour iPhone 15 (TPU). Abstrait. Effet visuel. Bleu"},"content":{"rendered":"<p>Coque de t\u00e9l\u00e9phone pour iPhone 15 avec un design abstrait aux couleurs vibrantes. Fabriqu\u00e9e en TPU de haute qualit\u00e9, cette coque pr\u00e9sente un motif de losanges saisissant qui d\u00e9ploie une magnifique gamme chromatique : des bleus et verts intenses aux jaunes et rouges chauds, cr\u00e9ant un effet visuel captivant. Son design abstrait, en plus d&#8217;embellir l&rsquo;appareil, refl\u00e8te un style moderne et dynamique, id\u00e9al pour ceux qui recherchent un accessoire alliant fonctionnalit\u00e9 et esth\u00e9tique. La durabilit\u00e9 du mat\u00e9riau TPU assure la protection de l&rsquo;iPhone 15 contre les chocs et les rayures, tandis que sa finition douce au toucher offre une prise en main confortable et s\u00fbre. Cette coque est parfaite pour les touristes souhaitant emporter un morceau du style de vie urbain espagnol vibrant, devenant un excellent souvenir qui capture l&rsquo;essence de la cr\u00e9ativit\u00e9 locale. En tant que distributeurs d&rsquo;accessoires en gros, chez Ol\u00e9 Mosaic, nous proposons cette coque et d&rsquo;autres coques personnalis\u00e9es, id\u00e9ales pour les boutiques de cadeaux touristiques \u00e0 la recherche de produits authentiques et de haute qualit\u00e9 pour leurs clients. Avec cette coque, on ne prot\u00e8ge pas seulement un appareil, on emporte un souvenir repr\u00e9sentatif du design contemporain et color\u00e9 qui caract\u00e9rise l&rsquo;Espagne.<\/p>\n","protected":false},"excerpt":{"rendered":"<p>Coque pour iPhone 15 fabriqu\u00e9e en TPU, avec un design abstrait aux couleurs vibrantes. Elle pr\u00e9sente un motif de losanges dans une gamme de bleus, verts, jaunes et rouges doucement entrelac\u00e9s, cr\u00e9ant un effet visuel captivant. Cette coque ne prot\u00e8ge pas seulement votre appareil, elle ajoute \u00e9galement une touche moderne et stylis\u00e9e, id\u00e9ale pour ceux qui recherchent un accessoire fonctionnel et esth\u00e9tiquement attrayant.<\/p>\n","protected":false},"featured_media":12438,"template":"","meta":{"_acf_changed":false},"product_brand":[],"product_cat":[674],"product_tag":[],"class_list":{"0":"post-33606","1":"product","2":"type-product","3":"status-publish","4":"has-post-thumbnail","6":"product_cat-etuis-pour-telephones-portables","7":"pa_motivo-resume","9":"first","10":"instock","11":"shipping-taxable","12":"product-type-simple"},"acf":[],"_links":{"self":[{"href":"https:\/\/olemosaic.com\/fr\/wp-json\/wp\/v2\/product\/33606","targetHints":{"allow":["GET"]}}],"collection":[{"href":"https:\/\/olemosaic.com\/fr\/wp-json\/wp\/v2\/product"}],"about":[{"href":"https:\/\/olemosaic.com\/fr\/wp-json\/wp\/v2\/types\/product"}],"wp:featuredmedia":[{"embeddable":true,"href":"https:\/\/olemosaic.com\/fr\/wp-json\/wp\/v2\/media\/12438"}],"wp:attachment":[{"href":"https:\/\/olemosaic.com\/fr\/wp-json\/wp\/v2\/media?parent=33606"}],"wp:term":[{"taxonomy":"product_brand","embeddable":true,"href":"https:\/\/olemosaic.com\/fr\/wp-json\/wp\/v2\/product_brand?post=33606"},{"taxonomy":"product_cat","embeddable":true,"href":"https:\/\/olemosaic.com\/fr\/wp-json\/wp\/v2\/product_cat?post=33606"},{"taxonomy":"product_tag","embeddable":true,"href":"https:\/\/olemosaic.com\/fr\/wp-json\/wp\/v2\/product_tag?post=33606"}],"curies":[{"name":"wp","href":"https:\/\/api.w.org\/{rel}","templated":true}]}}