{"id":33605,"date":"2025-02-20T22:35:27","date_gmt":"2025-02-20T22:35:27","guid":{"rendered":"http:\/\/olemosaic.com\/producto\/funda-de-telefono-para-iphone-15-tpu-mariposa-barcelona-blanco\/"},"modified":"2025-07-25T20:10:33","modified_gmt":"2025-07-25T18:10:33","slug":"coque-de-telephone-pour-iphone-15-tpu-papillon-barcelone-blanc","status":"publish","type":"product","link":"https:\/\/olemosaic.com\/fr\/produit\/coque-de-telephone-pour-iphone-15-tpu-papillon-barcelone-blanc\/","title":{"rendered":"Coque de t\u00e9l\u00e9phone pour iPhone 15 (TPU). Papillon. Barcelone. Blanc"},"content":{"rendered":"<p>Coque pour iPhone 15 avec un design vibrant de papillons, inspir\u00e9 par l&rsquo;essence artistique et color\u00e9e de Barcelone. Fabriqu\u00e9e en TPU de haute calidad, cette coque se distingue par sa r\u00e9sistance et sa l\u00e9g\u00e8ret\u00e9, ce qui en fait un choix id\u00e9al pour ceux qui recherchent une protection sans renoncer au style. La surface blanche de la coque pr\u00e9sente une magnifique mosa\u00efque avec une vari\u00e9t\u00e9 de papillons aux tons brillants, capturant la diversit\u00e9 des formes et des couleurs de la nature. Chaque papillon, soigneusement illustr\u00e9, ajoute une touche de dynamisme et de joie, transformant cet accessoire en une v\u00e9ritable \u0153uvre d&rsquo;art portable.<\/p>\n<p>Dans la partie inf\u00e9rieure, le mot \u00ab\u00a0Barcelone\u00a0\u00bb est \u00e9l\u00e9gamment imprim\u00e9, rendant hommage \u00e0 la riche culture et au mode de vie de cette ville embl\u00e9matique. Ce design n&rsquo;est pas seulement un souvenir de la beaut\u00e9 de Barcelone, mais refl\u00e8te \u00e9galement son histoire artistique, inspir\u00e9e par la c\u00e9l\u00e8bre mosa\u00efque de Gaud\u00ed qui orne nombre de ses monuments. La coque est, sans aucun doute, un souvenir exceptionnel qui allie fonctionnalit\u00e9 et touche artistique, \u00e9tant un choix parfait pour les touristes et les amoureux de la ville. Chez Ol\u00e9 Mosaic, nous proposons cette coque pour iPhone en gros, id\u00e9ale pour les boutiques de cadeaux \u00e0 la recherche de produits authentiques et repr\u00e9sentatifs de Barcelone, garantissant que chaque client puisse emporter un morceau de la cr\u00e9ativit\u00e9 et de la couleur de cette ville vibrante.<\/p>\n","protected":false},"excerpt":{"rendered":"<p>Coque en TPU pour iPhone 15 avec un design vibrant de papillons, inspir\u00e9e par la beaut\u00e9 de Barcelone. Cette coque pr\u00e9sente des papillons aux couleurs \u00e9clatantes et aux formes vari\u00e9es, se d\u00e9tachant sur un fond blanc avec une texture de mosa\u00efque color\u00e9e. Avec le mot \u00ab\u00a0Barcelone\u00a0\u00bb \u00e9l\u00e9gamment imprim\u00e9, elle allie protection et style, refl\u00e9tant l&rsquo;essence artistique de la ville. Id\u00e9ale pour ceux qui recherchent un accessoire unique et color\u00e9.<\/p>\n","protected":false},"featured_media":12425,"template":"","meta":{"_acf_changed":false},"product_brand":[],"product_cat":[674],"product_tag":[530],"class_list":{"0":"post-33605","1":"product","2":"type-product","3":"status-publish","4":"has-post-thumbnail","6":"product_cat-etuis-pour-telephones-portables","7":"product_tag-animaux","8":"pa_ciudad-barcelona","9":"pa_motivo-papillons","10":"pa_pais-espana","12":"first","13":"instock","14":"shipping-taxable","15":"product-type-simple"},"acf":[],"_links":{"self":[{"href":"https:\/\/olemosaic.com\/fr\/wp-json\/wp\/v2\/product\/33605","targetHints":{"allow":["GET"]}}],"collection":[{"href":"https:\/\/olemosaic.com\/fr\/wp-json\/wp\/v2\/product"}],"about":[{"href":"https:\/\/olemosaic.com\/fr\/wp-json\/wp\/v2\/types\/product"}],"wp:featuredmedia":[{"embeddable":true,"href":"https:\/\/olemosaic.com\/fr\/wp-json\/wp\/v2\/media\/12425"}],"wp:attachment":[{"href":"https:\/\/olemosaic.com\/fr\/wp-json\/wp\/v2\/media?parent=33605"}],"wp:term":[{"taxonomy":"product_brand","embeddable":true,"href":"https:\/\/olemosaic.com\/fr\/wp-json\/wp\/v2\/product_brand?post=33605"},{"taxonomy":"product_cat","embeddable":true,"href":"https:\/\/olemosaic.com\/fr\/wp-json\/wp\/v2\/product_cat?post=33605"},{"taxonomy":"product_tag","embeddable":true,"href":"https:\/\/olemosaic.com\/fr\/wp-json\/wp\/v2\/product_tag?post=33605"}],"curies":[{"name":"wp","href":"https:\/\/api.w.org\/{rel}","templated":true}]}}