{"id":33603,"date":"2025-02-20T22:35:27","date_gmt":"2025-02-20T22:35:27","guid":{"rendered":"http:\/\/olemosaic.com\/producto\/funda-de-telefono-para-iphone-14-tpu-salamandra-barcelona-negro\/"},"modified":"2025-07-25T19:01:14","modified_gmt":"2025-07-25T17:01:14","slug":"coque-de-telephone-pour-iphone-14-tpu-salamandre-barcelone-noir","status":"publish","type":"product","link":"https:\/\/olemosaic.com\/fr\/produit\/coque-de-telephone-pour-iphone-14-tpu-salamandre-barcelone-noir\/","title":{"rendered":"Coque de t\u00e9l\u00e9phone pour iPhone 14 (TPU). Salamandre. Barcelone. Noir"},"content":{"rendered":"<p>Coque pour iPhone 14. Salamandres. Modernisme. Barcelone. TPU. Couleur noire.<\/p>\n<p>Cette coque pour iPhone 14 est un v\u00e9ritable bijou qui capture l&rsquo;esprit vibrant de Barcelone, alliant fonctionnalit\u00e9 et art en une seule pi\u00e8ce. Fabriqu\u00e9 en TPU, cet accessoire se distingue par sa r\u00e9sistance et sa flexibilit\u00e9, garantissant une protection efficace contre les chutes et les rayures. La coque pr\u00e9sente un \u00e9l\u00e9gant fond noir qui met en valeur les illustrations frappantes de salamandres, inspir\u00e9es du modernisme catalan, qui ornent sa surface avec des couleurs vives : verts intenses, bleus profonds et rouges chauds, ainsi que des fleurs d\u00e9licates qui apportent une touche de fra\u00eecheur et de dynamisme au design.<\/p>\n<p>Avec le nom \u00ab\u00a0Barcelone\u00a0\u00bb imprim\u00e9 dans un style moderne, cette coque n&rsquo;est pas seulement un protecteur d&rsquo;appareil, mais aussi un rappel du riche h\u00e9ritage culturel de la ville, o\u00f9 l&rsquo;art et la nature s&rsquo;entrelacent dans chaque recoin. Les salamandres, symbole de diversit\u00e9 et de cr\u00e9ativit\u00e9, \u00e9voquent le c\u00e9l\u00e8bre style d&rsquo;Antoni Gaud\u00ed, refl\u00e9tant l&rsquo;essence du modernisme qui caract\u00e9rise la capitale catalane.<\/p>\n<p>Cet article est un souvenir parfait pour les touristes \u00e0 la recherche d&rsquo;un souvenir authentique et fonctionnel de leur visite \u00e0 Barcelone. Chez Ol\u00e9 Mosaic, en tant que distributeur de souvenirs en gros, nous proposons cette coque salamandre, id\u00e9ale pour les boutiques de cadeaux touristiques souhaitant offrir des produits de qualit\u00e9 c\u00e9l\u00e9brant la culture locale.<\/p>\n","protected":false},"excerpt":{"rendered":"<p>Coque pour iPhone 14 fabriqu\u00e9e en TPU, orn\u00e9e d&rsquo;illustrations frappantes de salamandres inspir\u00e9es du modernisme barcelonais. Cette coque noire pr\u00e9sente un design vibrant avec des d\u00e9tails aux couleurs vives, comme le vert, le bleu et le rouge, ainsi que des fleurs qui renforcent son attrait visuel. Avec le nom \u00ab\u00a0Barcelone\u00a0\u00bb imprim\u00e9, cet article allie fonctionnalit\u00e9 et style, prot\u00e9geant votre appareil tout en c\u00e9l\u00e9brant le riche h\u00e9ritage culturel de la ville.<\/p>\n","protected":false},"featured_media":12366,"template":"","meta":{"_acf_changed":false},"product_brand":[],"product_cat":[674],"product_tag":[530],"class_list":{"0":"post-33603","1":"product","2":"type-product","3":"status-publish","4":"has-post-thumbnail","6":"product_cat-etuis-pour-telephones-portables","7":"product_tag-animaux","8":"pa_ciudad-barcelona","9":"pa_motivo-salamandres","10":"pa_pais-espana","12":"first","13":"instock","14":"shipping-taxable","15":"product-type-simple"},"acf":[],"_links":{"self":[{"href":"https:\/\/olemosaic.com\/fr\/wp-json\/wp\/v2\/product\/33603","targetHints":{"allow":["GET"]}}],"collection":[{"href":"https:\/\/olemosaic.com\/fr\/wp-json\/wp\/v2\/product"}],"about":[{"href":"https:\/\/olemosaic.com\/fr\/wp-json\/wp\/v2\/types\/product"}],"wp:featuredmedia":[{"embeddable":true,"href":"https:\/\/olemosaic.com\/fr\/wp-json\/wp\/v2\/media\/12366"}],"wp:attachment":[{"href":"https:\/\/olemosaic.com\/fr\/wp-json\/wp\/v2\/media?parent=33603"}],"wp:term":[{"taxonomy":"product_brand","embeddable":true,"href":"https:\/\/olemosaic.com\/fr\/wp-json\/wp\/v2\/product_brand?post=33603"},{"taxonomy":"product_cat","embeddable":true,"href":"https:\/\/olemosaic.com\/fr\/wp-json\/wp\/v2\/product_cat?post=33603"},{"taxonomy":"product_tag","embeddable":true,"href":"https:\/\/olemosaic.com\/fr\/wp-json\/wp\/v2\/product_tag?post=33603"}],"curies":[{"name":"wp","href":"https:\/\/api.w.org\/{rel}","templated":true}]}}