{"id":33600,"date":"2025-02-20T22:35:26","date_gmt":"2025-02-20T22:35:26","guid":{"rendered":"http:\/\/olemosaic.com\/producto\/funda-de-telefono-para-iphone-14-promax-tpu-abstracto-negro\/"},"modified":"2025-07-25T18:45:58","modified_gmt":"2025-07-25T16:45:58","slug":"coque-de-telephone-pour-iphone-14-promax-tpu-abstrait-noir","status":"publish","type":"product","link":"https:\/\/olemosaic.com\/fr\/produit\/coque-de-telephone-pour-iphone-14-promax-tpu-abstrait-noir\/","title":{"rendered":"Coque de t\u00e9l\u00e9phone pour iPhone 14 Pro Max (TPU). Abstrait. Noir"},"content":{"rendered":"<p>Coque pour iPhone 14 Pro Max fabriqu\u00e9e en TPU, avec un design abstrait combinant une base noire avec des lignes fluides vibrantes dans des tons bleus, verts, rouges, jaunes et roses. Cette coque se distingue par son effet visuel contemporain et moderne, ce qui en fait un choix id\u00e9al pour ceux qui cherchent \u00e0 exprimer leur style personnel \u00e0 travers leurs accessoires. Les lignes en mouvement apportent dynamisme et cr\u00e9ativit\u00e9, cr\u00e9ant une pi\u00e8ce unique qui transforme votre appareil en un objet attrayant et artistique, parfait pour toute occasion.<\/p>\n<p>Le mat\u00e9riau TPU offre une grande flexibilit\u00e9 et r\u00e9sistance, offrant une protection efficace contre les chocs et les rayures, maintenant votre t\u00e9l\u00e9phone en parfait \u00e9tat. De plus, sa texture douce au toucher ajoute un confort suppl\u00e9mentaire, tandis que les bords sur\u00e9lev\u00e9s assurent la protection de l&rsquo;\u00e9cran et de l&rsquo;appareil photo. Cette coque n&rsquo;est pas seulement fonctionnelle, elle refl\u00e8te \u00e9galement l&rsquo;essence du design moderne, devenant un souvenir id\u00e9al pour les touristes \u00e0 la recherche d&rsquo;un souvenir pratique et esth\u00e9tique de leur voyage.<\/p>\n<p>Chez Ol\u00e9 Mosaic, nous sommes experts dans la distribution de souvenirs en gros et proposons des produits authentiques et pertinents qui capturent la culture contemporaine. Notre coque de t\u00e9l\u00e9phone est une excellente option pour les boutiques de cadeaux touristiques cherchant \u00e0 offrir des articles attrayants et de qualit\u00e9 \u00e0 leurs clients. En tant que grossistes de coques, nous garantissons que chaque pi\u00e8ce combine design, fonctionnalit\u00e9 et originalit\u00e9.<\/p>\n","protected":false},"excerpt":{"rendered":"<p>Coque pour iPhone 14 Pro Max en TPU, avec un design abstrait en noir. Cet accessoire pr\u00e9sente des lignes fluides et dynamiques dans des tons vibrants de bleu, vert, rouge, jaune et rose, cr\u00e9ant un effet visuel moderne et frappant. Son mat\u00e9riau flexible offre une protection efficace contre les chocs et les rayures, tandis que son esth\u00e9tique contemporaine transforme votre appareil en une pi\u00e8ce unique et color\u00e9e, id\u00e9ale pour ceux qui cherchent \u00e0 affirmer leur style.<\/p>\n","protected":false},"featured_media":12422,"template":"","meta":{"_acf_changed":false},"product_brand":[],"product_cat":[674],"product_tag":[],"class_list":{"0":"post-33600","1":"product","2":"type-product","3":"status-publish","4":"has-post-thumbnail","6":"product_cat-etuis-pour-telephones-portables","7":"pa_motivo-resume","9":"first","10":"instock","11":"shipping-taxable","12":"product-type-simple"},"acf":[],"_links":{"self":[{"href":"https:\/\/olemosaic.com\/fr\/wp-json\/wp\/v2\/product\/33600","targetHints":{"allow":["GET"]}}],"collection":[{"href":"https:\/\/olemosaic.com\/fr\/wp-json\/wp\/v2\/product"}],"about":[{"href":"https:\/\/olemosaic.com\/fr\/wp-json\/wp\/v2\/types\/product"}],"wp:featuredmedia":[{"embeddable":true,"href":"https:\/\/olemosaic.com\/fr\/wp-json\/wp\/v2\/media\/12422"}],"wp:attachment":[{"href":"https:\/\/olemosaic.com\/fr\/wp-json\/wp\/v2\/media?parent=33600"}],"wp:term":[{"taxonomy":"product_brand","embeddable":true,"href":"https:\/\/olemosaic.com\/fr\/wp-json\/wp\/v2\/product_brand?post=33600"},{"taxonomy":"product_cat","embeddable":true,"href":"https:\/\/olemosaic.com\/fr\/wp-json\/wp\/v2\/product_cat?post=33600"},{"taxonomy":"product_tag","embeddable":true,"href":"https:\/\/olemosaic.com\/fr\/wp-json\/wp\/v2\/product_tag?post=33600"}],"curies":[{"name":"wp","href":"https:\/\/api.w.org\/{rel}","templated":true}]}}