{"id":33599,"date":"2025-02-20T22:35:26","date_gmt":"2025-02-20T22:35:26","guid":{"rendered":"http:\/\/olemosaic.com\/producto\/funda-de-telefono-para-iphone-14-promax-tpu-sagrada-familia-barcelona-azul\/"},"modified":"2025-07-25T20:14:02","modified_gmt":"2025-07-25T18:14:02","slug":"coque-de-telephone-pour-iphone-14-promax-tpu-sagrada-familia-barcelone-bleu","status":"publish","type":"product","link":"https:\/\/olemosaic.com\/fr\/produit\/coque-de-telephone-pour-iphone-14-promax-tpu-sagrada-familia-barcelone-bleu\/","title":{"rendered":"Coque de t\u00e9l\u00e9phone pour iPhone 14 Pro Max (TPU). Sagrada Familia. Barcelone. Bleu"},"content":{"rendered":"<p>Coque pour iPhone 14 Pro Max orn\u00e9e d&rsquo;une illustration vibrante de la Sagrada Familia de Barcelone. Fabriqu\u00e9e en TPU, cette coque offre une protection durable et stylis\u00e9e pour votre appareil, id\u00e9ale pour ceux qui recherchent une touche artistique au quotidien. Le design met en avant les tours embl\u00e9matiques de la basilique, capturant leurs formes uniques et distinctives gr\u00e2ce \u00e0 un trencad\u00eds color\u00e9, signature de l&rsquo;architecture moderniste d&rsquo;Antoni Gaud\u00ed. La palette de couleurs comprend des tons brillants de bleu, jaune et rouge qui \u00e9voquent l&rsquo;\u00e9nergie et le dynamisme de la cit\u00e9 comtale. Dans la partie inf\u00e9rieure, le mot \u00ab\u00a0Barcelona\u00a0\u00bb s&rsquo;int\u00e8gre \u00e9l\u00e9gamment, ajoutant une touche distinctive qui rehausse la valeur de ce souvenir. Ce produit est une excellente option pour les touristes souhaitant ramener un morceau de Barcelone chez eux, en plus d&rsquo;\u00eatre un cadeau id\u00e9al pour ceux qui appr\u00e9cient la culture et l&rsquo;histoire. Chez Ol\u00e9 Mosaic, nous proposons une gamme de produits authentiques qui capturent l&rsquo;essence des traditions locales ; cette coque est parfaite pour les boutiques de cadeaux touristiques cherchant \u00e0 offrir des souvenirs de qualit\u00e9 repr\u00e9sentatifs du riche h\u00e9ritage culturel espagnol.<\/p>\n","protected":false},"excerpt":{"rendered":"<p>Coque de t\u00e9l\u00e9phone pour iPhone 14 Pro Max fabriqu\u00e9e en TPU, orn\u00e9e d&rsquo;une illustration vibrante de la Sagrada Familia de Barcelone. Le design met en avant les tours embl\u00e9matiques de la basilique avec des d\u00e9tails simulant le trencad\u00eds, dans une palette de couleurs bleues, jaunes et rouges. Le mot \u00ab\u00a0Barcelona\u00a0\u00bb s&rsquo;int\u00e8gre \u00e9l\u00e9gamment dans la partie inf\u00e9rieure, offrant une touche distinctive qui c\u00e9l\u00e8bre la riche architecture moderniste de la ville.<\/p>\n","protected":false},"featured_media":12413,"template":"","meta":{"_acf_changed":false},"product_brand":[],"product_cat":[674],"product_tag":[],"class_list":{"0":"post-33599","1":"product","2":"type-product","3":"status-publish","4":"has-post-thumbnail","6":"product_cat-etuis-pour-telephones-portables","7":"pa_ciudad-barcelona","8":"pa_motivo-sagrada-familia","9":"pa_pais-espana","11":"first","12":"instock","13":"shipping-taxable","14":"product-type-simple"},"acf":[],"_links":{"self":[{"href":"https:\/\/olemosaic.com\/fr\/wp-json\/wp\/v2\/product\/33599","targetHints":{"allow":["GET"]}}],"collection":[{"href":"https:\/\/olemosaic.com\/fr\/wp-json\/wp\/v2\/product"}],"about":[{"href":"https:\/\/olemosaic.com\/fr\/wp-json\/wp\/v2\/types\/product"}],"wp:featuredmedia":[{"embeddable":true,"href":"https:\/\/olemosaic.com\/fr\/wp-json\/wp\/v2\/media\/12413"}],"wp:attachment":[{"href":"https:\/\/olemosaic.com\/fr\/wp-json\/wp\/v2\/media?parent=33599"}],"wp:term":[{"taxonomy":"product_brand","embeddable":true,"href":"https:\/\/olemosaic.com\/fr\/wp-json\/wp\/v2\/product_brand?post=33599"},{"taxonomy":"product_cat","embeddable":true,"href":"https:\/\/olemosaic.com\/fr\/wp-json\/wp\/v2\/product_cat?post=33599"},{"taxonomy":"product_tag","embeddable":true,"href":"https:\/\/olemosaic.com\/fr\/wp-json\/wp\/v2\/product_tag?post=33599"}],"curies":[{"name":"wp","href":"https:\/\/api.w.org\/{rel}","templated":true}]}}