{"id":33598,"date":"2025-02-20T23:35:26","date_gmt":"2025-02-20T22:35:26","guid":{"rendered":"http:\/\/olemosaic.com\/producto\/funda-de-telefono-para-iphone-14-promax-tpu-abstracto-azul-2\/"},"modified":"2025-07-25T20:13:48","modified_gmt":"2025-07-25T18:13:48","slug":"coque-de-telephone-pour-iphone-14-promax-tpu-abstrait-bleu-2","status":"publish","type":"product","link":"https:\/\/olemosaic.com\/fr\/produit\/coque-de-telephone-pour-iphone-14-promax-tpu-abstrait-bleu-2\/","title":{"rendered":"Coque de t\u00e9l\u00e9phone pour iPhone 14 Pro Max (TPU). Abstrait. Barcelone. Bleu"},"content":{"rendered":"<p>Coque pour iPhone 14 Pro Max inspir\u00e9e par l&rsquo;essence vibrante de Barcelone, \u00e9labor\u00e9e en TPU r\u00e9sistant et l\u00e9ger. Cette coque se distingue par un design abstrait qui combine un motif sophistiqu\u00e9 dans des tons bleus, roses, jaunes et oranges, cr\u00e9ant un effet visuel moderne et artistique. Le finition brillante ajoute une touche d&rsquo;\u00e9l\u00e9gance au produit, en faisant un accessoire id\u00e9al pour ceux qui cherchent \u00e0 exprimer leur amour pour cette ville cosmopolite.<\/p>\n<p>Le mot \u00ab\u00a0Barcelona\u00a0\u00bb est \u00e9l\u00e9gamment stylis\u00e9 en lettres blanches, contrastant parfaitement avec le fond color\u00e9 et apportant un air urbain et contemporain qui souligne l&rsquo;identit\u00e9 culturelle de la m\u00e9tropole catalane. Ce design ne prot\u00e8ge pas seulement votre appareil, mais vous offre \u00e9galement un morceau de la magie de Barcelone, un lieu connu pour son architecture innovante et sa riche histoire artistique.<\/p>\n<p>En tant que souvenir repr\u00e9sentatif de la ville, cette coque est une excellente option pour les touristes qui souhaitent emporter un souvenir authentique et fonctionnel de leur visite. Chez Ol\u00e9 Mosaic, en tant que grossistes d&rsquo;accessoires technologiques, nous garantissons des produits qui c\u00e9l\u00e8brent la tradition et la modernit\u00e9 de l&rsquo;Espagne, faisant de cette coque un cadeau parfait et significatif pour tout amateur de Barcelone.<\/p>\n","protected":false},"excerpt":{"rendered":"<p>Coque de t\u00e9l\u00e9phone pour iPhone 14 Pro Max fabriqu\u00e9e en TPU avec un design abstrait qui \u00e9voque l&rsquo;essence vibrante de Barcelone. Elle pr\u00e9sente un motif sophistiqu\u00e9 dans des tons bleus, roses, jaunes et oranges, avec une finition brillante qui lui conf\u00e8re une touche moderne et artistique. Le mot \u00ab\u00a0Barcelona\u00a0\u00bb appara\u00eet stylis\u00e9 en lettres blanches, se d\u00e9tachant sur le fond color\u00e9, parfait pour ceux qui souhaitent emporter un morceau de la cit\u00e9 comtale toujours avec eux.<\/p>\n","protected":false},"featured_media":12415,"template":"","meta":{"_acf_changed":false},"product_brand":[],"product_cat":[674],"product_tag":[],"class_list":{"0":"post-33598","1":"product","2":"type-product","3":"status-publish","4":"has-post-thumbnail","6":"product_cat-etuis-pour-telephones-portables","7":"pa_ciudad-barcelona","8":"pa_motivo-resume","9":"pa_pais-espana","11":"first","12":"instock","13":"shipping-taxable","14":"product-type-simple"},"acf":[],"_links":{"self":[{"href":"https:\/\/olemosaic.com\/fr\/wp-json\/wp\/v2\/product\/33598","targetHints":{"allow":["GET"]}}],"collection":[{"href":"https:\/\/olemosaic.com\/fr\/wp-json\/wp\/v2\/product"}],"about":[{"href":"https:\/\/olemosaic.com\/fr\/wp-json\/wp\/v2\/types\/product"}],"wp:featuredmedia":[{"embeddable":true,"href":"https:\/\/olemosaic.com\/fr\/wp-json\/wp\/v2\/media\/12415"}],"wp:attachment":[{"href":"https:\/\/olemosaic.com\/fr\/wp-json\/wp\/v2\/media?parent=33598"}],"wp:term":[{"taxonomy":"product_brand","embeddable":true,"href":"https:\/\/olemosaic.com\/fr\/wp-json\/wp\/v2\/product_brand?post=33598"},{"taxonomy":"product_cat","embeddable":true,"href":"https:\/\/olemosaic.com\/fr\/wp-json\/wp\/v2\/product_cat?post=33598"},{"taxonomy":"product_tag","embeddable":true,"href":"https:\/\/olemosaic.com\/fr\/wp-json\/wp\/v2\/product_tag?post=33598"}],"curies":[{"name":"wp","href":"https:\/\/api.w.org\/{rel}","templated":true}]}}