{"id":33597,"date":"2025-02-20T22:35:26","date_gmt":"2025-02-20T22:35:26","guid":{"rendered":"http:\/\/olemosaic.com\/producto\/funda-de-telefono-para-iphone-14-promax-tpu-salamandra-barcelona-negro\/"},"modified":"2025-07-25T19:55:35","modified_gmt":"2025-07-25T17:55:35","slug":"coque-de-telephone-pour-iphone-14-promax-tpu-salamandre-barcelone-noir","status":"publish","type":"product","link":"https:\/\/olemosaic.com\/fr\/produit\/coque-de-telephone-pour-iphone-14-promax-tpu-salamandre-barcelone-noir\/","title":{"rendered":"Coque de t\u00e9l\u00e9phone pour iPhone 14 Pro Max (TPU). Salamandre. Barcelone. Noir"},"content":{"rendered":"<p>Coque pour iPhone 14 Pro Max avec des illustrations vibrantes de salamandres. Cette coque exclusive, fabriqu\u00e9e en TPU de haute qualit\u00e9, pr\u00e9sente un design captivant qui \u00e9voque la riche culture de Barcelone, mettant en avant une s\u00e9rie de salamandres multicolores sur un \u00e9l\u00e9gant fond noir. Les tons vifs des salamandres, avec des d\u00e9tails en bleu, vert et rouge, sont compl\u00e9t\u00e9s artistiquement par des \u00e9l\u00e9ments floraux en bleu et rouge, cr\u00e9ant une image dynamique et pleine de vie qui repr\u00e9sente la cr\u00e9ativit\u00e9 unique de la cit\u00e9 comtale. L&rsquo;inscription \u00ab\u00a0Barcelona\u00a0\u00bb est pr\u00e9sent\u00e9e de mani\u00e8re stylis\u00e9e, ajoutant une touche distinctive qui souligne la connexion \u00e9motionnelle avec le lieu.<\/p>\n<p>En plus de son attrait esth\u00e9tique, cette coque offre une protection exceptionnelle pour votre appareil, combinant fonctionnalit\u00e9 et style. Ce souvenir n&rsquo;est pas seulement un excellent moyen de c\u00e9l\u00e9brer la culture barcelonaise, mais c&rsquo;est aussi un souvenir fonctionnel de votre visite dans cette ville embl\u00e9matique. Chez Ol\u00e9 Mosaic, nous distribuons des produits authentiques et repr\u00e9sentatifs de la tradition espagnole, et cette coque est un choix id\u00e9al pour les boutiques de cadeaux touristiques \u00e0 la recherche d&rsquo;articles uniques et culturellement pertinents. Avec cette coque de salamandres, les touristes peuvent emporter avec eux un morceau de Barcelone, ce qui en fait le souvenir parfait pour se rem\u00e9morer leur voyage.<\/p>\n","protected":false},"excerpt":{"rendered":"<p>Coque pour iPhone 14 Pro Max fabriqu\u00e9e en TPU, d\u00e9cor\u00e9e d&rsquo;illustrations vibrantes de salamandres multicolores sur un fond noir. Le design \u00e9voque la riche culture barcelonaise, int\u00e9grant des \u00e9l\u00e9ments floraux bleus et rouges qui rehaussent la vivacit\u00e9 des salamandres. L&rsquo;inscription \u00ab\u00a0Barcelona\u00a0\u00bb appara\u00eet de mani\u00e8re \u00e9l\u00e9gante, ajoutant une touche distinctive et personnelle \u00e0 cette coque qui allie esth\u00e9tique et protection pour votre appareil.<\/p>\n","protected":false},"featured_media":12419,"template":"","meta":{"_acf_changed":false},"product_brand":[],"product_cat":[674],"product_tag":[530],"class_list":{"0":"post-33597","1":"product","2":"type-product","3":"status-publish","4":"has-post-thumbnail","6":"product_cat-etuis-pour-telephones-portables","7":"product_tag-animaux","8":"pa_ciudad-barcelona","9":"pa_motivo-salamandres","10":"pa_pais-espana","12":"first","13":"instock","14":"shipping-taxable","15":"product-type-simple"},"acf":[],"_links":{"self":[{"href":"https:\/\/olemosaic.com\/fr\/wp-json\/wp\/v2\/product\/33597","targetHints":{"allow":["GET"]}}],"collection":[{"href":"https:\/\/olemosaic.com\/fr\/wp-json\/wp\/v2\/product"}],"about":[{"href":"https:\/\/olemosaic.com\/fr\/wp-json\/wp\/v2\/types\/product"}],"wp:featuredmedia":[{"embeddable":true,"href":"https:\/\/olemosaic.com\/fr\/wp-json\/wp\/v2\/media\/12419"}],"wp:attachment":[{"href":"https:\/\/olemosaic.com\/fr\/wp-json\/wp\/v2\/media?parent=33597"}],"wp:term":[{"taxonomy":"product_brand","embeddable":true,"href":"https:\/\/olemosaic.com\/fr\/wp-json\/wp\/v2\/product_brand?post=33597"},{"taxonomy":"product_cat","embeddable":true,"href":"https:\/\/olemosaic.com\/fr\/wp-json\/wp\/v2\/product_cat?post=33597"},{"taxonomy":"product_tag","embeddable":true,"href":"https:\/\/olemosaic.com\/fr\/wp-json\/wp\/v2\/product_tag?post=33597"}],"curies":[{"name":"wp","href":"https:\/\/api.w.org\/{rel}","templated":true}]}}