{"id":33596,"date":"2025-02-20T22:35:26","date_gmt":"2025-02-20T22:35:26","guid":{"rendered":"http:\/\/olemosaic.com\/producto\/funda-de-telefono-para-iphone-14-promax-tpu-panoramica-barcelona-blanco\/"},"modified":"2025-07-25T20:38:06","modified_gmt":"2025-07-25T18:38:06","slug":"coque-de-telephone-pour-iphone-14-pro-max-tpu-panoramique-barcelone-blanc","status":"publish","type":"product","link":"https:\/\/olemosaic.com\/fr\/produit\/coque-de-telephone-pour-iphone-14-pro-max-tpu-panoramique-barcelone-blanc\/","title":{"rendered":"Coque de t\u00e9l\u00e9phone pour iPhone 14 Pro Max (TPU). Panoramique. Barcelone. Blanc"},"content":{"rendered":"<p>Coque pour iPhone 14 Pro Max avec une vue panoramique vibrante de Barcelone, un souvenir id\u00e9al pour emporter l&rsquo;essence de cette ville merveilleuse partout avec vous. Fabriqu\u00e9e en TPU de haute qualit\u00e9, cette coque assure une protection durable et l\u00e9g\u00e8re pour votre appareil, tout en se distinguant par son design color\u00e9 pr\u00e9sentant l&#8217;embl\u00e9matique Sagrada Familia et d&rsquo;autres monuments c\u00e9l\u00e8bres de la ville. L&rsquo;image capture la beaut\u00e9 architecturale de Barcelone \u00e0 travers une mosa\u00efque de formes et de tons jaune, rouge, bleu et vert, qui \u00e9voquent la cr\u00e9ativit\u00e9 de la ville et l&rsquo;\u0153uvre d&rsquo;Antoni Gaud\u00ed.<\/p>\n<p>Sur un fond blanc, les d\u00e9tails artistiques ressortent, permettant \u00e0 chaque nuance de s&rsquo;articuler autour de ce portrait vibrant de la culture catalane. Le texte \u00ab\u00a0Barcelone\u00a0\u00bb s&rsquo;int\u00e8gre avec \u00e9l\u00e9gance, ajoutant une touche distinctive qui renforce son attrait en tant que souvenir. Ce produit n&rsquo;est pas seulement fonctionnel, il offre \u00e9galement un morceau du riche h\u00e9ritage de Barcelone, ce qui en fait un cadeau parfait pour les touristes \u00e0 la recherche de quelque chose d&rsquo;authentique et de repr\u00e9sentatif. Chez Ol\u00e9 Mosaic, en tant que grossistes de souvenirs, nous proposons des articles qui capturent l&rsquo;esprit de l&rsquo;Espagne, cette coque \u00e9tant une excellente option pour les boutiques de cadeaux touristiques souhaitant ravir leurs clients avec un souvenir significatif.<\/p>\n","protected":false},"excerpt":{"rendered":"<p>Coque de t\u00e9l\u00e9phone pour iPhone 14 Pro Max fabriqu\u00e9e en TPU, d\u00e9cor\u00e9e d&rsquo;une vue panoramique vibrante de Barcelone. Ce design color\u00e9 repr\u00e9sente l&#8217;embl\u00e9matique Sagrada Familia et d&rsquo;autres monuments c\u00e9l\u00e8bres de la ville, affichant une mosa\u00efque de formes et de tons jaune, rouge, bleu et vert. La base blanche rehausse les d\u00e9tails artistiques, et le texte \u00ab\u00a0Barcelone\u00a0\u00bb ajoute une touche distinctive. Id\u00e9al pour ceux qui souhaitent emporter un morceau de cette belle ville avec eux.<\/p>\n","protected":false},"featured_media":12394,"template":"","meta":{"_acf_changed":false},"product_brand":[],"product_cat":[674],"product_tag":[],"class_list":{"0":"post-33596","1":"product","2":"type-product","3":"status-publish","4":"has-post-thumbnail","6":"product_cat-etuis-pour-telephones-portables","7":"pa_ciudad-barcelona","8":"pa_motivo-panoramas","9":"pa_pais-espana","11":"first","12":"instock","13":"shipping-taxable","14":"product-type-simple"},"acf":[],"_links":{"self":[{"href":"https:\/\/olemosaic.com\/fr\/wp-json\/wp\/v2\/product\/33596","targetHints":{"allow":["GET"]}}],"collection":[{"href":"https:\/\/olemosaic.com\/fr\/wp-json\/wp\/v2\/product"}],"about":[{"href":"https:\/\/olemosaic.com\/fr\/wp-json\/wp\/v2\/types\/product"}],"wp:featuredmedia":[{"embeddable":true,"href":"https:\/\/olemosaic.com\/fr\/wp-json\/wp\/v2\/media\/12394"}],"wp:attachment":[{"href":"https:\/\/olemosaic.com\/fr\/wp-json\/wp\/v2\/media?parent=33596"}],"wp:term":[{"taxonomy":"product_brand","embeddable":true,"href":"https:\/\/olemosaic.com\/fr\/wp-json\/wp\/v2\/product_brand?post=33596"},{"taxonomy":"product_cat","embeddable":true,"href":"https:\/\/olemosaic.com\/fr\/wp-json\/wp\/v2\/product_cat?post=33596"},{"taxonomy":"product_tag","embeddable":true,"href":"https:\/\/olemosaic.com\/fr\/wp-json\/wp\/v2\/product_tag?post=33596"}],"curies":[{"name":"wp","href":"https:\/\/api.w.org\/{rel}","templated":true}]}}