{"id":33595,"date":"2025-02-20T22:35:25","date_gmt":"2025-02-20T22:35:25","guid":{"rendered":"http:\/\/olemosaic.com\/producto\/funda-de-telefono-para-iphone-14-promax-tpu-gato-barcelona-blanco\/"},"modified":"2025-07-25T20:22:53","modified_gmt":"2025-07-25T18:22:53","slug":"coque-de-telephone-pour-iphone-14-pro-max-tpu-chat-barcelone-blanc","status":"publish","type":"product","link":"https:\/\/olemosaic.com\/fr\/produit\/coque-de-telephone-pour-iphone-14-pro-max-tpu-chat-barcelone-blanc\/","title":{"rendered":"Coque de t\u00e9l\u00e9phone pour iPhone 14 Pro Max (TPU). Chat. Barcelone. Blanc"},"content":{"rendered":"<p>Coque pour iPhone 14 Pro Max avec un design de mosa\u00efque vibrant inspir\u00e9 de l&rsquo;\u0153uvre d&rsquo;art embl\u00e9matique de Barcelone. Fabriqu\u00e9e en TPU de haute qualit\u00e9, cette coque offre une excellente protection contre les chocs et les chutes, tout en permettant un acc\u00e8s facile \u00e0 tous les boutons et ports. Le design capture l&rsquo;essence artistique et culturelle de la ville, pr\u00e9sentant un chat color\u00e9 qui se d\u00e9tache sur un fond blanc, entour\u00e9 de papillons aux tons vifs qui apportent joie et cr\u00e9ativit\u00e9. Le mot \u00ab\u00a0Barcelone\u00a0\u00bb appara\u00eet dans une typographie \u00e9l\u00e9gante, ancrant le design dans la riche histoire artistique de la ville. Ce motif s&rsquo;inspire de la c\u00e9l\u00e8bre \u0153uvre d&rsquo;Antoni Gaud\u00ed, la mosa\u00efque du Park G\u00fcell, qui c\u00e9l\u00e8bre la fusion entre l&rsquo;art et la nature, transformant chaque coque en un petit hommage \u00e0 la culture locale. Ce n&rsquo;est pas seulement un accessoire fonctionnel, mais aussi un souvenir unique et authentique de Barcelone, id\u00e9al pour les touristes \u00e0 la recherche de souvenirs repr\u00e9sentatifs. Chez Ol\u00e9 Mosaic, nous nous sp\u00e9cialisons dans la distribution de produits de qualit\u00e9 en gros, et cette coque est une excellente option pour les boutiques de cadeaux touristiques souhaitant proposer des articles avec une touche distinctive et culturelle.<\/p>\n","protected":false},"excerpt":{"rendered":"<p>Coque pour iPhone 14 Pro Max en TPU, d\u00e9cor\u00e9e d&rsquo;un design vibrant de chat inspir\u00e9 de la c\u00e9l\u00e8bre mosa\u00efque de Barcelone. La coque, sur fond blanc, pr\u00e9sente une mosa\u00efque color\u00e9e repr\u00e9sentant le chat, entour\u00e9 de papillons aux tons vifs. De plus, elle inclut le mot \u00ab\u00a0Barcelone\u00a0\u00bb dans une typographie \u00e9l\u00e9gante, capturant l&rsquo;essence artistique et culturelle de la ville. Id\u00e9ale pour ceux qui recherchent protection et une touche distinctive pour leur mobile.<\/p>\n","protected":false},"featured_media":12391,"template":"","meta":{"_acf_changed":false},"product_brand":[],"product_cat":[674],"product_tag":[530],"class_list":{"0":"post-33595","1":"product","2":"type-product","3":"status-publish","4":"has-post-thumbnail","6":"product_cat-etuis-pour-telephones-portables","7":"product_tag-animaux","8":"pa_ciudad-barcelona","9":"pa_motivo-chats","10":"pa_pais-espana","12":"first","13":"instock","14":"shipping-taxable","15":"product-type-simple"},"acf":[],"_links":{"self":[{"href":"https:\/\/olemosaic.com\/fr\/wp-json\/wp\/v2\/product\/33595","targetHints":{"allow":["GET"]}}],"collection":[{"href":"https:\/\/olemosaic.com\/fr\/wp-json\/wp\/v2\/product"}],"about":[{"href":"https:\/\/olemosaic.com\/fr\/wp-json\/wp\/v2\/types\/product"}],"wp:featuredmedia":[{"embeddable":true,"href":"https:\/\/olemosaic.com\/fr\/wp-json\/wp\/v2\/media\/12391"}],"wp:attachment":[{"href":"https:\/\/olemosaic.com\/fr\/wp-json\/wp\/v2\/media?parent=33595"}],"wp:term":[{"taxonomy":"product_brand","embeddable":true,"href":"https:\/\/olemosaic.com\/fr\/wp-json\/wp\/v2\/product_brand?post=33595"},{"taxonomy":"product_cat","embeddable":true,"href":"https:\/\/olemosaic.com\/fr\/wp-json\/wp\/v2\/product_cat?post=33595"},{"taxonomy":"product_tag","embeddable":true,"href":"https:\/\/olemosaic.com\/fr\/wp-json\/wp\/v2\/product_tag?post=33595"}],"curies":[{"name":"wp","href":"https:\/\/api.w.org\/{rel}","templated":true}]}}