{"id":33576,"date":"2025-02-20T22:35:24","date_gmt":"2025-02-20T22:35:24","guid":{"rendered":"http:\/\/olemosaic.com\/producto\/funda-de-telefono-para-iphone-14-promax-tpu-salamandra-barcelona-blanco\/"},"modified":"2025-07-25T19:03:11","modified_gmt":"2025-07-25T17:03:11","slug":"coque-de-telephone-pour-iphone-14-promax-tpu-salamandre-barcelone-blanc","status":"publish","type":"product","link":"https:\/\/olemosaic.com\/fr\/produit\/coque-de-telephone-pour-iphone-14-promax-tpu-salamandre-barcelone-blanc\/","title":{"rendered":"Coque de t\u00e9l\u00e9phone pour iPhone 14 Pro Max (TPU). Salamandre. Barcelone. Blanc"},"content":{"rendered":"<p>Coque pour iPhone 14 Pro Max avec un design de salamandres et de fleurs inspir\u00e9 de la c\u00e9l\u00e8bre mosa\u00efque de Barcelone. Fabriqu\u00e9e en TPU, cette coque pr\u00e9sente un fond blanc vibrant d\u00e9cor\u00e9 d&rsquo;un motif ing\u00e9nieux de trencad\u00eds, qui \u00e9voque l&rsquo;h\u00e9ritage architectural et artistique de la ville. Les salamandres frappantes, symbole de cr\u00e9ativit\u00e9 et de transformation, s&rsquo;entrelacent avec des fleurs color\u00e9es, ajoutant une touche de vie et de joie \u00e0 la pi\u00e8ce. De plus, le nom \u00ab\u00a0Barcelona\u00a0\u00bb est imprim\u00e9 dans une typographie moderne et stylis\u00e9e, qui compl\u00e8te l&rsquo;attrait visuel du design.<\/p>\n<p>L&rsquo;inspiration du trencad\u00eds, popularis\u00e9 par l&rsquo;architecte Antoni Gaud\u00ed, fait de cette coque un souvenir repr\u00e9sentatif de la riche tradition artistique barcelonaise. Ce n&rsquo;est pas seulement un accessoire fonctionnel qui prot\u00e8ge votre appareil, mais aussi une fa\u00e7on de montrer votre appr\u00e9ciation pour la culture catalane au quotidien. Ce produit d&rsquo;Ol\u00e9 Mosaic est une excellente option pour les touristes et les amoureux de la ville \u00e0 la recherche de souvenirs authentiques et de qualit\u00e9. En tant que grossistes de coques de t\u00e9l\u00e9phone, nous garantissons que ce design sera un succ\u00e8s dans les boutiques de cadeaux touristiques, offrant aux clients une pi\u00e8ce unique qui c\u00e9l\u00e8bre l&rsquo;essence de Barcelone.<\/p>\n","protected":false},"excerpt":{"rendered":"<p>Coque de t\u00e9l\u00e9phone pour iPhone 14 Pro Max en TPU avec un design vibrant de salamandres et de fleurs, inspir\u00e9 de la c\u00e9l\u00e8bre mosa\u00efque de Barcelone. Cette coque blanche pr\u00e9sente un fond avec un motif de trencad\u00eds, orn\u00e9 de salamandres color\u00e9es symbolisant la cr\u00e9ativit\u00e9 de la ville. Le nom \u00ab\u00a0Barcelona\u00a0\u00bb est imprim\u00e9 dans une typographie moderne, ajoutant une touche contemporaine. Id\u00e9al pour ceux qui cherchent \u00e0 prot\u00e9ger leur appareil tout en affichant leur amour pour la culture catalane.<\/p>\n","protected":false},"featured_media":12390,"template":"","meta":{"_acf_changed":false},"product_brand":[],"product_cat":[674],"product_tag":[530],"class_list":{"0":"post-33576","1":"product","2":"type-product","3":"status-publish","4":"has-post-thumbnail","6":"product_cat-etuis-pour-telephones-portables","7":"product_tag-animaux","8":"pa_ciudad-barcelona","9":"pa_motivo-salamandres","10":"pa_pais-espana","12":"first","13":"instock","14":"shipping-taxable","15":"product-type-simple"},"acf":[],"_links":{"self":[{"href":"https:\/\/olemosaic.com\/fr\/wp-json\/wp\/v2\/product\/33576","targetHints":{"allow":["GET"]}}],"collection":[{"href":"https:\/\/olemosaic.com\/fr\/wp-json\/wp\/v2\/product"}],"about":[{"href":"https:\/\/olemosaic.com\/fr\/wp-json\/wp\/v2\/types\/product"}],"wp:featuredmedia":[{"embeddable":true,"href":"https:\/\/olemosaic.com\/fr\/wp-json\/wp\/v2\/media\/12390"}],"wp:attachment":[{"href":"https:\/\/olemosaic.com\/fr\/wp-json\/wp\/v2\/media?parent=33576"}],"wp:term":[{"taxonomy":"product_brand","embeddable":true,"href":"https:\/\/olemosaic.com\/fr\/wp-json\/wp\/v2\/product_brand?post=33576"},{"taxonomy":"product_cat","embeddable":true,"href":"https:\/\/olemosaic.com\/fr\/wp-json\/wp\/v2\/product_cat?post=33576"},{"taxonomy":"product_tag","embeddable":true,"href":"https:\/\/olemosaic.com\/fr\/wp-json\/wp\/v2\/product_tag?post=33576"}],"curies":[{"name":"wp","href":"https:\/\/api.w.org\/{rel}","templated":true}]}}