{"id":33574,"date":"2025-02-20T22:35:24","date_gmt":"2025-02-20T22:35:24","guid":{"rendered":"http:\/\/olemosaic.com\/producto\/funda-de-telefono-para-iphone-14-promax-tpu-abstracto-azul\/"},"modified":"2025-07-25T20:12:00","modified_gmt":"2025-07-25T18:12:00","slug":"coque-de-telephone-pour-iphone-14-promax-tpu-abstrait-bleu","status":"publish","type":"product","link":"https:\/\/olemosaic.com\/fr\/produit\/coque-de-telephone-pour-iphone-14-promax-tpu-abstrait-bleu\/","title":{"rendered":"Coque de t\u00e9l\u00e9phone pour iPhone 14 Pro Max (TPU). Abstrait. Bleu"},"content":{"rendered":"<p>Coque pour iPhone 14 Pro Max avec un design abstrait dans des tons vibrants \u00e9voquant l&rsquo;essence de Majorque. Cette coque en TPU, d\u00e9cor\u00e9e d&rsquo;un motif de vagues dans une explosion de couleurs telles que le bleu, le rouge, le jaune et le rose, offre une esth\u00e9tique moderne et frappante. Elle ne prot\u00e8ge pas seulement votre appareil, elle le transforme en une pi\u00e8ce d&rsquo;art portable. Le mot \u00ab\u00a0Mallorca\u00a0\u00bb se d\u00e9tache en lettres blanches, ajoutant une touche distinctive qui \u00e9voque la joie et la beaut\u00e9 de cette c\u00e9l\u00e8bre \u00eele m\u00e9diterran\u00e9enne, connue pour ses paysages \u00e9blouissants et son ambiance estivale.<\/p>\n<p>Cette coque, en plus d&rsquo;\u00eatre fonctionnelle et de prot\u00e9ger contre les chocs et les chutes, est un souvenir attrayant de Majorque qui capture l&rsquo;esprit de l&rsquo;\u00e9t\u00e9 \u00e0 chaque regard. C&rsquo;est un choix parfait pour les touristes et les voyageurs qui souhaitent emporter un morceau de l&rsquo;\u00eele, symbolisant le lien culturel avec un lieu charg\u00e9 d&rsquo;histoire et de beaut\u00e9 naturelle. Chez Ol\u00e9 Mosaic, nous sommes fiers de proposer des accessoires de haute qualit\u00e9 qui refl\u00e8tent l&rsquo;authenticit\u00e9 et le caract\u00e8re unique des r\u00e9gions espagnoles. Cette coque est un excellent choix pour les boutiques de cadeaux touristiques souhaitant offrir des souvenirs contemporains et attrayants de Majorque. Obtenir des coques de t\u00e9l\u00e9phone en gros n&rsquo;a jamais \u00e9t\u00e9 aussi facile.<\/p>\n","protected":false},"excerpt":{"rendered":"<p>Coque de t\u00e9l\u00e9phone pour iPhone 14 Pro Max en TPU avec un design abstrait dans des tons bleus vibrants. Cette protection color\u00e9e pr\u00e9sente un motif moderne de vagues combinant le rouge, le jaune et le rose, offrant une esth\u00e9tique frappante et contemporaine. Le mot \u00ab\u00a0Mallorca\u00a0\u00bb se d\u00e9tache en lettres blanches, ajoutant une touche distinctive qui \u00e9voque la beaut\u00e9 et l&rsquo;ambiance estivale de cette \u00eele espagnole embl\u00e9matique. Id\u00e9al pour ceux qui recherchent un accessoire fonctionnel et artistiquement attrayant.<\/p>\n","protected":false},"featured_media":12971,"template":"","meta":{"_acf_changed":false},"product_brand":[],"product_cat":[674],"product_tag":[],"class_list":{"0":"post-33574","1":"product","2":"type-product","3":"status-publish","4":"has-post-thumbnail","6":"product_cat-etuis-pour-telephones-portables","7":"pa_ciudad-mallorca","8":"pa_motivo-resume","9":"pa_pais-espana","11":"first","12":"instock","13":"shipping-taxable","14":"product-type-simple"},"acf":[],"_links":{"self":[{"href":"https:\/\/olemosaic.com\/fr\/wp-json\/wp\/v2\/product\/33574","targetHints":{"allow":["GET"]}}],"collection":[{"href":"https:\/\/olemosaic.com\/fr\/wp-json\/wp\/v2\/product"}],"about":[{"href":"https:\/\/olemosaic.com\/fr\/wp-json\/wp\/v2\/types\/product"}],"wp:featuredmedia":[{"embeddable":true,"href":"https:\/\/olemosaic.com\/fr\/wp-json\/wp\/v2\/media\/12971"}],"wp:attachment":[{"href":"https:\/\/olemosaic.com\/fr\/wp-json\/wp\/v2\/media?parent=33574"}],"wp:term":[{"taxonomy":"product_brand","embeddable":true,"href":"https:\/\/olemosaic.com\/fr\/wp-json\/wp\/v2\/product_brand?post=33574"},{"taxonomy":"product_cat","embeddable":true,"href":"https:\/\/olemosaic.com\/fr\/wp-json\/wp\/v2\/product_cat?post=33574"},{"taxonomy":"product_tag","embeddable":true,"href":"https:\/\/olemosaic.com\/fr\/wp-json\/wp\/v2\/product_tag?post=33574"}],"curies":[{"name":"wp","href":"https:\/\/api.w.org\/{rel}","templated":true}]}}