{"id":33572,"date":"2025-02-20T22:35:24","date_gmt":"2025-02-20T22:35:24","guid":{"rendered":"http:\/\/olemosaic.com\/producto\/funda-de-telefono-para-iphone-14-pro-tpu-salamandra-barcelona-blanco\/"},"modified":"2025-07-25T19:50:41","modified_gmt":"2025-07-25T17:50:41","slug":"coque-de-telephone-pour-iphone-14-pro-tpu-salamandre-barcelone-blanc","status":"publish","type":"product","link":"https:\/\/olemosaic.com\/fr\/produit\/coque-de-telephone-pour-iphone-14-pro-tpu-salamandre-barcelone-blanc\/","title":{"rendered":"Coque de t\u00e9l\u00e9phone pour iPhone 14 Pro (TPU). Salamandre. Barcelone. Blanc"},"content":{"rendered":"<p>Coque pour iPhone 14 Pro inspir\u00e9e des mosa\u00efques vibrantes de Barcelone, cette coque en TPU combine protection et style de mani\u00e8re exceptionnelle. D\u00e9cor\u00e9e d&rsquo;illustrations color\u00e9es de salamandres et de fleurs, chaque d\u00e9tail souligne l&rsquo;authenticit\u00e9 et la cr\u00e9ativit\u00e9 caract\u00e9ristiques de la ville. Le fond blanc offre un contraste parfait, permettant aux tons intenses de bleu, vert, rouge et jaune de capter l&rsquo;attention et d&rsquo;apporter une touche de joie. Le mot \u00ab\u00a0Barcelona\u00a0\u00bb est pr\u00e9sent\u00e9 dans une typographie moderne qui renforce le lien avec la ville, rappelant constamment son art et sa culture uniques.<\/p>\n<p>Cette coque est plus qu&rsquo;un simple accessoire ; c&rsquo;est un symbole de la riche tradition artistique de Barcelone, o\u00f9 le modernisme et la couleur s&rsquo;entrelacent dans des \u0153uvres embl\u00e9matiques comme celles d&rsquo;Antoni Gaud\u00ed. Id\u00e9al pour les touristes \u00e0 la recherche d&rsquo;un souvenir repr\u00e9sentatif, ce produit se distingue par son authenticit\u00e9 et sa pertinence culturelle. Chez Ol\u00e9 Mosaic, en tant que grossistes de coques de t\u00e9l\u00e9phone, nous proposons des souvenirs de qualit\u00e9 qui permettent aux visiteurs de ramener un morceau de Barcelone chez eux. Une excellente option pour ceux qui appr\u00e9cient l&rsquo;art et la distinction dans leurs accessoires technologiques.<\/p>\n","protected":false},"excerpt":{"rendered":"<p>Coque pour iPhone 14 Pro fabriqu\u00e9e en TPU, d\u00e9cor\u00e9e d&rsquo;illustrations color\u00e9es de salamandres et de fleurs. Ce design vibrant, inspir\u00e9 des mosa\u00efques de Barcelone, pr\u00e9sente un fond blanc qui rehausse les d\u00e9tails dans les tons bleu, vert, rouge et jaune. Le mot \u00ab\u00a0Barcelona\u00a0\u00bb appara\u00eet avec une typographie frappante, ajoutant une touche de modernit\u00e9 \u00e0 ce produit essentiel qui allie protection et style. Id\u00e9al pour ceux qui aiment la cr\u00e9ativit\u00e9 et l&rsquo;art de la cit\u00e9 comtale.<\/p>\n","protected":false},"featured_media":12370,"template":"","meta":{"_acf_changed":false},"product_brand":[],"product_cat":[674],"product_tag":[530],"class_list":{"0":"post-33572","1":"product","2":"type-product","3":"status-publish","4":"has-post-thumbnail","6":"product_cat-etuis-pour-telephones-portables","7":"product_tag-animaux","8":"pa_ciudad-barcelona","9":"pa_motivo-salamandres","10":"pa_pais-espana","12":"first","13":"instock","14":"shipping-taxable","15":"product-type-simple"},"acf":[],"_links":{"self":[{"href":"https:\/\/olemosaic.com\/fr\/wp-json\/wp\/v2\/product\/33572","targetHints":{"allow":["GET"]}}],"collection":[{"href":"https:\/\/olemosaic.com\/fr\/wp-json\/wp\/v2\/product"}],"about":[{"href":"https:\/\/olemosaic.com\/fr\/wp-json\/wp\/v2\/types\/product"}],"wp:featuredmedia":[{"embeddable":true,"href":"https:\/\/olemosaic.com\/fr\/wp-json\/wp\/v2\/media\/12370"}],"wp:attachment":[{"href":"https:\/\/olemosaic.com\/fr\/wp-json\/wp\/v2\/media?parent=33572"}],"wp:term":[{"taxonomy":"product_brand","embeddable":true,"href":"https:\/\/olemosaic.com\/fr\/wp-json\/wp\/v2\/product_brand?post=33572"},{"taxonomy":"product_cat","embeddable":true,"href":"https:\/\/olemosaic.com\/fr\/wp-json\/wp\/v2\/product_cat?post=33572"},{"taxonomy":"product_tag","embeddable":true,"href":"https:\/\/olemosaic.com\/fr\/wp-json\/wp\/v2\/product_tag?post=33572"}],"curies":[{"name":"wp","href":"https:\/\/api.w.org\/{rel}","templated":true}]}}