{"id":33546,"date":"2025-02-20T22:35:24","date_gmt":"2025-02-20T22:35:24","guid":{"rendered":"http:\/\/olemosaic.com\/producto\/funda-de-telefono-para-iphone-14-pro-tpu-gato-barcelona-blanco\/"},"modified":"2025-07-25T19:32:38","modified_gmt":"2025-07-25T17:32:38","slug":"coque-de-telephone-pour-iphone-14-pro-tpu-chat-barcelone-blanc","status":"publish","type":"product","link":"https:\/\/olemosaic.com\/fr\/produit\/coque-de-telephone-pour-iphone-14-pro-tpu-chat-barcelone-blanc\/","title":{"rendered":"Coque de t\u00e9l\u00e9phone pour iPhone 14 Pro (TPU). Chat. Barcelone. Blanc"},"content":{"rendered":"<p>Coque pour iPhone 14 Pro inspir\u00e9e par l&rsquo;art vibrant de Barcelone. Fabriqu\u00e9e en TPU de haute qualit\u00e9, cette coque offre une protection sans renoncer au style. Le design pr\u00e9sente un chat color\u00e9 dans des tons bleus, verts et rouges, une repr\u00e9sentation artistique qui rend hommage au \u00ab\u00a0trencad\u00eds\u00a0\u00bb, la technique de mosa\u00efque caract\u00e9ristique de la ville. Le fond blanc, volontairement fragment\u00e9, fait ressortir la figure centrale du chat, entour\u00e9e de d\u00e9licats papillons, cr\u00e9ant une harmonie visuelle captivante. Le mot \u00ab\u00a0Barcelona\u00a0\u00bb appara\u00eet dans une typographie \u00e9l\u00e9gante qui compl\u00e8te le design, faisant de cette coque un souvenir parfait de la capitale catalane.<\/p>\n<p>Cette coque ne prot\u00e8ge pas seulement le t\u00e9l\u00e9phone, elle agit \u00e9galement comme un signe distinctif culturel, permettant aux touristes d&#8217;emporter avec eux un morceau de la cr\u00e9ativit\u00e9 et de l&rsquo;art de Barcelone. Son authenticit\u00e9 et son attrait visuel en font un souvenir unique qui souligne la connexion \u00e9motionnelle avec la ville. Id\u00e9ale pour les boutiques de cadeaux touristiques, cette coque est un choix exceptionnel pour ceux qui recherchent des souvenirs de qualit\u00e9 refl\u00e9tant l&rsquo;esprit artistique de Barcelone. Chez Ol\u00e9 Mosaic, nous sommes des distributeurs d&rsquo;accessoires originaux en gros, proposant des produits qui symbolisent la richesse culturelle du lieu, parfaits pour ceux qui recherchent un cadeau significatif et authentique.<\/p>\n","protected":false},"excerpt":{"rendered":"<p>Coque pour iPhone 14 Pro fabriqu\u00e9e en TPU, inspir\u00e9e par l&rsquo;art barcelonais. Elle pr\u00e9sente un design color\u00e9 d&rsquo;un chat sur une mosa\u00efque vibrante dans des tons bleus, verts et rouges, entour\u00e9 de papillons. Le fond blanc, de style \u00ab\u00a0trencad\u00eds\u00a0\u00bb, rehausse la figure centrale, tandis que le mot \u00ab\u00a0Barcelona\u00a0\u00bb s&rsquo;affiche avec une typographie \u00e9l\u00e9gante. Id\u00e9ale pour ceux qui recherchent protection et une touche artistique pour leur mobile.<\/p>\n","protected":false},"featured_media":12371,"template":"","meta":{"_acf_changed":false},"product_brand":[],"product_cat":[674],"product_tag":[530],"class_list":{"0":"post-33546","1":"product","2":"type-product","3":"status-publish","4":"has-post-thumbnail","6":"product_cat-etuis-pour-telephones-portables","7":"product_tag-animaux","8":"pa_ciudad-barcelona","9":"pa_motivo-chats","10":"pa_pais-espana","12":"first","13":"instock","14":"shipping-taxable","15":"product-type-simple"},"acf":[],"_links":{"self":[{"href":"https:\/\/olemosaic.com\/fr\/wp-json\/wp\/v2\/product\/33546","targetHints":{"allow":["GET"]}}],"collection":[{"href":"https:\/\/olemosaic.com\/fr\/wp-json\/wp\/v2\/product"}],"about":[{"href":"https:\/\/olemosaic.com\/fr\/wp-json\/wp\/v2\/types\/product"}],"wp:featuredmedia":[{"embeddable":true,"href":"https:\/\/olemosaic.com\/fr\/wp-json\/wp\/v2\/media\/12371"}],"wp:attachment":[{"href":"https:\/\/olemosaic.com\/fr\/wp-json\/wp\/v2\/media?parent=33546"}],"wp:term":[{"taxonomy":"product_brand","embeddable":true,"href":"https:\/\/olemosaic.com\/fr\/wp-json\/wp\/v2\/product_brand?post=33546"},{"taxonomy":"product_cat","embeddable":true,"href":"https:\/\/olemosaic.com\/fr\/wp-json\/wp\/v2\/product_cat?post=33546"},{"taxonomy":"product_tag","embeddable":true,"href":"https:\/\/olemosaic.com\/fr\/wp-json\/wp\/v2\/product_tag?post=33546"}],"curies":[{"name":"wp","href":"https:\/\/api.w.org\/{rel}","templated":true}]}}