{"id":33545,"date":"2025-02-20T23:35:23","date_gmt":"2025-02-20T22:35:23","guid":{"rendered":"http:\/\/olemosaic.com\/producto\/funda-de-telefono-para-iphone-14-pro-tpu-motivos-marinos-azul-2\/"},"modified":"2025-07-25T19:40:26","modified_gmt":"2025-07-25T17:40:26","slug":"coque-de-telephone-pour-iphone-14-pro-tpu-motifs-marins-bleu-2","status":"publish","type":"product","link":"https:\/\/olemosaic.com\/fr\/produit\/coque-de-telephone-pour-iphone-14-pro-tpu-motifs-marins-bleu-2\/","title":{"rendered":"Coque de t\u00e9l\u00e9phone pour iPhone 14 Pro (TPU). Motifs marins. Poissons et tortues. Bleu"},"content":{"rendered":"<p>Coque pour iPhone 14 Pro avec des motifs marins vibrants. Cette coque exclusive, fabriqu\u00e9e en TPU, un mat\u00e9riau r\u00e9sistant et flexible, offre une excellente protection pour votre appareil. Le design pr\u00e9sente une illustration color\u00e9e d&rsquo;un monde sous-marin plein de vie, o\u00f9 des poissons tropicaux et des tortues nagent parmi les coraux et les algues, le tout sur un fond bleu profond qui \u00e9voque l&rsquo;immensit\u00e9 de l&rsquo;oc\u00e9an. La technique de mosa\u00efque employ\u00e9e souligne les tons intenses et vari\u00e9s de cet \u00e9cosyst\u00e8me marin, cr\u00e9ant un attrait visuel captivant qui saisit la richesse et la diversit\u00e9 de la vie sous-marine.<\/p>\n<p>Ce souvenir n&rsquo;est pas seulement un accessoire fonctionnel, mais aussi un voyage dans le monde marin, id\u00e9al pour ceux qui ressentent une connexion sp\u00e9ciale avec l&rsquo;oc\u00e9an et sa beaut\u00e9. La coque allie artisanat et originalit\u00e9, devenant un souvenir parfait pour les touristes qui cherchent \u00e0 ramener chez eux quelque chose d&rsquo;authentique de leur exp\u00e9rience. Chez Ol\u00e9 Mosaic, en tant que grossiste d&rsquo;accessoires de voyage, nous garantissons des produits de qualit\u00e9 qui c\u00e9l\u00e8brent l&rsquo;h\u00e9ritage culturel de la vie marine, ce qui fait de cette coque une excellente option pour les boutiques de cadeaux touristiques souhaitant proposer des articles uniques et attrayants.<\/p>\n","protected":false},"excerpt":{"rendered":"<p>Coque pour iPhone 14 Pro fabriqu\u00e9e en TPU, orn\u00e9e de motifs marins vibrants. Elle pr\u00e9sente une illustration color\u00e9e d&rsquo;un monde sous-marin plein de vie, avec des poissons et des tortues nageant parmi les coraux et les algues sur un fond bleu qui \u00e9voque les eaux de l&rsquo;oc\u00e9an. Son design se distingue par sa technique de mosa\u00efque, combinant des tons intenses dans un attrait visuel qui repr\u00e9sente la richesse de la vie marine, parfaite pour les amoureux de la mer et de la nature.<\/p>\n","protected":false},"featured_media":12378,"template":"","meta":{"_acf_changed":false},"product_brand":[],"product_cat":[674],"product_tag":[530],"class_list":{"0":"post-33545","1":"product","2":"type-product","3":"status-publish","4":"has-post-thumbnail","6":"product_cat-etuis-pour-telephones-portables","7":"product_tag-animaux","8":"pa_motivo-animaux-marins","10":"first","11":"instock","12":"shipping-taxable","13":"product-type-simple"},"acf":[],"_links":{"self":[{"href":"https:\/\/olemosaic.com\/fr\/wp-json\/wp\/v2\/product\/33545","targetHints":{"allow":["GET"]}}],"collection":[{"href":"https:\/\/olemosaic.com\/fr\/wp-json\/wp\/v2\/product"}],"about":[{"href":"https:\/\/olemosaic.com\/fr\/wp-json\/wp\/v2\/types\/product"}],"wp:featuredmedia":[{"embeddable":true,"href":"https:\/\/olemosaic.com\/fr\/wp-json\/wp\/v2\/media\/12378"}],"wp:attachment":[{"href":"https:\/\/olemosaic.com\/fr\/wp-json\/wp\/v2\/media?parent=33545"}],"wp:term":[{"taxonomy":"product_brand","embeddable":true,"href":"https:\/\/olemosaic.com\/fr\/wp-json\/wp\/v2\/product_brand?post=33545"},{"taxonomy":"product_cat","embeddable":true,"href":"https:\/\/olemosaic.com\/fr\/wp-json\/wp\/v2\/product_cat?post=33545"},{"taxonomy":"product_tag","embeddable":true,"href":"https:\/\/olemosaic.com\/fr\/wp-json\/wp\/v2\/product_tag?post=33545"}],"curies":[{"name":"wp","href":"https:\/\/api.w.org\/{rel}","templated":true}]}}